{"id":4712,"date":"2025-12-15T09:56:24","date_gmt":"2025-12-15T08:56:24","guid":{"rendered":"https:\/\/rochelets.plune.fr\/markten\/"},"modified":"2026-02-16T17:28:18","modified_gmt":"2026-02-16T16:28:18","slug":"markten","status":"publish","type":"page","link":"https:\/\/www.rochelets.com\/nl\/markten\/","title":{"rendered":"Markten"},"content":{"rendered":"\n<div class=\"wp-block-cover alignfull hrz-hero\" style=\"margin-top:0;margin-bottom:0;padding-top:0;padding-right:0;padding-bottom:0;padding-left:0\"><img alt=\"\" decoding=\"async\" class=\"wp-block-cover__image-background wp-image-170 size-full\" alt=\"\" src=\"https:\/\/www.rochelets.com\/wp-content\/uploads\/2025\/12\/wave-white-short.svg\" style=\"object-position:50% 0%\" data-object-fit=\"cover\" data-object-position=\"50% 0%\"\/><span aria-hidden=\"true\" class=\"wp-block-cover__background has-transparent-background-color has-background-dim-100 has-background-dim\"><\/span><div class=\"wp-block-cover__inner-container is-layout-flow wp-container-core-cover-is-layout-2a668712 wp-block-cover-is-layout-flow\">\n<div class=\"wp-block-cover\" style=\"padding-top:35vh;padding-right:var(--wp--preset--spacing--xs);padding-bottom:35vh;padding-left:var(--wp--preset--spacing--xs)\"><img alt=\"\" decoding=\"async\" width=\"1024\" height=\"683\" class=\"wp-block-cover__image-background wp-image-895 size-large\" alt=\"\" src=\"https:\/\/www.rochelets.com\/wp-content\/uploads\/2026\/01\/marches01-1024x683.webp\" style=\"object-position:49% 87%\" data-object-fit=\"cover\" data-object-position=\"49% 87%\" srcset=\"https:\/\/www.rochelets.com\/wp-content\/uploads\/2026\/01\/marches01-1024x683.webp 1024w, https:\/\/www.rochelets.com\/wp-content\/uploads\/2026\/01\/marches01-300x200.webp 300w, https:\/\/www.rochelets.com\/wp-content\/uploads\/2026\/01\/marches01-768x512.webp 768w, https:\/\/www.rochelets.com\/wp-content\/uploads\/2026\/01\/marches01-1440x960.webp 1440w, https:\/\/www.rochelets.com\/wp-content\/uploads\/2026\/01\/marches01-1080x720.webp 1080w, https:\/\/www.rochelets.com\/wp-content\/uploads\/2026\/01\/marches01-720x480.webp 720w, https:\/\/www.rochelets.com\/wp-content\/uploads\/2026\/01\/marches01-480x320.webp 480w, https:\/\/www.rochelets.com\/wp-content\/uploads\/2026\/01\/marches01-240x160.webp 240w, https:\/\/www.rochelets.com\/wp-content\/uploads\/2026\/01\/marches01-120x80.webp 120w\" sizes=\"(max-width: 1024px) 100vw, 1024px\" \/><span aria-hidden=\"true\" class=\"wp-block-cover__background has-background-dim-40 has-background-dim wp-block-cover__gradient-background has-background-gradient\" style=\"background:linear-gradient(0deg,rgba(255,255,255,0) 0%,rgb(0,0,0) 100%)\"><\/span><div class=\"wp-block-cover__inner-container is-layout-flow wp-block-cover-is-layout-flow\">\n<div class=\"wp-block-group has-global-padding is-layout-constrained wp-block-group-is-layout-constrained\" style=\"padding-bottom:var(--wp--preset--spacing--xl)\">\n<p class=\"has-text-align-center is-style-top-title has-background-color has-text-color has-link-color has-secondary-font-family has-l-font-size wp-elements-10949e9c652220ed1ce92a8be5d903fd\">Markten in de buurt van Saint-Br\u00e9vin<\/p>\n<\/div>\n<\/div><\/div>\n<\/div><\/div>\n<div style=\"padding-left:var(--wp--preset--spacing--s);padding-top:var(--wp--preset--spacing--s);padding-bottom:var(--wp--preset--spacing--s);margin-top:-5px;\" class=\"alignfull wp-elements-8f51c863825ae36974923736c1beb9cd wp-block-wpseopress-breadcrumbs has-text-color has-secondary-color has-background has-background-background-color\"><nav  aria-label=\"kruimelpad\"><ol class=\"breadcrumb\" itemscope itemtype=\"https:\/\/schema.org\/BreadcrumbList\"><li class=\"breadcrumb-item active\" aria-current=\"page\" itemprop=\"itemListElement\" itemscope itemtype=\"https:\/\/schema.org\/ListItem\"><span itemprop=\"name\">Camping in Saint-Brevin-les-Pins<\/span><meta itemprop=\"position\" content=\"1\"><\/li><\/ol><\/nav><\/div>\n<div style=\"height:200px\" aria-hidden=\"true\" class=\"wp-block-spacer\"><\/div>\n\n<div class=\"wp-block-group alignfull has-global-padding is-layout-constrained wp-container-core-group-is-layout-838c3748 wp-block-group-is-layout-constrained\" style=\"padding-right:var(--wp--preset--spacing--xs);padding-left:var(--wp--preset--spacing--xs)\">\n<div class=\"wp-block-columns alignwide fade is-layout-flex wp-container-core-columns-is-layout-e0b60340 wp-block-columns-is-layout-flex\">\n<div class=\"wp-block-column is-layout-flow wp-block-column-is-layout-flow\" style=\"flex-basis:43%\">\n<div class=\"wp-block-horizon-blocks-image-bubble position-bottom-left\">\n<div class=\"wp-block-group block-image-bubble is-layout-flow wp-block-group-is-layout-flow\">\n<figure class=\"wp-block-image size-1\/1_600x600_desktop block-image-bubble__image\"><a href=\"https:\/\/www.rochelets.com\/wp-content\/uploads\/2026\/01\/marches02-scaled.webp\" rel=\"block-1\"><img alt=\"March\u00e9 en plein air avec l\u00e9gumes et clients.\" decoding=\"async\" width=\"600\" height=\"600\" src=\"https:\/\/www.rochelets.com\/wp-content\/uploads\/2026\/01\/marches02-600x600.webp\" alt=\"\" class=\"wp-image-896\" srcset=\"https:\/\/www.rochelets.com\/wp-content\/uploads\/2026\/01\/marches02-600x600.webp 600w, https:\/\/www.rochelets.com\/wp-content\/uploads\/2026\/01\/marches02-150x150.webp 150w, https:\/\/www.rochelets.com\/wp-content\/uploads\/2026\/01\/marches02-207x207.webp 207w, https:\/\/www.rochelets.com\/wp-content\/uploads\/2026\/01\/marches02-350x350.webp 350w, https:\/\/www.rochelets.com\/wp-content\/uploads\/2026\/01\/marches02-100x100.webp 100w, https:\/\/www.rochelets.com\/wp-content\/uploads\/2026\/01\/marches02-1000x1000.webp 1000w, https:\/\/www.rochelets.com\/wp-content\/uploads\/2026\/01\/marches02-400x400.webp 400w, https:\/\/www.rochelets.com\/wp-content\/uploads\/2026\/01\/marches02-200x200.webp 200w\" sizes=\"(max-width: 600px) 100vw, 600px\" \/><\/a><\/figure>\n\n\n\n<div class=\"wp-block-group block-image-bubble__bubble has-global-padding is-layout-constrained wp-block-group-is-layout-constrained\">\n<figure class=\"wp-block-image size-bubble block-image-bubble__bubble-image\"><a href=\"https:\/\/www.rochelets.com\/wp-content\/uploads\/2026\/01\/marches04-scaled.webp\" rel=\"block-1\"><img alt=\"March\u00e9 avec tomates et ail en Provence.\" decoding=\"async\" width=\"207\" height=\"207\" src=\"https:\/\/www.rochelets.com\/wp-content\/uploads\/2026\/01\/marches04-207x207.webp\" alt=\"\" class=\"wp-image-898\" srcset=\"https:\/\/www.rochelets.com\/wp-content\/uploads\/2026\/01\/marches04-207x207.webp 207w, https:\/\/www.rochelets.com\/wp-content\/uploads\/2026\/01\/marches04-150x150.webp 150w, https:\/\/www.rochelets.com\/wp-content\/uploads\/2026\/01\/marches04-350x350.webp 350w, https:\/\/www.rochelets.com\/wp-content\/uploads\/2026\/01\/marches04-100x100.webp 100w, https:\/\/www.rochelets.com\/wp-content\/uploads\/2026\/01\/marches04-1000x1000.webp 1000w, https:\/\/www.rochelets.com\/wp-content\/uploads\/2026\/01\/marches04-600x600.webp 600w, https:\/\/www.rochelets.com\/wp-content\/uploads\/2026\/01\/marches04-400x400.webp 400w, https:\/\/www.rochelets.com\/wp-content\/uploads\/2026\/01\/marches04-200x200.webp 200w\" sizes=\"(max-width: 207px) 100vw, 207px\" \/><\/a><\/figure>\n<\/div>\n<\/div>\n<\/div>\n<\/div>\n\n\n\n<div class=\"wp-block-column is-vertically-aligned-bottom is-layout-flow wp-block-column-is-layout-flow\" style=\"flex-basis:55%\">\n<div class=\"wp-block-group has-global-padding is-layout-constrained wp-container-core-group-is-layout-9c8dac04 wp-block-group-is-layout-constrained\">\n<div class=\"wp-block-group has-global-padding is-layout-constrained wp-container-core-group-is-layout-38e7494a wp-block-group-is-layout-constrained\">\n<p class=\"is-style-headline is-style-headline--1\">Saint-Nazaire, Saint-Michel-Chef-Chef, Pr\u00e9failles<\/p>\n\n\n\n<h1 class=\"wp-block-heading has-text-align-left is-style-title-below is-style-title-below--2\">Niet te missen markten in Saint-Brevin-les-Pins deze zomer<\/h1>\n<\/div>\n\n\n\n<div class=\"wp-block-group has-global-padding is-layout-constrained wp-block-group-is-layout-constrained\">\n<p>Wat een genot om over de markten te slenteren als je op vakantie bent! Saint-Nazaire, Saint-Michel-Chef-Chef, Pr\u00e9failles&#8230; Dit is een overzicht van de markten in het Pays de Retz en aan de C\u00f4te de Jade, die u kunt bezoeken vanaf onze <strong><a href=\"https:\/\/www.rochelets.com\/nl\/\" data-type=\"page\" data-id=\"4\">camping in Saint-Brevin-les-Pins<\/a><\/strong>. <\/p>\n\n\n\n<p class=\"has-s-font-size\"><strong>Saint Br\u00e9vin markt<\/strong><\/p>\n\n\n\n<p>Op slechts 15 km van Saint-Nazaire vind je in Saint-Brevin-les-Pins <a href=\"https:\/\/www.rochelets.com\/un-marche-par-jour-en-ete-a-saint-brevin-et-ses-alentours\">een van de grootste markten van het Pays de Retz<\/a>. Twee keer per week nemen producenten, handelaren en marskramers de mooie Place Henri Basl\u00e9 over. De kraampjes staan vol met levensmiddelen, lokale producten, zeevruchten en kant-en-klaarmaaltijden. Er is ook een ruim aanbod aan manufacturen (kleding, schoenen, tassen, bazaar, enz.).   <br\/><strong>Waar winkelen in Saint Br\u00e9vin?<\/strong>  Place Henri Basl\u00e9 (quartier des Pins): donderdag- en zondagochtend - Avenue du Pr\u00e9sident Roosevelt: zaterdagochtend - Place de l&#8217;Hermitage: woensdagochtend (alleen in de zomer).<\/p>\n\n\n\n<p class=\"has-s-font-size\"><strong>De centrale overdekte markt in Saint Nazaire<\/strong><\/p>\n\n\n\n<p>De centrale markthal is de thuisbasis van de grootste markt in Saint-Nazaire, met meer dan honderd handelaren in en rond de hal. De geuren zijn net zo gevarieerd als de kleuren. Je vindt er een breed scala aan verse, seizoensgebonden kwaliteitsproducten van de boerderij. Het gebouw, ingewijd in 1958, maakt de plek nog aangenamer.   <br\/><strong>Wanneer?<\/strong>  Dinsdag-, vrijdag-, zaterdag- en zondagochtend. Waar? Place du Commerce, 44600 Saint-Nazaire.<\/p>\n<\/div>\n<\/div>\n<\/div>\n<\/div>\n<\/div>\n\n<div style=\"height:280px\" aria-hidden=\"true\" class=\"wp-block-spacer\"><\/div>\n\n<div class=\"wp-block-group alignfull pin-scope-fade is-layout-flow wp-block-group-is-layout-flow\" style=\"margin-bottom:-5px\">\n<div class=\"wp-block-group alignfull content-anim has-background has-global-padding is-layout-constrained wp-container-core-group-is-layout-10d781b8 wp-block-group-is-layout-constrained\" style=\"background:linear-gradient(180deg,rgb(255,255,245) 37%,rgb(253,203,115) 100%);padding-top:0;padding-bottom:0\">\n<div style=\"background-image:url(&apos;https:\/\/www.rochelets.com\/wp-content\/uploads\/2026\/01\/marches03-scaled.webp&apos;);background-size:cover;\" class=\"wp-block-group alignfull hero-global has-global-padding is-layout-constrained wp-block-group-is-layout-constrained has-background\"\/>\n\n\n\n<div class=\"wp-block-group alignwide lblp-fade-content is-layout-flow wp-block-group-is-layout-flow\" style=\"padding-right:var(--wp--preset--spacing--xs);padding-left:var(--wp--preset--spacing--xs)\">\n<div class=\"wp-block-columns alignwide fade is-layout-flex wp-container-core-columns-is-layout-f27e9562 wp-block-columns-is-layout-flex\">\n<div class=\"wp-block-column is-vertically-aligned-bottom is-layout-flow wp-block-column-is-layout-flow\" style=\"flex-basis:50%\">\n<div class=\"wp-block-group has-global-padding is-layout-constrained wp-container-core-group-is-layout-9c8dac04 wp-block-group-is-layout-constrained\">\n<div class=\"wp-block-group has-global-padding is-layout-constrained wp-block-group-is-layout-constrained\">\n<p class=\"has-text-align-right has-s-font-size\"><strong>Paimboeuf markt<\/strong><\/p>\n\n\n\n<p class=\"has-text-align-right\">Dompel jezelf onder in de drukte van deze kleine, traditionele lokale markt en ontdek een verscheidenheid aan verse, lokale producten onder de overdekte markthallen en rond de Place du March\u00e9. Verken ook de kades, de vuurtoren, de smalle straatjes en steegjes en de prachtige herenhuizen die herinneren aan het maritieme verleden van de stad. <\/p>\n\n\n\n<p class=\"has-text-align-right\"><strong>Wanneer?<\/strong>  Vrijdagochtend. Waar? Place du March\u00e9 van september tot juni, op de Quai Sadi Carnot in juli en augustus.<\/p>\n\n\n\n<p class=\"has-text-align-right has-s-font-size\"><strong>Frossay markt<\/strong><\/p>\n\n\n\n<p class=\"has-text-align-right\">In Frossay, tussen Nantes en Saint-Nazaire, vind je alles wat je nodig hebt om je boodschappenmand te vullen. Primeur (groenteboer), visboer, varkensslager en zuivelfabriek vind je allemaal rond de Place de l&#8217;\u00c9glise. Je hoeft alleen nog maar het perfecte plekje te vinden voor een picknick aan de oevers van het Canal de la Martini\u00e8re!  <\/p>\n\n\n\n<p class=\"has-text-align-right\"><strong>Wanneer?<\/strong>  Donderdagochtend. Waar? Op het kerkplein. Oesters te koop op zondagochtend. <\/p>\n<\/div>\n<\/div>\n<\/div>\n\n\n\n<div class=\"wp-block-column is-layout-flow wp-block-column-is-layout-flow\" style=\"flex-basis:50%\">\n<div class=\"wp-block-horizon-blocks-image-bubble position-top-right\">\n<div class=\"wp-block-group block-image-bubble is-layout-flow wp-block-group-is-layout-flow\">\n<figure class=\"wp-block-image size-1\/1_600x600_desktop block-image-bubble__image\"><a href=\"https:\/\/www.rochelets.com\/wp-content\/uploads\/2026\/01\/marches06-scaled.webp\" rel=\"block-4\"><img alt=\"March\u00e9 en plein air avec fruits et l\u00e9gumes.\" decoding=\"async\" width=\"600\" height=\"600\" src=\"https:\/\/www.rochelets.com\/wp-content\/uploads\/2026\/01\/marches06-600x600.webp\" alt=\"\" class=\"wp-image-916\" srcset=\"https:\/\/www.rochelets.com\/wp-content\/uploads\/2026\/01\/marches06-600x600.webp 600w, https:\/\/www.rochelets.com\/wp-content\/uploads\/2026\/01\/marches06-150x150.webp 150w, https:\/\/www.rochelets.com\/wp-content\/uploads\/2026\/01\/marches06-207x207.webp 207w, https:\/\/www.rochelets.com\/wp-content\/uploads\/2026\/01\/marches06-350x350.webp 350w, https:\/\/www.rochelets.com\/wp-content\/uploads\/2026\/01\/marches06-100x100.webp 100w, https:\/\/www.rochelets.com\/wp-content\/uploads\/2026\/01\/marches06-1000x1000.webp 1000w, https:\/\/www.rochelets.com\/wp-content\/uploads\/2026\/01\/marches06-400x400.webp 400w, https:\/\/www.rochelets.com\/wp-content\/uploads\/2026\/01\/marches06-200x200.webp 200w\" sizes=\"(max-width: 600px) 100vw, 600px\" \/><\/a><\/figure>\n\n\n\n<div class=\"wp-block-group block-image-bubble__bubble has-global-padding is-layout-constrained wp-block-group-is-layout-constrained\">\n<figure class=\"wp-block-image size-bubble block-image-bubble__bubble-image\"><a href=\"https:\/\/www.rochelets.com\/wp-content\/uploads\/2026\/01\/marches01-scaled.webp\" rel=\"block-4\"><img alt=\"\" decoding=\"async\" width=\"207\" height=\"207\" src=\"https:\/\/www.rochelets.com\/wp-content\/uploads\/2026\/01\/marches01-207x207.webp\" alt=\"\" class=\"wp-image-895\" srcset=\"https:\/\/www.rochelets.com\/wp-content\/uploads\/2026\/01\/marches01-207x207.webp 207w, https:\/\/www.rochelets.com\/wp-content\/uploads\/2026\/01\/marches01-150x150.webp 150w, https:\/\/www.rochelets.com\/wp-content\/uploads\/2026\/01\/marches01-350x350.webp 350w, https:\/\/www.rochelets.com\/wp-content\/uploads\/2026\/01\/marches01-100x100.webp 100w, https:\/\/www.rochelets.com\/wp-content\/uploads\/2026\/01\/marches01-1000x1000.webp 1000w, https:\/\/www.rochelets.com\/wp-content\/uploads\/2026\/01\/marches01-600x600.webp 600w, https:\/\/www.rochelets.com\/wp-content\/uploads\/2026\/01\/marches01-400x400.webp 400w, https:\/\/www.rochelets.com\/wp-content\/uploads\/2026\/01\/marches01-200x200.webp 200w\" sizes=\"(max-width: 207px) 100vw, 207px\" \/><\/a><\/figure>\n<\/div>\n<\/div>\n<\/div>\n<\/div>\n<\/div>\n<\/div>\n\n\n\n<div style=\"height:200px\" aria-hidden=\"true\" class=\"wp-block-spacer\"><\/div>\n\n\n\n<div class=\"wp-block-cover alignfull banner-wave-0 has-primary-light-color has-text-color has-link-color wp-elements-3a26ad3da8e49c51c23556cbc35eee32\"><img alt=\"\" decoding=\"async\" class=\"wp-block-cover__image-background wp-image-240 size-full\" alt=\"\" src=\"https:\/\/www.rochelets.com\/wp-content\/uploads\/2025\/12\/wave-white-4.svg\" style=\"object-position:49% 0%\" data-object-fit=\"cover\" data-object-position=\"49% 0%\"\/><span aria-hidden=\"true\" class=\"wp-block-cover__background has-transparent-background-color has-background-dim-100 has-background-dim\"><\/span><div class=\"wp-block-cover__inner-container has-global-padding is-layout-constrained wp-block-cover-is-layout-constrained\">\n<div style=\"height:3vw\" aria-hidden=\"true\" class=\"wp-block-spacer\"><\/div>\n\n\n\n<div class=\"wp-block-group alignfull has-global-padding is-layout-constrained wp-block-group-is-layout-constrained\">\n<div class=\"wp-block-group alignfull fade-left has-global-padding is-layout-constrained wp-block-group-is-layout-constrained\">\n<div class=\"wp-block-columns alignwide is-layout-flex wp-container-core-columns-is-layout-5b614432 wp-block-columns-is-layout-flex\">\n<div class=\"wp-block-column from-left is-layout-flow wp-block-column-is-layout-flow\" style=\"flex-basis:43%\">\n<div class=\"wp-block-group has-global-padding is-layout-constrained wp-block-group-is-layout-constrained\">\n<div class=\"wp-block-horizon-blocks-image-bubble position-bottom-left\">\n<div class=\"wp-block-group block-image-bubble is-layout-flow wp-block-group-is-layout-flow\">\n<figure class=\"wp-block-image size-1\/1_600x600_desktop block-image-bubble__image\"><a href=\"https:\/\/www.rochelets.com\/wp-content\/uploads\/2026\/01\/marches05-scaled.webp\" rel=\"block-5\"><img alt=\"\" decoding=\"async\" width=\"600\" height=\"600\" src=\"https:\/\/www.rochelets.com\/wp-content\/uploads\/2026\/01\/marches05-600x600.webp\" alt=\"\" class=\"wp-image-917\" srcset=\"https:\/\/www.rochelets.com\/wp-content\/uploads\/2026\/01\/marches05-600x600.webp 600w, https:\/\/www.rochelets.com\/wp-content\/uploads\/2026\/01\/marches05-150x150.webp 150w, https:\/\/www.rochelets.com\/wp-content\/uploads\/2026\/01\/marches05-207x207.webp 207w, https:\/\/www.rochelets.com\/wp-content\/uploads\/2026\/01\/marches05-350x350.webp 350w, https:\/\/www.rochelets.com\/wp-content\/uploads\/2026\/01\/marches05-100x100.webp 100w, https:\/\/www.rochelets.com\/wp-content\/uploads\/2026\/01\/marches05-1000x1000.webp 1000w, https:\/\/www.rochelets.com\/wp-content\/uploads\/2026\/01\/marches05-400x400.webp 400w, https:\/\/www.rochelets.com\/wp-content\/uploads\/2026\/01\/marches05-200x200.webp 200w\" sizes=\"(max-width: 600px) 100vw, 600px\" \/><\/a><\/figure>\n\n\n\n<div class=\"wp-block-group block-image-bubble__bubble is-layout-flow wp-block-group-is-layout-flow\">\n<figure class=\"wp-block-image size-bubble block-image-bubble__bubble-image\"><a href=\"https:\/\/www.rochelets.com\/wp-content\/uploads\/2026\/01\/marches03-scaled.webp\" rel=\"block-5\"><img alt=\"L\u00e9gumes frais vari\u00e9s sur un \u00e9tal de march\u00e9.\" decoding=\"async\" width=\"207\" height=\"207\" src=\"https:\/\/www.rochelets.com\/wp-content\/uploads\/2026\/01\/marches03-207x207.webp\" alt=\"\" class=\"wp-image-897\" srcset=\"https:\/\/www.rochelets.com\/wp-content\/uploads\/2026\/01\/marches03-207x207.webp 207w, https:\/\/www.rochelets.com\/wp-content\/uploads\/2026\/01\/marches03-150x150.webp 150w, https:\/\/www.rochelets.com\/wp-content\/uploads\/2026\/01\/marches03-350x350.webp 350w, https:\/\/www.rochelets.com\/wp-content\/uploads\/2026\/01\/marches03-100x100.webp 100w, https:\/\/www.rochelets.com\/wp-content\/uploads\/2026\/01\/marches03-1000x1000.webp 1000w, https:\/\/www.rochelets.com\/wp-content\/uploads\/2026\/01\/marches03-600x600.webp 600w, https:\/\/www.rochelets.com\/wp-content\/uploads\/2026\/01\/marches03-400x400.webp 400w, https:\/\/www.rochelets.com\/wp-content\/uploads\/2026\/01\/marches03-200x200.webp 200w\" sizes=\"(max-width: 207px) 100vw, 207px\" \/><\/a><\/figure>\n<\/div>\n<\/div>\n<\/div>\n<\/div>\n<\/div>\n\n\n\n<div class=\"wp-block-column is-vertically-aligned-bottom from-right is-layout-flow wp-block-column-is-layout-flow\" style=\"flex-basis:55%\">\n<div class=\"wp-block-group has-primary-dark-color has-text-color has-link-color wp-elements-d55ae0c3bde74421904f4493c318f0e6 has-global-padding is-layout-constrained wp-container-core-group-is-layout-9c8dac04 wp-block-group-is-layout-constrained\">\n<div class=\"wp-block-group has-global-padding is-layout-constrained wp-block-group-is-layout-constrained\">\n<p class=\"has-text-align-left has-s-font-size\"><strong>Tharon-Plage \/ Saint-Michel-Chef-Chef markt (zomermarkt)<\/strong><\/p>\n\n\n\n<p class=\"has-text-align-left\">De markt van Tharon is een echte plek om te leven en idee\u00ebn uit te wisselen. In de zomer vestigen zich tot 250 handelaars op het marktplein. Delicatessenwinkels, kaaswinkels, bakkerijen, groenteboeren, bakkers, maar ook textiel, lederwaren, ijzerwaren, handwerk enz.  <\/p>\n\n\n\n<p class=\"has-text-align-left\"><strong>Wanneer?<\/strong>  Elke dinsdag en vrijdag van 8 tot 14 uur (alleen in juli en augustus). Waar? Place du March\u00e9, Tharon-Plage (gemeente Saint-Michel-Chef-Chef).<\/p>\n\n\n\n<p class=\"has-text-align-left has-s-font-size\"><strong>Pr\u00e9failles markt<\/strong><\/p>\n\n\n\n<p>De markt van Pr\u00e9failles is een van de meest pittoreske in het Pays de Retz, met het Grande Plage er vlak onder. Het is moeilijk om te weerstaan aan het proeven van alle lokale specialiteiten! Tijdens het zomerseizoen breidt de markt zich uit met veel meer kraampjes die een grote verscheidenheid aan kleding, sieraden en handwerk verkopen.  <\/p>\n\n\n\n<p class=\"has-text-align-left\"><strong>Wanneer?<\/strong>  Woensdag en zaterdag. Waar? Het centrum van Pr\u00e9failles.<\/p>\n<\/div>\n<\/div>\n<\/div>\n<\/div>\n<\/div>\n<\/div>\n\n\n\n<div class=\"wp-block-group alignfull has-global-padding is-layout-constrained wp-block-group-is-layout-constrained\">\n<div class=\"wp-block-group alignfull has-global-padding is-content-justification-right is-layout-constrained wp-container-core-group-is-layout-3c321358 wp-block-group-is-layout-constrained\">\n<div class=\"wp-block-group has-global-padding is-content-justification-right is-layout-constrained wp-container-core-group-is-layout-a3883e76 wp-block-group-is-layout-constrained\">\n<figure class=\"wp-block-image alignright size-full parallax-slow\"><img alt=\"\" decoding=\"async\" width=\"341\" height=\"411\" src=\"https:\/\/www.rochelets.com\/wp-content\/uploads\/2025\/12\/shell-5.webp\" alt=\"\" class=\"wp-image-241\" srcset=\"https:\/\/www.rochelets.com\/wp-content\/uploads\/2025\/12\/shell-5.webp 341w, https:\/\/www.rochelets.com\/wp-content\/uploads\/2025\/12\/shell-5-249x300.webp 249w\" sizes=\"(max-width: 341px) 100vw, 341px\" \/><\/figure>\n<\/div>\n<\/div>\n\n\n\n<div style=\"height:25px\" aria-hidden=\"true\" class=\"wp-block-spacer\"><\/div>\n<\/div>\n<\/div><\/div>\n<\/div>\n<\/div>\n","protected":false},"excerpt":{"rendered":"<p>Saint-Nazaire, Saint-Michel-Chef-Chef, Pr\u00e9failles Niet te missen markten in Saint-Brevin-les-Pins deze zomer Wat een genot om over de markten te slenteren als je op vakantie bent! Saint-Nazaire, Saint-Michel-Chef-Chef, Pr\u00e9failles&#8230; Dit is een overzicht van de markten in het Pays de Retz en aan de C\u00f4te de Jade, die u kunt bezoeken vanaf onze camping in Saint-Brevin-les-Pins. [&hellip;]<\/p>\n","protected":false},"author":1,"featured_media":0,"parent":0,"menu_order":50,"comment_status":"closed","ping_status":"closed","template":"page-no-title","meta":{"_acf_changed":false,"_seopress_robots_primary_cat":"","_seopress_titles_title":"Markten Saint-Brevin-les-Pins | Dagen & Tijden","_seopress_titles_desc":"Ontdek de markten van Saint-Brevin-les-Pins: verse producten, streekproducten en ontmoetingen om van te genieten tijdens je vakantie. | Les Rochelets ","_seopress_robots_index":"","footnotes":""},"class_list":["post-4712","page","type-page","status-publish","hentry"],"acf":[],"_links":{"self":[{"href":"https:\/\/www.rochelets.com\/nl\/wp-json\/wp\/v2\/pages\/4712","targetHints":{"allow":["GET"]}}],"collection":[{"href":"https:\/\/www.rochelets.com\/nl\/wp-json\/wp\/v2\/pages"}],"about":[{"href":"https:\/\/www.rochelets.com\/nl\/wp-json\/wp\/v2\/types\/page"}],"author":[{"embeddable":true,"href":"https:\/\/www.rochelets.com\/nl\/wp-json\/wp\/v2\/users\/1"}],"replies":[{"embeddable":true,"href":"https:\/\/www.rochelets.com\/nl\/wp-json\/wp\/v2\/comments?post=4712"}],"version-history":[{"count":1,"href":"https:\/\/www.rochelets.com\/nl\/wp-json\/wp\/v2\/pages\/4712\/revisions"}],"predecessor-version":[{"id":4714,"href":"https:\/\/www.rochelets.com\/nl\/wp-json\/wp\/v2\/pages\/4712\/revisions\/4714"}],"wp:attachment":[{"href":"https:\/\/www.rochelets.com\/nl\/wp-json\/wp\/v2\/media?parent=4712"}],"curies":[{"name":"wp","href":"https:\/\/api.w.org\/{rel}","templated":true}]}}