{"id":4882,"date":"2025-12-12T11:34:15","date_gmt":"2025-12-12T10:34:15","guid":{"rendered":"https:\/\/rochelets.plune.fr\/informacion-legal\/"},"modified":"2026-02-16T17:31:14","modified_gmt":"2026-02-16T16:31:14","slug":"informacion-legal","status":"publish","type":"page","link":"https:\/\/www.rochelets.com\/es\/informacion-legal\/","title":{"rendered":"Informaci\u00f3n legal"},"content":{"rendered":"\n<div class=\"wp-block-cover alignfull hrz-hero\" style=\"margin-top:0;margin-bottom:0;padding-top:0;padding-right:0;padding-bottom:0;padding-left:0\"><img alt=\"\" decoding=\"async\" class=\"wp-block-cover__image-background wp-image-170 size-full\" alt=\"\" src=\"https:\/\/www.rochelets.com\/wp-content\/uploads\/2025\/12\/wave-white-short.svg\" style=\"object-position:50% 0%\" data-object-fit=\"cover\" data-object-position=\"50% 0%\"\/><span aria-hidden=\"true\" class=\"wp-block-cover__background has-transparent-background-color has-background-dim-100 has-background-dim\"><\/span><div class=\"wp-block-cover__inner-container is-layout-flow wp-container-core-cover-is-layout-2a668712 wp-block-cover-is-layout-flow\">\n<div class=\"wp-block-cover\" style=\"padding-top:35vh;padding-right:var(--wp--preset--spacing--xs);padding-bottom:35vh;padding-left:var(--wp--preset--spacing--xs)\"><img alt=\"Mobil-home sous les arbres dans un camping.\" decoding=\"async\" width=\"2560\" height=\"1519\" class=\"wp-block-cover__image-background wp-image-380 size-full\" alt=\"\" src=\"https:\/\/www.rochelets.com\/wp-content\/uploads\/2026\/01\/rochelets-2024-028-scaled.webp\" style=\"object-position:47% 90%\" data-object-fit=\"cover\" data-object-position=\"47% 90%\" srcset=\"https:\/\/www.rochelets.com\/wp-content\/uploads\/2026\/01\/rochelets-2024-028-scaled.webp 2560w, https:\/\/www.rochelets.com\/wp-content\/uploads\/2026\/01\/rochelets-2024-028-300x178.webp 300w, https:\/\/www.rochelets.com\/wp-content\/uploads\/2026\/01\/rochelets-2024-028-1024x608.webp 1024w, https:\/\/www.rochelets.com\/wp-content\/uploads\/2026\/01\/rochelets-2024-028-768x456.webp 768w\" sizes=\"(max-width: 2560px) 100vw, 2560px\" \/><span aria-hidden=\"true\" class=\"wp-block-cover__background has-background-dim-40 has-background-dim wp-block-cover__gradient-background has-background-gradient\" style=\"background:linear-gradient(0deg,rgba(255,255,255,0) 0%,rgb(0,0,0) 100%)\"><\/span><div class=\"wp-block-cover__inner-container is-layout-flow wp-block-cover-is-layout-flow\">\n<div class=\"wp-block-group has-global-padding is-layout-constrained wp-block-group-is-layout-constrained\" style=\"padding-bottom:var(--wp--preset--spacing--xl)\">\n<p class=\"has-text-align-center is-style-top-title has-background-color has-text-color has-link-color has-secondary-font-family has-l-font-size wp-elements-c8a05b2fd221c9ab5d430ae852576f2f\">Informaci\u00f3n legal<\/p>\n<\/div>\n<\/div><\/div>\n<\/div><\/div>\n<div style=\"padding-left:var(--wp--preset--spacing--s);padding-top:var(--wp--preset--spacing--s);padding-bottom:var(--wp--preset--spacing--s);margin-top:-5px;\" class=\"alignfull wp-elements-8f51c863825ae36974923736c1beb9cd wp-block-wpseopress-breadcrumbs has-text-color has-secondary-color has-background has-background-background-color\"><nav  aria-label=\"migas de pan\"><ol class=\"breadcrumb\" itemscope itemtype=\"https:\/\/schema.org\/BreadcrumbList\"><li class=\"breadcrumb-item active\" aria-current=\"page\" itemprop=\"itemListElement\" itemscope itemtype=\"https:\/\/schema.org\/ListItem\"><span itemprop=\"name\">Camping \u00e0 Saint-Brevin-les-Pins<\/span><meta itemprop=\"position\" content=\"1\"><\/li><\/ol><\/nav><\/div>\n<div style=\"height:200px\" aria-hidden=\"true\" class=\"wp-block-spacer\"><\/div>\n\n<h2 class=\"wp-block-heading\">Informaci\u00f3n legal sobre el camping Les Rochelets<\/h2>\n\n<h2 class=\"wp-block-heading\">Identidad<\/h2>\n\n<p>Nombre del sitio web: <strong>Camping <\/strong>Les Rochelets<br\/>Direcci\u00f3n: https:\/\/www.rochelets.com\/<br\/>Propietario: Rachel Charrier<br\/>Director de la publicaci\u00f3n: <strong>Camping <\/strong>Les Rochelets<br\/>Dise\u00f1o y producci\u00f3n: Horizon Marketing<br\/>Animaci\u00f3n: <strong>Camping <\/strong>Les Rochelets<br\/>Alojamiento: <strong>Infomaniak<\/strong><\/p>\n\n<p><\/p>\n\n<h2 class=\"wp-block-heading\">Persona jur\u00eddica<\/h2>\n\n<p>CAMPING LES ROCHELETS - CNRCAMP<br\/> Raz\u00f3n social<strong>:<\/strong> CNRCAMP<br\/><strong>N\u00ba SIRET:<\/strong> 480 947 019 00026<br\/><strong>C\u00f3digo APE:<\/strong> 5530Z<br\/><strong>RCS:<\/strong> Nantes B 480 947 019<br\/><strong>TVA Intracomunitario:<\/strong> FR19 480947019<br\/><strong>Capital social:<\/strong> 10.000,00 euros<\/p>\n\n<p><\/p>\n\n<h2 class=\"wp-block-heading\">Condiciones de uso<\/h2>\n\n<p>El uso de este sitio implica la plena aceptaci\u00f3n de las condiciones generales de uso que se describen a continuaci\u00f3n. Estas condiciones de uso pueden ser modificadas o complementadas en cualquier momento. <\/p>\n\n<p><\/p>\n\n<h2 class=\"wp-block-heading\">Informaci\u00f3n<\/h2>\n\n<p>La informaci\u00f3n y los documentos de este sitio se facilitan \u00fanicamente a t\u00edtulo informativo, no son exhaustivos y no comprometen la responsabilidad del propietario del sitio.<\/p>\n\n<p>El propietario del sitio no se hace responsable de ning\u00fan da\u00f1o directo o indirecto derivado del acceso al sitio.<\/p>\n\n<p><\/p>\n\n<h2 class=\"wp-block-heading\">Interactividad<\/h2>\n\n<p>Los usuarios del sitio pueden enviar contenido, que aparecer\u00e1 en el sitio en \u00e1reas dedicadas (en particular a trav\u00e9s del formulario de contacto). El contenido enviado sigue siendo responsabilidad de sus autores, que asumen toda la responsabilidad legal. <\/p>\n\n<p>No obstante, el propietario del sitio se reserva el derecho a retirar, sin previo aviso ni justificaci\u00f3n, cualquier contenido publicado por los usuarios que no cumpla la carta \u00e9tica del sitio o la legislaci\u00f3n vigente.<\/p>\n\n<p><\/p>\n\n<h2 class=\"wp-block-heading\">Propiedad intelectual<\/h2>\n\n<p>Salvo que se indique lo contrario, todos los elementos accesibles en el sitio (textos, im\u00e1genes, gr\u00e1ficos, logotipos, iconos, sonidos, software, etc.) siguen siendo propiedad exclusiva de sus autores, en lo que respecta a los derechos de propiedad intelectual o derechos de uso.<\/p>\n\n<p>Cualquier reproducci\u00f3n, representaci\u00f3n, modificaci\u00f3n, publicaci\u00f3n, adaptaci\u00f3n de la totalidad o parte de los elementos del sitio, cualesquiera que sean los medios o procedimientos utilizados, est\u00e1 prohibida, salvo autorizaci\u00f3n previa por escrito del autor.<\/p>\n\n<p>Cualquier uso no autorizado del sitio o de cualquiera de los elementos que contiene se considera una infracci\u00f3n y puede ser perseguido.<\/p>\n\n<p>Las marcas y logotipos reproducidos en el sitio est\u00e1n registrados por las empresas propietarias de los mismos.<\/p>\n\n<p><\/p>\n\n<h2 class=\"wp-block-heading\">Enlaces<\/h2>\n\n<p><strong>Enlaces salientes<\/strong>: El propietario del sitio declina toda responsabilidad y no se compromete por la referenciaci\u00f3n mediante enlaces de hipertexto, de recursos de terceros presentes en la red Internet, tanto en lo que se refiere a su contenido como a su pertinencia.<\/p>\n\n<p><strong>Enlaces entrantes<\/strong>: El propietario del sitio autoriza los enlaces de hipertexto hacia una de las p\u00e1ginas de este sitio, siempre que \u00e9stos abran una nueva ventana y se presenten de forma inequ\u00edvoca para evitar:<br\/>cualquier riesgo de confusi\u00f3n entre el visitante del sitio y el propietario del sitio, as\u00ed como cualquier presentaci\u00f3n tendenciosa, o cualquier presentaci\u00f3n contraria a la legislaci\u00f3n vigente.<\/p>\n\n<p>El propietario del sitio se reserva el derecho a solicitar la eliminaci\u00f3n de un enlace si considera que el sitio de origen no cumple estas normas.<\/p>\n\n<p><\/p>\n\n<h2 class=\"wp-block-heading\">Confidencialidad<\/h2>\n\n<p>Todos los usuarios tienen derecho a acceder, rectificar y oponerse a cualquier dato personal que les concierna, presentando una solicitud escrita y firmada, acompa\u00f1ada de una prueba de identidad.<\/p>\n\n<p>Para cualquier consulta, p\u00f3ngase en contacto con el servicio de reclamaciones<\/p>\n\n<p><\/p>\n\n<h2 class=\"wp-block-heading\">Defensor del consumidor<\/h2>\n\n<p>De conformidad con lo dispuesto en el art\u00edculo L 612-1 del C\u00f3digo de Consumo franc\u00e9s, todo cliente de un camping tiene derecho a recurrir gratuitamente a un mediador de consumo con vistas a la resoluci\u00f3n amistosa de un litigio con el explotador del camping.<\/p>\n\n<p><\/p>\n\n<h2 class=\"wp-block-heading\">Cr\u00e9ditos<\/h2>\n\n<p>Adobe stock<br\/>Camping Les Rochelets<br\/><\/p>\n\n<div style=\"height:100px\" aria-hidden=\"true\" class=\"wp-block-spacer\"><\/div>\n","protected":false},"excerpt":{"rendered":"<p>Informaci\u00f3n legal sobre el camping Les Rochelets Identidad Nombre del sitio web: Camping Les RocheletsDirecci\u00f3n: https:\/\/www.rochelets.com\/Propietario: Rachel CharrierDirector de la publicaci\u00f3n: Camping Les RocheletsDise\u00f1o y producci\u00f3n: Horizon MarketingAnimaci\u00f3n: Camping Les RocheletsAlojamiento: Infomaniak Persona jur\u00eddica CAMPING LES ROCHELETS - CNRCAMP Raz\u00f3n social: CNRCAMPN\u00ba SIRET: 480 947 019 00026C\u00f3digo APE: 5530ZRCS: Nantes B 480 947 019TVA Intracomunitario: [&hellip;]<\/p>\n","protected":false},"author":1,"featured_media":0,"parent":0,"menu_order":109,"comment_status":"closed","ping_status":"closed","template":"page-no-title","meta":{"_acf_changed":false,"_seopress_robots_primary_cat":"","_seopress_titles_title":"Informaci\u00f3n legal | Camping Les Rochelets en Saint-Brevin-les-Pins","_seopress_titles_desc":"Informaci\u00f3n legal del camping 4 estrellas Les Rochelets en Saint-Brevin-les-Pins, Loira Atl\u00e1ntico.","_seopress_robots_index":"","footnotes":""},"class_list":["post-4882","page","type-page","status-publish","hentry"],"acf":[],"_links":{"self":[{"href":"https:\/\/www.rochelets.com\/es\/wp-json\/wp\/v2\/pages\/4882","targetHints":{"allow":["GET"]}}],"collection":[{"href":"https:\/\/www.rochelets.com\/es\/wp-json\/wp\/v2\/pages"}],"about":[{"href":"https:\/\/www.rochelets.com\/es\/wp-json\/wp\/v2\/types\/page"}],"author":[{"embeddable":true,"href":"https:\/\/www.rochelets.com\/es\/wp-json\/wp\/v2\/users\/1"}],"replies":[{"embeddable":true,"href":"https:\/\/www.rochelets.com\/es\/wp-json\/wp\/v2\/comments?post=4882"}],"version-history":[{"count":1,"href":"https:\/\/www.rochelets.com\/es\/wp-json\/wp\/v2\/pages\/4882\/revisions"}],"predecessor-version":[{"id":4883,"href":"https:\/\/www.rochelets.com\/es\/wp-json\/wp\/v2\/pages\/4882\/revisions\/4883"}],"wp:attachment":[{"href":"https:\/\/www.rochelets.com\/es\/wp-json\/wp\/v2\/media?parent=4882"}],"curies":[{"name":"wp","href":"https:\/\/api.w.org\/{rel}","templated":true}]}}