{"id":4701,"date":"2025-12-15T09:56:24","date_gmt":"2025-12-15T08:56:24","guid":{"rendered":"https:\/\/rochelets.plune.fr\/mercados\/"},"modified":"2026-02-16T17:28:18","modified_gmt":"2026-02-16T16:28:18","slug":"mercados","status":"publish","type":"page","link":"https:\/\/www.rochelets.com\/es\/mercados\/","title":{"rendered":"Mercados"},"content":{"rendered":"\n<div class=\"wp-block-cover alignfull hrz-hero\" style=\"margin-top:0;margin-bottom:0;padding-top:0;padding-right:0;padding-bottom:0;padding-left:0\"><img alt=\"\" decoding=\"async\" class=\"wp-block-cover__image-background wp-image-170 size-full\" alt=\"\" src=\"https:\/\/www.rochelets.com\/wp-content\/uploads\/2025\/12\/wave-white-short.svg\" style=\"object-position:50% 0%\" data-object-fit=\"cover\" data-object-position=\"50% 0%\"\/><span aria-hidden=\"true\" class=\"wp-block-cover__background has-transparent-background-color has-background-dim-100 has-background-dim\"><\/span><div class=\"wp-block-cover__inner-container is-layout-flow wp-container-core-cover-is-layout-2a668712 wp-block-cover-is-layout-flow\">\n<div class=\"wp-block-cover\" style=\"padding-top:35vh;padding-right:var(--wp--preset--spacing--xs);padding-bottom:35vh;padding-left:var(--wp--preset--spacing--xs)\"><img alt=\"\" decoding=\"async\" width=\"1024\" height=\"683\" class=\"wp-block-cover__image-background wp-image-895 size-large\" alt=\"\" src=\"https:\/\/www.rochelets.com\/wp-content\/uploads\/2026\/01\/marches01-1024x683.webp\" style=\"object-position:49% 87%\" data-object-fit=\"cover\" data-object-position=\"49% 87%\" srcset=\"https:\/\/www.rochelets.com\/wp-content\/uploads\/2026\/01\/marches01-1024x683.webp 1024w, https:\/\/www.rochelets.com\/wp-content\/uploads\/2026\/01\/marches01-300x200.webp 300w, https:\/\/www.rochelets.com\/wp-content\/uploads\/2026\/01\/marches01-768x512.webp 768w, https:\/\/www.rochelets.com\/wp-content\/uploads\/2026\/01\/marches01-1440x960.webp 1440w, https:\/\/www.rochelets.com\/wp-content\/uploads\/2026\/01\/marches01-1080x720.webp 1080w, https:\/\/www.rochelets.com\/wp-content\/uploads\/2026\/01\/marches01-720x480.webp 720w, https:\/\/www.rochelets.com\/wp-content\/uploads\/2026\/01\/marches01-480x320.webp 480w, https:\/\/www.rochelets.com\/wp-content\/uploads\/2026\/01\/marches01-240x160.webp 240w, https:\/\/www.rochelets.com\/wp-content\/uploads\/2026\/01\/marches01-120x80.webp 120w\" sizes=\"(max-width: 1024px) 100vw, 1024px\" \/><span aria-hidden=\"true\" class=\"wp-block-cover__background has-background-dim-40 has-background-dim wp-block-cover__gradient-background has-background-gradient\" style=\"background:linear-gradient(0deg,rgba(255,255,255,0) 0%,rgb(0,0,0) 100%)\"><\/span><div class=\"wp-block-cover__inner-container is-layout-flow wp-block-cover-is-layout-flow\">\n<div class=\"wp-block-group has-global-padding is-layout-constrained wp-block-group-is-layout-constrained\" style=\"padding-bottom:var(--wp--preset--spacing--xl)\">\n<p class=\"has-text-align-center is-style-top-title has-background-color has-text-color has-link-color has-secondary-font-family has-l-font-size wp-elements-2f8b44e58daf3a62a2683e9cf6b8dfe9\">Mercados cercanos a Saint-Br\u00e9vin<\/p>\n<\/div>\n<\/div><\/div>\n<\/div><\/div>\n<div style=\"padding-left:var(--wp--preset--spacing--s);padding-top:var(--wp--preset--spacing--s);padding-bottom:var(--wp--preset--spacing--s);margin-top:-5px;\" class=\"alignfull wp-elements-8f51c863825ae36974923736c1beb9cd wp-block-wpseopress-breadcrumbs has-text-color has-secondary-color has-background has-background-background-color\"><nav  aria-label=\"migas de pan\"><ol class=\"breadcrumb\" itemscope itemtype=\"https:\/\/schema.org\/BreadcrumbList\"><li class=\"breadcrumb-item active\" aria-current=\"page\" itemprop=\"itemListElement\" itemscope itemtype=\"https:\/\/schema.org\/ListItem\"><span itemprop=\"name\">Camping \u00e0 Saint-Brevin-les-Pins<\/span><meta itemprop=\"position\" content=\"1\"><\/li><\/ol><\/nav><\/div>\n<div style=\"height:200px\" aria-hidden=\"true\" class=\"wp-block-spacer\"><\/div>\n\n<div class=\"wp-block-group alignfull has-global-padding is-layout-constrained wp-container-core-group-is-layout-838c3748 wp-block-group-is-layout-constrained\" style=\"padding-right:var(--wp--preset--spacing--xs);padding-left:var(--wp--preset--spacing--xs)\">\n<div class=\"wp-block-columns alignwide fade is-layout-flex wp-container-core-columns-is-layout-e0b60340 wp-block-columns-is-layout-flex\">\n<div class=\"wp-block-column is-layout-flow wp-block-column-is-layout-flow\" style=\"flex-basis:43%\">\n<div class=\"wp-block-horizon-blocks-image-bubble position-bottom-left\">\n<div class=\"wp-block-group block-image-bubble is-layout-flow wp-block-group-is-layout-flow\">\n<figure class=\"wp-block-image size-1\/1_600x600_desktop block-image-bubble__image\"><a href=\"https:\/\/www.rochelets.com\/wp-content\/uploads\/2026\/01\/marches02-scaled.webp\" rel=\"block-1\"><img alt=\"March\u00e9 en plein air avec l\u00e9gumes et clients.\" decoding=\"async\" width=\"600\" height=\"600\" src=\"https:\/\/www.rochelets.com\/wp-content\/uploads\/2026\/01\/marches02-600x600.webp\" alt=\"\" class=\"wp-image-896\" srcset=\"https:\/\/www.rochelets.com\/wp-content\/uploads\/2026\/01\/marches02-600x600.webp 600w, https:\/\/www.rochelets.com\/wp-content\/uploads\/2026\/01\/marches02-150x150.webp 150w, https:\/\/www.rochelets.com\/wp-content\/uploads\/2026\/01\/marches02-207x207.webp 207w, https:\/\/www.rochelets.com\/wp-content\/uploads\/2026\/01\/marches02-350x350.webp 350w, https:\/\/www.rochelets.com\/wp-content\/uploads\/2026\/01\/marches02-100x100.webp 100w, https:\/\/www.rochelets.com\/wp-content\/uploads\/2026\/01\/marches02-1000x1000.webp 1000w, https:\/\/www.rochelets.com\/wp-content\/uploads\/2026\/01\/marches02-400x400.webp 400w, https:\/\/www.rochelets.com\/wp-content\/uploads\/2026\/01\/marches02-200x200.webp 200w\" sizes=\"(max-width: 600px) 100vw, 600px\" \/><\/a><\/figure>\n\n\n\n<div class=\"wp-block-group block-image-bubble__bubble has-global-padding is-layout-constrained wp-block-group-is-layout-constrained\">\n<figure class=\"wp-block-image size-bubble block-image-bubble__bubble-image\"><a href=\"https:\/\/www.rochelets.com\/wp-content\/uploads\/2026\/01\/marches04-scaled.webp\" rel=\"block-1\"><img alt=\"March\u00e9 avec tomates et ail en Provence.\" decoding=\"async\" width=\"207\" height=\"207\" src=\"https:\/\/www.rochelets.com\/wp-content\/uploads\/2026\/01\/marches04-207x207.webp\" alt=\"\" class=\"wp-image-898\" srcset=\"https:\/\/www.rochelets.com\/wp-content\/uploads\/2026\/01\/marches04-207x207.webp 207w, https:\/\/www.rochelets.com\/wp-content\/uploads\/2026\/01\/marches04-150x150.webp 150w, https:\/\/www.rochelets.com\/wp-content\/uploads\/2026\/01\/marches04-350x350.webp 350w, https:\/\/www.rochelets.com\/wp-content\/uploads\/2026\/01\/marches04-100x100.webp 100w, https:\/\/www.rochelets.com\/wp-content\/uploads\/2026\/01\/marches04-1000x1000.webp 1000w, https:\/\/www.rochelets.com\/wp-content\/uploads\/2026\/01\/marches04-600x600.webp 600w, https:\/\/www.rochelets.com\/wp-content\/uploads\/2026\/01\/marches04-400x400.webp 400w, https:\/\/www.rochelets.com\/wp-content\/uploads\/2026\/01\/marches04-200x200.webp 200w\" sizes=\"(max-width: 207px) 100vw, 207px\" \/><\/a><\/figure>\n<\/div>\n<\/div>\n<\/div>\n<\/div>\n\n\n\n<div class=\"wp-block-column is-vertically-aligned-bottom is-layout-flow wp-block-column-is-layout-flow\" style=\"flex-basis:55%\">\n<div class=\"wp-block-group has-global-padding is-layout-constrained wp-container-core-group-is-layout-9c8dac04 wp-block-group-is-layout-constrained\">\n<div class=\"wp-block-group has-global-padding is-layout-constrained wp-container-core-group-is-layout-38e7494a wp-block-group-is-layout-constrained\">\n<p class=\"is-style-headline is-style-headline--1\">Saint-Nazaire, Saint-Michel-Chef-Chef, Pr\u00e9failles<\/p>\n\n\n\n<h1 class=\"wp-block-heading has-text-align-left is-style-title-below is-style-title-below--2\">Mercados ineludibles en Saint-Brevin-les-Pins este verano<\/h1>\n<\/div>\n\n\n\n<div class=\"wp-block-group has-global-padding is-layout-constrained wp-block-group-is-layout-constrained\">\n<p>\u00a1Qu\u00e9 placer pasear por los mercados cuando est\u00e1s de vacaciones! Saint-Nazaire, Saint-Michel-Chef-Chef, Pr\u00e9failles&#8230; Aqu\u00ed tienes un resumen de los mercados del Pays de Retz y de la C\u00f4te de Jade, que puedes visitar desde nuestro <strong><a href=\"https:\/\/www.rochelets.com\/es\/\" data-type=\"page\" data-id=\"4\">camping de Saint-Brevin-les-Pins<\/a><\/strong>. <\/p>\n\n\n\n<p class=\"has-s-font-size\"><strong>Mercado de Saint Br\u00e9vin<\/strong><\/p>\n\n\n\n<p>A s\u00f3lo 15 km de Saint-Nazaire, Saint-Brevin-les-Pins alberga <a href=\"https:\/\/www.rochelets.com\/un-marche-par-jour-en-ete-a-saint-brevin-et-ses-alentours\">uno de los mayores mercados del Pays de Retz<\/a>. Dos veces por semana, productores, comerciantes y vendedores ambulantes toman la bonita plaza Henri Basl\u00e9. Los puestos rebosan de productos alimenticios, productos locales, marisco y platos preparados. Tambi\u00e9n hay una amplia gama de productos manufacturados (ropa, zapatos, bolsos, bazar, etc.).   <br\/><strong>\u00bfD\u00f3nde comprar en Saint Br\u00e9vin?<\/strong>  Place Henri Basl\u00e9 (quartier des Pins): jueves y domingos por la ma\u00f1ana - Avenue du Pr\u00e9sident Roosevelt: s\u00e1bados por la ma\u00f1ana - Place de l&#8217;Hermitage: mi\u00e9rcoles por la ma\u00f1ana (s\u00f3lo en verano).<\/p>\n\n\n\n<p class=\"has-s-font-size\"><strong>El mercado central cubierto de Saint Nazaire<\/strong><\/p>\n\n\n\n<p>La sala del mercado central alberga el mayor mercado de Saint-Nazaire, con m\u00e1s de cien comerciantes en su interior y en sus alrededores. Los olores son tan variados como los colores. Encontrar\u00e1s una amplia gama de productos agr\u00edcolas frescos, de temporada y de calidad. El edificio, inaugurado en 1958, hace que el lugar sea a\u00fan m\u00e1s agradable.   <br\/><strong>\u00bfCu\u00e1ndo?<\/strong>  Martes, viernes, s\u00e1bado y domingo por la ma\u00f1ana. \u00bfd\u00f3nde? Place du Commerce, 44600 Saint-Nazaire.<\/p>\n<\/div>\n<\/div>\n<\/div>\n<\/div>\n<\/div>\n\n<div style=\"height:280px\" aria-hidden=\"true\" class=\"wp-block-spacer\"><\/div>\n\n<div class=\"wp-block-group alignfull pin-scope-fade is-layout-flow wp-block-group-is-layout-flow\" style=\"margin-bottom:-5px\">\n<div class=\"wp-block-group alignfull content-anim has-background has-global-padding is-layout-constrained wp-container-core-group-is-layout-10d781b8 wp-block-group-is-layout-constrained\" style=\"background:linear-gradient(180deg,rgb(255,255,245) 37%,rgb(253,203,115) 100%);padding-top:0;padding-bottom:0\">\n<div style=\"background-image:url(&apos;https:\/\/www.rochelets.com\/wp-content\/uploads\/2026\/01\/marches03-scaled.webp&apos;);background-size:cover;\" class=\"wp-block-group alignfull hero-global has-global-padding is-layout-constrained wp-block-group-is-layout-constrained has-background\"\/>\n\n\n\n<div class=\"wp-block-group alignwide lblp-fade-content is-layout-flow wp-block-group-is-layout-flow\" style=\"padding-right:var(--wp--preset--spacing--xs);padding-left:var(--wp--preset--spacing--xs)\">\n<div class=\"wp-block-columns alignwide fade is-layout-flex wp-container-core-columns-is-layout-f27e9562 wp-block-columns-is-layout-flex\">\n<div class=\"wp-block-column is-vertically-aligned-bottom is-layout-flow wp-block-column-is-layout-flow\" style=\"flex-basis:50%\">\n<div class=\"wp-block-group has-global-padding is-layout-constrained wp-container-core-group-is-layout-9c8dac04 wp-block-group-is-layout-constrained\">\n<div class=\"wp-block-group has-global-padding is-layout-constrained wp-block-group-is-layout-constrained\">\n<p class=\"has-text-align-right has-s-font-size\"><strong>Mercado de Paimboeuf<\/strong><\/p>\n\n\n\n<p class=\"has-text-align-right\">Sum\u00e9rgete en el ajetreo de este peque\u00f1o mercado local tradicional y descubre una gran variedad de productos locales frescos bajo los pabellones cubiertos del mercado y alrededor de la Place du March\u00e9. Tambi\u00e9n puedes explorar los muelles, el faro, las estrechas calles y callejuelas, y las magn\u00edficas mansiones que recuerdan el pasado mar\u00edtimo de la ciudad. <\/p>\n\n\n\n<p class=\"has-text-align-right\"><strong>\u00bfCu\u00e1ndo?<\/strong>  Viernes por la ma\u00f1ana. \u00bfd\u00f3nde? Place du March\u00e9 de septiembre a junio, en el Quai Sadi Carnot en julio y agosto.<\/p>\n\n\n\n<p class=\"has-text-align-right has-s-font-size\"><strong>Mercado de Frossay<\/strong><\/p>\n\n\n\n<p class=\"has-text-align-right\">En Frossay, entre Nantes y Saint-Nazaire, encontrar\u00e1s todo lo que necesitas para llenar tu cesta de la compra. Primeur, pescader\u00eda, charcuter\u00eda, carnicer\u00eda y cremer\u00eda se encuentran en los alrededores de la Place de l&#8217;\u00c9glise. S\u00f3lo te falta encontrar el lugar perfecto para hacer un picnic a orillas del Canal de la Martini\u00e8re.  <\/p>\n\n\n\n<p class=\"has-text-align-right\"><strong>\u00bfCu\u00e1ndo?<\/strong>  Los jueves por la ma\u00f1ana. \u00bfd\u00f3nde? En la plaza de la iglesia. Venta de ostras los domingos por la ma\u00f1ana. <\/p>\n<\/div>\n<\/div>\n<\/div>\n\n\n\n<div class=\"wp-block-column is-layout-flow wp-block-column-is-layout-flow\" style=\"flex-basis:50%\">\n<div class=\"wp-block-horizon-blocks-image-bubble position-top-right\">\n<div class=\"wp-block-group block-image-bubble is-layout-flow wp-block-group-is-layout-flow\">\n<figure class=\"wp-block-image size-1\/1_600x600_desktop block-image-bubble__image\"><a href=\"https:\/\/www.rochelets.com\/wp-content\/uploads\/2026\/01\/marches06-scaled.webp\" rel=\"block-4\"><img alt=\"March\u00e9 en plein air avec fruits et l\u00e9gumes.\" decoding=\"async\" width=\"600\" height=\"600\" src=\"https:\/\/www.rochelets.com\/wp-content\/uploads\/2026\/01\/marches06-600x600.webp\" alt=\"\" class=\"wp-image-916\" srcset=\"https:\/\/www.rochelets.com\/wp-content\/uploads\/2026\/01\/marches06-600x600.webp 600w, https:\/\/www.rochelets.com\/wp-content\/uploads\/2026\/01\/marches06-150x150.webp 150w, https:\/\/www.rochelets.com\/wp-content\/uploads\/2026\/01\/marches06-207x207.webp 207w, https:\/\/www.rochelets.com\/wp-content\/uploads\/2026\/01\/marches06-350x350.webp 350w, https:\/\/www.rochelets.com\/wp-content\/uploads\/2026\/01\/marches06-100x100.webp 100w, https:\/\/www.rochelets.com\/wp-content\/uploads\/2026\/01\/marches06-1000x1000.webp 1000w, https:\/\/www.rochelets.com\/wp-content\/uploads\/2026\/01\/marches06-400x400.webp 400w, https:\/\/www.rochelets.com\/wp-content\/uploads\/2026\/01\/marches06-200x200.webp 200w\" sizes=\"(max-width: 600px) 100vw, 600px\" \/><\/a><\/figure>\n\n\n\n<div class=\"wp-block-group block-image-bubble__bubble has-global-padding is-layout-constrained wp-block-group-is-layout-constrained\">\n<figure class=\"wp-block-image size-bubble block-image-bubble__bubble-image\"><a href=\"https:\/\/www.rochelets.com\/wp-content\/uploads\/2026\/01\/marches01-scaled.webp\" rel=\"block-4\"><img alt=\"\" decoding=\"async\" width=\"207\" height=\"207\" src=\"https:\/\/www.rochelets.com\/wp-content\/uploads\/2026\/01\/marches01-207x207.webp\" alt=\"\" class=\"wp-image-895\" srcset=\"https:\/\/www.rochelets.com\/wp-content\/uploads\/2026\/01\/marches01-207x207.webp 207w, https:\/\/www.rochelets.com\/wp-content\/uploads\/2026\/01\/marches01-150x150.webp 150w, https:\/\/www.rochelets.com\/wp-content\/uploads\/2026\/01\/marches01-350x350.webp 350w, https:\/\/www.rochelets.com\/wp-content\/uploads\/2026\/01\/marches01-100x100.webp 100w, https:\/\/www.rochelets.com\/wp-content\/uploads\/2026\/01\/marches01-1000x1000.webp 1000w, https:\/\/www.rochelets.com\/wp-content\/uploads\/2026\/01\/marches01-600x600.webp 600w, https:\/\/www.rochelets.com\/wp-content\/uploads\/2026\/01\/marches01-400x400.webp 400w, https:\/\/www.rochelets.com\/wp-content\/uploads\/2026\/01\/marches01-200x200.webp 200w\" sizes=\"(max-width: 207px) 100vw, 207px\" \/><\/a><\/figure>\n<\/div>\n<\/div>\n<\/div>\n<\/div>\n<\/div>\n<\/div>\n\n\n\n<div style=\"height:200px\" aria-hidden=\"true\" class=\"wp-block-spacer\"><\/div>\n\n\n\n<div class=\"wp-block-cover alignfull banner-wave-0 has-primary-light-color has-text-color has-link-color wp-elements-8a44cd14e5aed1877cd3f91298b3c79d\"><img alt=\"\" decoding=\"async\" class=\"wp-block-cover__image-background wp-image-240 size-full\" alt=\"\" src=\"https:\/\/www.rochelets.com\/wp-content\/uploads\/2025\/12\/wave-white-4.svg\" style=\"object-position:49% 0%\" data-object-fit=\"cover\" data-object-position=\"49% 0%\"\/><span aria-hidden=\"true\" class=\"wp-block-cover__background has-transparent-background-color has-background-dim-100 has-background-dim\"><\/span><div class=\"wp-block-cover__inner-container has-global-padding is-layout-constrained wp-block-cover-is-layout-constrained\">\n<div style=\"height:3vw\" aria-hidden=\"true\" class=\"wp-block-spacer\"><\/div>\n\n\n\n<div class=\"wp-block-group alignfull has-global-padding is-layout-constrained wp-block-group-is-layout-constrained\">\n<div class=\"wp-block-group alignfull fade-left has-global-padding is-layout-constrained wp-block-group-is-layout-constrained\">\n<div class=\"wp-block-columns alignwide is-layout-flex wp-container-core-columns-is-layout-5b614432 wp-block-columns-is-layout-flex\">\n<div class=\"wp-block-column from-left is-layout-flow wp-block-column-is-layout-flow\" style=\"flex-basis:43%\">\n<div class=\"wp-block-group has-global-padding is-layout-constrained wp-block-group-is-layout-constrained\">\n<div class=\"wp-block-horizon-blocks-image-bubble position-bottom-left\">\n<div class=\"wp-block-group block-image-bubble is-layout-flow wp-block-group-is-layout-flow\">\n<figure class=\"wp-block-image size-1\/1_600x600_desktop block-image-bubble__image\"><a href=\"https:\/\/www.rochelets.com\/wp-content\/uploads\/2026\/01\/marches05-scaled.webp\" rel=\"block-5\"><img alt=\"\" decoding=\"async\" width=\"600\" height=\"600\" src=\"https:\/\/www.rochelets.com\/wp-content\/uploads\/2026\/01\/marches05-600x600.webp\" alt=\"\" class=\"wp-image-917\" srcset=\"https:\/\/www.rochelets.com\/wp-content\/uploads\/2026\/01\/marches05-600x600.webp 600w, https:\/\/www.rochelets.com\/wp-content\/uploads\/2026\/01\/marches05-150x150.webp 150w, https:\/\/www.rochelets.com\/wp-content\/uploads\/2026\/01\/marches05-207x207.webp 207w, https:\/\/www.rochelets.com\/wp-content\/uploads\/2026\/01\/marches05-350x350.webp 350w, https:\/\/www.rochelets.com\/wp-content\/uploads\/2026\/01\/marches05-100x100.webp 100w, https:\/\/www.rochelets.com\/wp-content\/uploads\/2026\/01\/marches05-1000x1000.webp 1000w, https:\/\/www.rochelets.com\/wp-content\/uploads\/2026\/01\/marches05-400x400.webp 400w, https:\/\/www.rochelets.com\/wp-content\/uploads\/2026\/01\/marches05-200x200.webp 200w\" sizes=\"(max-width: 600px) 100vw, 600px\" \/><\/a><\/figure>\n\n\n\n<div class=\"wp-block-group block-image-bubble__bubble is-layout-flow wp-block-group-is-layout-flow\">\n<figure class=\"wp-block-image size-bubble block-image-bubble__bubble-image\"><a href=\"https:\/\/www.rochelets.com\/wp-content\/uploads\/2026\/01\/marches03-scaled.webp\" rel=\"block-5\"><img alt=\"L\u00e9gumes frais vari\u00e9s sur un \u00e9tal de march\u00e9.\" decoding=\"async\" width=\"207\" height=\"207\" src=\"https:\/\/www.rochelets.com\/wp-content\/uploads\/2026\/01\/marches03-207x207.webp\" alt=\"\" class=\"wp-image-897\" srcset=\"https:\/\/www.rochelets.com\/wp-content\/uploads\/2026\/01\/marches03-207x207.webp 207w, https:\/\/www.rochelets.com\/wp-content\/uploads\/2026\/01\/marches03-150x150.webp 150w, https:\/\/www.rochelets.com\/wp-content\/uploads\/2026\/01\/marches03-350x350.webp 350w, https:\/\/www.rochelets.com\/wp-content\/uploads\/2026\/01\/marches03-100x100.webp 100w, https:\/\/www.rochelets.com\/wp-content\/uploads\/2026\/01\/marches03-1000x1000.webp 1000w, https:\/\/www.rochelets.com\/wp-content\/uploads\/2026\/01\/marches03-600x600.webp 600w, https:\/\/www.rochelets.com\/wp-content\/uploads\/2026\/01\/marches03-400x400.webp 400w, https:\/\/www.rochelets.com\/wp-content\/uploads\/2026\/01\/marches03-200x200.webp 200w\" sizes=\"(max-width: 207px) 100vw, 207px\" \/><\/a><\/figure>\n<\/div>\n<\/div>\n<\/div>\n<\/div>\n<\/div>\n\n\n\n<div class=\"wp-block-column is-vertically-aligned-bottom from-right is-layout-flow wp-block-column-is-layout-flow\" style=\"flex-basis:55%\">\n<div class=\"wp-block-group has-primary-dark-color has-text-color has-link-color wp-elements-3523c61e8bef94d35db6fdf336a2a787 has-global-padding is-layout-constrained wp-container-core-group-is-layout-9c8dac04 wp-block-group-is-layout-constrained\">\n<div class=\"wp-block-group has-global-padding is-layout-constrained wp-block-group-is-layout-constrained\">\n<p class=\"has-text-align-left has-s-font-size\"><strong>Mercado de Tharon-Plage \/ Saint-Michel-Chef-Chef (mercado de verano)<\/strong><\/p>\n\n\n\n<p class=\"has-text-align-left\">El mercado de Tharon es un verdadero lugar de convivencia e intercambio de ideas. En verano, hasta 250 comerciantes se instalan en la plaza del mercado. Charcuter\u00edas, queser\u00edas, panader\u00edas, fruter\u00edas, panader\u00edas, as\u00ed como productos textiles, marroquiner\u00eda, ferreter\u00eda, artesan\u00eda, etc.  <\/p>\n\n\n\n<p class=\"has-text-align-left\"><strong>\u00bfCu\u00e1ndo?<\/strong>  Todos los martes y viernes de 8 a 14 h (s\u00f3lo en julio y agosto). \u00bfd\u00f3nde? Place du March\u00e9, Tharon-Plage (municipio de Saint-Michel-Chef-Chef).<\/p>\n\n\n\n<p class=\"has-text-align-left has-s-font-size\"><strong>Mercado de pr\u00e9failles<\/strong><\/p>\n\n\n\n<p>El mercado de Pr\u00e9failles es uno de los m\u00e1s pintorescos del Pays de Retz, con la Grande Plage justo debajo. Es dif\u00edcil resistirse a probar todas las especialidades locales. Durante la temporada de verano, el mercado se ampl\u00eda con muchos m\u00e1s puestos que venden una gran variedad de ropa, joyas y artesan\u00eda.  <\/p>\n\n\n\n<p class=\"has-text-align-left\"><strong>\u00bfCu\u00e1ndo?<\/strong>  Mi\u00e9rcoles y s\u00e1bados. \u00bfd\u00f3nde? Centro de la ciudad de Pr\u00e9failles.<\/p>\n<\/div>\n<\/div>\n<\/div>\n<\/div>\n<\/div>\n<\/div>\n\n\n\n<div class=\"wp-block-group alignfull has-global-padding is-layout-constrained wp-block-group-is-layout-constrained\">\n<div class=\"wp-block-group alignfull has-global-padding is-content-justification-right is-layout-constrained wp-container-core-group-is-layout-3c321358 wp-block-group-is-layout-constrained\">\n<div class=\"wp-block-group has-global-padding is-content-justification-right is-layout-constrained wp-container-core-group-is-layout-a3883e76 wp-block-group-is-layout-constrained\">\n<figure class=\"wp-block-image alignright size-full parallax-slow\"><img alt=\"\" decoding=\"async\" width=\"341\" height=\"411\" src=\"https:\/\/www.rochelets.com\/wp-content\/uploads\/2025\/12\/shell-5.webp\" alt=\"\" class=\"wp-image-241\" srcset=\"https:\/\/www.rochelets.com\/wp-content\/uploads\/2025\/12\/shell-5.webp 341w, https:\/\/www.rochelets.com\/wp-content\/uploads\/2025\/12\/shell-5-249x300.webp 249w\" sizes=\"(max-width: 341px) 100vw, 341px\" \/><\/figure>\n<\/div>\n<\/div>\n\n\n\n<div style=\"height:25px\" aria-hidden=\"true\" class=\"wp-block-spacer\"><\/div>\n<\/div>\n<\/div><\/div>\n<\/div>\n<\/div>\n","protected":false},"excerpt":{"rendered":"<p>Saint-Nazaire, Saint-Michel-Chef-Chef, Pr\u00e9failles Mercados ineludibles en Saint-Brevin-les-Pins este verano \u00a1Qu\u00e9 placer pasear por los mercados cuando est\u00e1s de vacaciones! Saint-Nazaire, Saint-Michel-Chef-Chef, Pr\u00e9failles&#8230; Aqu\u00ed tienes un resumen de los mercados del Pays de Retz y de la C\u00f4te de Jade, que puedes visitar desde nuestro camping de Saint-Brevin-les-Pins. Mercado de Saint Br\u00e9vin A s\u00f3lo 15 km [&hellip;]<\/p>\n","protected":false},"author":1,"featured_media":0,"parent":0,"menu_order":47,"comment_status":"closed","ping_status":"closed","template":"page-no-title","meta":{"_acf_changed":false,"_seopress_robots_primary_cat":"","_seopress_titles_title":"Mercados Saint-Brevin-les-Pins | D\u00edas y horarios","_seopress_titles_desc":"Descubre los mercados de Saint-Brevin-les-Pins: productos frescos, productos de la tierra y encuentros locales para saborear durante tus vacaciones. | Les Rochelets ","_seopress_robots_index":"","footnotes":""},"class_list":["post-4701","page","type-page","status-publish","hentry"],"acf":[],"_links":{"self":[{"href":"https:\/\/www.rochelets.com\/es\/wp-json\/wp\/v2\/pages\/4701","targetHints":{"allow":["GET"]}}],"collection":[{"href":"https:\/\/www.rochelets.com\/es\/wp-json\/wp\/v2\/pages"}],"about":[{"href":"https:\/\/www.rochelets.com\/es\/wp-json\/wp\/v2\/types\/page"}],"author":[{"embeddable":true,"href":"https:\/\/www.rochelets.com\/es\/wp-json\/wp\/v2\/users\/1"}],"replies":[{"embeddable":true,"href":"https:\/\/www.rochelets.com\/es\/wp-json\/wp\/v2\/comments?post=4701"}],"version-history":[{"count":1,"href":"https:\/\/www.rochelets.com\/es\/wp-json\/wp\/v2\/pages\/4701\/revisions"}],"predecessor-version":[{"id":4703,"href":"https:\/\/www.rochelets.com\/es\/wp-json\/wp\/v2\/pages\/4701\/revisions\/4703"}],"wp:attachment":[{"href":"https:\/\/www.rochelets.com\/es\/wp-json\/wp\/v2\/media?parent=4701"}],"curies":[{"name":"wp","href":"https:\/\/api.w.org\/{rel}","templated":true}]}}