{"id":4680,"date":"2025-12-15T09:54:28","date_gmt":"2025-12-15T08:54:28","guid":{"rendered":"https:\/\/rochelets.plune.fr\/ubicaciones\/"},"modified":"2026-02-17T10:58:55","modified_gmt":"2026-02-17T09:58:55","slug":"ubicaciones","status":"publish","type":"page","link":"https:\/\/www.rochelets.com\/es\/ubicaciones\/","title":{"rendered":"Ubicaciones"},"content":{"rendered":"\n<div class=\"wp-block-cover alignfull hrz-hero\" style=\"margin-top:0;margin-bottom:0;padding-top:0;padding-right:0;padding-bottom:0;padding-left:0\"><img alt=\"\" decoding=\"async\" class=\"wp-block-cover__image-background wp-image-170 size-full\" alt=\"\" src=\"https:\/\/www.rochelets.com\/wp-content\/uploads\/2025\/12\/wave-white-short.svg\" style=\"object-position:50% 0%\" data-object-fit=\"cover\" data-object-position=\"50% 0%\"\/><span aria-hidden=\"true\" class=\"wp-block-cover__background has-transparent-background-color has-background-dim-100 has-background-dim\"><\/span><div class=\"wp-block-cover__inner-container is-layout-flow wp-container-core-cover-is-layout-2a668712 wp-block-cover-is-layout-flow\">\n<div class=\"wp-block-cover\" style=\"padding-top:35vh;padding-right:var(--wp--preset--spacing--xs);padding-bottom:35vh;padding-left:var(--wp--preset--spacing--xs)\"><img alt=\"Tente et chaises de camping sur pelouse.\" decoding=\"async\" width=\"2560\" height=\"1707\" class=\"wp-block-cover__image-background wp-image-550 size-full\" alt=\"\" src=\"https:\/\/www.rochelets.com\/wp-content\/uploads\/2026\/01\/campeurs-scaled.webp\" style=\"object-position:55% 100%\" data-object-fit=\"cover\" data-object-position=\"55% 100%\" srcset=\"https:\/\/www.rochelets.com\/wp-content\/uploads\/2026\/01\/campeurs-scaled.webp 2560w, https:\/\/www.rochelets.com\/wp-content\/uploads\/2026\/01\/campeurs-300x200.webp 300w, https:\/\/www.rochelets.com\/wp-content\/uploads\/2026\/01\/campeurs-1024x683.webp 1024w, https:\/\/www.rochelets.com\/wp-content\/uploads\/2026\/01\/campeurs-768x512.webp 768w, https:\/\/www.rochelets.com\/wp-content\/uploads\/2026\/01\/campeurs-1440x960.webp 1440w, https:\/\/www.rochelets.com\/wp-content\/uploads\/2026\/01\/campeurs-1080x720.webp 1080w, https:\/\/www.rochelets.com\/wp-content\/uploads\/2026\/01\/campeurs-720x480.webp 720w, https:\/\/www.rochelets.com\/wp-content\/uploads\/2026\/01\/campeurs-480x320.webp 480w, https:\/\/www.rochelets.com\/wp-content\/uploads\/2026\/01\/campeurs-240x160.webp 240w, https:\/\/www.rochelets.com\/wp-content\/uploads\/2026\/01\/campeurs-120x80.webp 120w\" sizes=\"(max-width: 2560px) 100vw, 2560px\" \/><span aria-hidden=\"true\" class=\"wp-block-cover__background has-background-dim-40 has-background-dim wp-block-cover__gradient-background has-background-gradient\" style=\"background:linear-gradient(0deg,rgba(255,255,255,0) 0%,rgb(0,0,0) 100%)\"><\/span><div class=\"wp-block-cover__inner-container is-layout-flow wp-block-cover-is-layout-flow\">\n<div class=\"wp-block-group has-global-padding is-layout-constrained wp-block-group-is-layout-constrained\" style=\"padding-bottom:var(--wp--preset--spacing--xl)\">\n<p class=\"has-text-align-center is-style-top-title has-background-color has-text-color has-link-color has-secondary-font-family has-l-font-size wp-elements-38a82d285b9cc9a808d81c5e8f131c44\">Parcelas en el camping Les Rochelets<\/p>\n<\/div>\n<\/div><\/div>\n<\/div><\/div>\n<div style=\"padding-left:var(--wp--preset--spacing--s);padding-top:var(--wp--preset--spacing--s);padding-bottom:var(--wp--preset--spacing--s);margin-top:-5px;\" class=\"alignfull wp-elements-8f51c863825ae36974923736c1beb9cd wp-block-wpseopress-breadcrumbs has-text-color has-secondary-color has-background has-background-background-color\"><nav  aria-label=\"migas de pan\"><ol class=\"breadcrumb\" itemscope itemtype=\"https:\/\/schema.org\/BreadcrumbList\"><li class=\"breadcrumb-item active\" aria-current=\"page\" itemprop=\"itemListElement\" itemscope itemtype=\"https:\/\/schema.org\/ListItem\"><span itemprop=\"name\">Camping \u00e0 Saint-Brevin-les-Pins<\/span><meta itemprop=\"position\" content=\"1\"><\/li><\/ol><\/nav><\/div>\n<div style=\"height:200px\" aria-hidden=\"true\" class=\"wp-block-spacer\"><\/div>\n\n<div class=\"wp-block-group alignfull has-global-padding is-layout-constrained wp-container-core-group-is-layout-838c3748 wp-block-group-is-layout-constrained\" style=\"padding-right:var(--wp--preset--spacing--xs);padding-left:var(--wp--preset--spacing--xs)\">\n<div class=\"wp-block-columns alignwide fade is-layout-flex wp-container-core-columns-is-layout-e0b60340 wp-block-columns-is-layout-flex\">\n<div class=\"wp-block-column is-layout-flow wp-block-column-is-layout-flow\" style=\"flex-basis:43%\">\n<div class=\"wp-block-horizon-blocks-image-bubble position-bottom-left\">\n<div class=\"wp-block-group block-image-bubble is-layout-flow wp-block-group-is-layout-flow\">\n<figure class=\"wp-block-image size-full block-image-bubble__image\"><a href=\"https:\/\/www.rochelets.com\/wp-content\/uploads\/2025\/12\/img-emplacements.webp\" rel=\"block-1\"><img alt=\"\" decoding=\"async\" width=\"515\" height=\"385\" src=\"https:\/\/www.rochelets.com\/wp-content\/uploads\/2025\/12\/img-emplacements.webp\" alt=\"\" class=\"wp-image-217\" srcset=\"https:\/\/www.rochelets.com\/wp-content\/uploads\/2025\/12\/img-emplacements.webp 515w, https:\/\/www.rochelets.com\/wp-content\/uploads\/2025\/12\/img-emplacements-300x224.webp 300w, https:\/\/www.rochelets.com\/wp-content\/uploads\/2025\/12\/img-emplacements-430x320.webp 430w, https:\/\/www.rochelets.com\/wp-content\/uploads\/2025\/12\/img-emplacements-320x240.webp 320w, https:\/\/www.rochelets.com\/wp-content\/uploads\/2025\/12\/img-emplacements-160x120.webp 160w\" sizes=\"(max-width: 515px) 100vw, 515px\" \/><\/a><\/figure>\n\n\n\n<div class=\"wp-block-group block-image-bubble__bubble has-global-padding is-layout-constrained wp-block-group-is-layout-constrained\">\n<figure class=\"wp-block-image size-bubble block-image-bubble__bubble-image\"><a href=\"https:\/\/www.rochelets.com\/wp-content\/uploads\/2026\/01\/emplacement-tente.webp\" rel=\"block-1\"><img alt=\"Tentes rouges et bleues sur pelouse en for\u00eat.\" decoding=\"async\" width=\"207\" height=\"207\" src=\"https:\/\/www.rochelets.com\/wp-content\/uploads\/2026\/01\/emplacement-tente-207x207.webp\" alt=\"\" class=\"wp-image-552\" srcset=\"https:\/\/www.rochelets.com\/wp-content\/uploads\/2026\/01\/emplacement-tente-207x207.webp 207w, https:\/\/www.rochelets.com\/wp-content\/uploads\/2026\/01\/emplacement-tente-150x150.webp 150w, https:\/\/www.rochelets.com\/wp-content\/uploads\/2026\/01\/emplacement-tente-350x350.webp 350w, https:\/\/www.rochelets.com\/wp-content\/uploads\/2026\/01\/emplacement-tente-100x100.webp 100w, https:\/\/www.rochelets.com\/wp-content\/uploads\/2026\/01\/emplacement-tente-1000x1000.webp 1000w, https:\/\/www.rochelets.com\/wp-content\/uploads\/2026\/01\/emplacement-tente-600x600.webp 600w, https:\/\/www.rochelets.com\/wp-content\/uploads\/2026\/01\/emplacement-tente-400x400.webp 400w, https:\/\/www.rochelets.com\/wp-content\/uploads\/2026\/01\/emplacement-tente-200x200.webp 200w\" sizes=\"(max-width: 207px) 100vw, 207px\" \/><\/a><\/figure>\n<\/div>\n<\/div>\n<\/div>\n<\/div>\n\n\n\n<div class=\"wp-block-column is-vertically-aligned-bottom is-layout-flow wp-block-column-is-layout-flow\" style=\"flex-basis:55%\">\n<div class=\"wp-block-group has-global-padding is-layout-constrained wp-container-core-group-is-layout-9c8dac04 wp-block-group-is-layout-constrained\">\n<div class=\"wp-block-group has-global-padding is-layout-constrained wp-container-core-group-is-layout-38e7494a wp-block-group-is-layout-constrained\">\n<p class=\"is-style-headline is-style-headline--1\">Parcelas para tiendas, caravanas y autocaravanas<\/p>\n\n\n\n<h1 class=\"wp-block-heading has-text-align-left is-style-title-below is-style-title-below--2\">Parcelas de camping en Saint-Br\u00e9vin-les-Pins<\/h1>\n<\/div>\n\n\n\n<div class=\"wp-block-group has-global-padding is-layout-constrained wp-block-group-is-layout-constrained\">\n<p><strong>Parcelas de camping en St Br\u00e9vin Les Pins<\/strong><\/p>\n\n\n\n<p>El entorno natural de nuestro <a href=\"https:\/\/www.rochelets.com\/\">camping en Saint-Brevin-les-Pins<\/a> es excepcional, y aloj\u00e1ndote aqu\u00ed estar\u00e1s cerca del bosque de <a href=\"https:\/\/www.rochelets.com\/camping-loire-atlantique\"><strong>Saint-Brevin<\/strong><\/a> y en el coraz\u00f3n de un entorno verde ideal para relajarse. En cuanto <a href=\"https:\/\/www.rochelets.com\/camping-saint-brevin-mer-plage\">al mar<\/a>, es sencillo: est\u00e1 a tiro de piedra. Playas como l&#8217;Oc\u00e9an, l&#8217;Ermitage y, por supuesto, Les Rochelets tienen todas el distintivo de Bandera Azul, garant\u00eda de una calidad \u00f3ptima del agua y de un entorno saludable. \u00bfPor qu\u00e9 no vienes a disfrutar de ellas? Ofrecemos <strong>parcelas de acampada<\/strong> para tiendas, caravanas y autocaravanas.    <\/p>\n<\/div>\n<\/div>\n<\/div>\n<\/div>\n<\/div>\n\n<div style=\"height:100px\" aria-hidden=\"true\" class=\"wp-block-spacer\"><\/div>\n\n<div class=\"wp-block-group alignfull fade is-layout-flow wp-block-group-is-layout-flow\" style=\"padding-right:var(--wp--preset--spacing--l);padding-left:var(--wp--preset--spacing--l)\">\n\t<div class=\"alignfull swiper-hebergement-static has-global-padding is-layout-constrained wp-container-horizon-blocks-query-camping-rest-static-is-layout-ce4b6fbf wp-block-horizon-blocks-query-camping-rest-static-is-layout-constrained\">\n\t\t<ul class=\"static-hebergement-listing swiper-wrapper\">\n\t\t\t<style>:root { \n\t\t\t\t--static-query-color: var(--wp--custom--color--card-product-content-price-available-background);\n\t\t\t\t--available-text-content-color: var(--wp--custom--color--card-product-content-price-available-paragraph);\n\t\t\t\t--available-btn-bg-color: var(--wp--custom--color--card-product-content-price-available-button-book-background);\n\t\t\t\t--available-btn-text-color: var(--wp--custom--color--card-product-content-price-available-button-book-paragraph);\n\t\t\t\t--available-btn-bg-hover-color: var(--wp--custom--color--card-product-content-price-available-button-book-background-hover);\n\t\t\t\t--available-btn-text-hover-color: var(--wp--custom--color--card-product-content-price-available-button-book-paragraph-hover);}\n\t\t\t<\/style>\n\t\t\t\t<li class=\"swiper-slide\">\n\t\t\t\t\t<div class=\"wp-block-group card-product-hebergement card-gamme\">\n\n\t\t\t\t\t\t<div class=\"wp-block-group card-product-hebergement-product-thumbnail\">\n\t\t\t\t\t\t\t<div class=\"wp-block-group\">\n\t\t\t\t\t\t\t\t<a href=\"https:\/\/www.rochelets.com\/es\/hebergements\/ubicacion\/\" title=\"Ubicaci\u00f3n\">\n\t\t\t\t\t\t\t\t\t<figure class=\"wp-block-image alignfull size-large\" style=\"margin:0;\">\n\t\t\t\t\t\t\t\t\t\t<img decoding=\"async\" src=\"https:\/\/www.rochelets.com\/wp-content\/uploads\/2026\/02\/img-emplacements.jpg\" alt=\"Ubicaci\u00f3n\" \/>\n\t\t\t\t\t\t\t\t\t<\/figure>\n\t\t\t\t\t\t\t\t<\/a>\n\t\t\t\t\t\t\t<\/div>\n\n\t\t\t\t\t\t\t<div class=\"wp-block-group bloc-thumbnail-informations\">\n\n\t\t\t\t\t\t\t\t\t\t\t\t\t\t\t\t\t\t\t\t\t\t\t\t\t\t\t<div class=\"wp-block-group bloc-thumbnail-information\">\n\t\t\t\t\t\t\t\t\t\t\t<i class=\"fa-sharp fa-solid fa-family\"><\/i>\t\t\t\t\t\t\t\t\t\t\t<p class=\"label\">6 pers.<\/p>\n\t\t\t\t\t\t\t\t\t\t<\/div>\n\t\t\t\t\t\t\t\t\t\t\t\t\t\t\t\t\t\t\t<div class=\"wp-block-group bloc-thumbnail-information\">\n\t\t\t\t\t\t\t\t\t\t\t<i class=\"fa-solid fa-angle-90\"><\/i>\t\t\t\t\t\t\t\t\t\t\t<p class=\"label\">80  m\u00b2<\/p>\n\t\t\t\t\t\t\t\t\t\t<\/div>\n\t\t\t\t\t\t\t\t\t\n\t\t\t\t\t\t\t\t\n\t\t\t\t\t\t\t<\/div>\n\t\t\t\t\t\t<\/div>\n\n\t\t\t\t\t\t<div class=\"wp-block-group card-product-hebergement-product-content\">\n\t\t\t\t\t\t\t<p class=\"bloc-content-name-gamme\">Ubicaciones<\/p>\n\n\t\t\t\t\t\t\t<h3 class=\"bloc-content-name-product\">Ubicaci\u00f3n<\/h3>\n\n\t\t\t\t\t\t\t<div class=\"card-price\">\n\t\t\t\t\t\t\t\t<div class=\"loader\"><span class=\"dot\"><\/span><span class=\"dot\"><\/span><span class=\"dot\"><\/span><\/div>\n\n\t\t\t\t\t\t\t\t<div class=\"booking_default\">\n\t\t\t\t\t\t\t\t\t<div class=\"wp-block-group card-product-hebergement-product-price\">\n\n\t\t\t\t\t\t\t\t\t\t\n\n\n\t\t\t\t\t\t\t\t\t\t<div class=\"wp-block-buttons alignfull\">\n\t\t\t\t\t\t\t\t\t\t\t<div class=\"bloc-price-button-book\"><a href=\"https:\/\/www.rochelets.com\/es\/hebergements\/ubicacion\/\" class=\"wp-block-button__link wp-element-button\">R\u00e9server<\/a><\/div>\n\t\t\t\t\t\t\t\t\t\t<\/div>\n\t\t\t\t\t\t\t\t\t<\/div>\n\t\t\t\t\t\t\t\t<\/div>\n\t\t\t\t\t\t\t<\/div>\n\t\t\t\t\t\t<\/div>\n\t\t\t\t\t<\/div>\n\t\t\t\t<\/li>\n\n\n\t\t\t\t\t<\/ul>\n\n\t<\/div>\n\n<\/div>\n\n<div style=\"height:100px\" aria-hidden=\"true\" class=\"wp-block-spacer\"><\/div>\n\n<div class=\"wp-block-group alignwide lblp-fade-content is-layout-flow wp-block-group-is-layout-flow\" style=\"padding-right:var(--wp--preset--spacing--xs);padding-left:var(--wp--preset--spacing--xs)\">\n<div class=\"wp-block-columns alignwide fade is-layout-flex wp-container-core-columns-is-layout-f27e9562 wp-block-columns-is-layout-flex\">\n<div class=\"wp-block-column is-vertically-aligned-bottom is-layout-flow wp-block-column-is-layout-flow\" style=\"flex-basis:50%\">\n<div class=\"wp-block-group has-global-padding is-layout-constrained wp-container-core-group-is-layout-9c8dac04 wp-block-group-is-layout-constrained\">\n<div class=\"wp-block-group has-global-padding is-layout-constrained wp-container-core-group-is-layout-a0f07363 wp-block-group-is-layout-constrained\">\n<p class=\"has-text-align-right is-style-headline is-style-headline--3\">Acampar, un par\u00e9ntesis natural<\/p>\n\n\n\n<h2 class=\"wp-block-heading has-text-align-right is-style-title-below is-style-title-below--4\">en Loira Atl\u00e1ntico<\/h2>\n<\/div>\n\n\n\n<div class=\"wp-block-group has-global-padding is-layout-constrained wp-block-group-is-layout-constrained\">\n<p class=\"has-text-align-right\">En el <strong>Camping Paradis Les Rochelets<\/strong>, inst\u00e1late en parcelas de al menos 80 m\u00b2, en el coraz\u00f3n de un entorno arbolado de pinos y encinas. Cada parcela ofrece un agradable equilibrio de sol y sombra, para una estancia tranquila en plena naturaleza. <br\/>La intimidad de tu propio espacio no significa que no puedas aprovechar al m\u00e1ximo el ambiente acogedor del camping: en temporada alta, animaciones, actividades deportivas y eventos nocturnos punt\u00faan tus d\u00edas despu\u00e9s de tus paseos y descubrimientos por la regi\u00f3n Loira-Atl\u00e1ntico. En los d\u00edas m\u00e1s calurosos, el espacio acu\u00e1tico te ofrece un agradable momento de frescor antes de compartir un aperitivo o una comida, preparada in situ o en el bar-restaurante, seg\u00fan desees. <br\/><br\/>Senderismo, ciclismo por la Costa de Jade, pesca, surf o simplemente relax&#8230; en el camping hay para todos los gustos, para que disfrutes de tus vacaciones a tu ritmo.<br\/>Las parcelas est\u00e1n abiertas desde principios de mayo hasta finales de septiembre.<\/p>\n\n\n\n<p class=\"has-text-align-right\"><\/p>\n<\/div>\n<\/div>\n<\/div>\n\n\n\n<div class=\"wp-block-column is-layout-flow wp-block-column-is-layout-flow\" style=\"flex-basis:50%\">\n<div class=\"wp-block-horizon-blocks-image-bubble position-top-right\">\n<div class=\"wp-block-group block-image-bubble is-layout-flow wp-block-group-is-layout-flow\">\n<figure class=\"wp-block-image size-1\/1_600x600_desktop block-image-bubble__image\"><a href=\"https:\/\/www.rochelets.com\/wp-content\/uploads\/2026\/01\/camping-car-scaled.webp\" rel=\"block-4\"><img alt=\"Camping-car stationn\u00e9 sur une pelouse.\" decoding=\"async\" width=\"600\" height=\"600\" src=\"https:\/\/www.rochelets.com\/wp-content\/uploads\/2026\/01\/camping-car-600x600.webp\" alt=\"\" class=\"wp-image-551\" srcset=\"https:\/\/www.rochelets.com\/wp-content\/uploads\/2026\/01\/camping-car-600x600.webp 600w, https:\/\/www.rochelets.com\/wp-content\/uploads\/2026\/01\/camping-car-150x150.webp 150w, https:\/\/www.rochelets.com\/wp-content\/uploads\/2026\/01\/camping-car-207x207.webp 207w, https:\/\/www.rochelets.com\/wp-content\/uploads\/2026\/01\/camping-car-350x350.webp 350w, https:\/\/www.rochelets.com\/wp-content\/uploads\/2026\/01\/camping-car-100x100.webp 100w, https:\/\/www.rochelets.com\/wp-content\/uploads\/2026\/01\/camping-car-1000x1000.webp 1000w, https:\/\/www.rochelets.com\/wp-content\/uploads\/2026\/01\/camping-car-400x400.webp 400w, https:\/\/www.rochelets.com\/wp-content\/uploads\/2026\/01\/camping-car-200x200.webp 200w\" sizes=\"(max-width: 600px) 100vw, 600px\" \/><\/a><\/figure>\n\n\n\n<div class=\"wp-block-group block-image-bubble__bubble has-global-padding is-layout-constrained wp-block-group-is-layout-constrained\">\n<figure class=\"wp-block-image size-bubble block-image-bubble__bubble-image\"><a href=\"https:\/\/www.rochelets.com\/wp-content\/uploads\/2026\/01\/tente-scaled.webp\" rel=\"block-4\"><img alt=\"\" decoding=\"async\" width=\"207\" height=\"207\" src=\"https:\/\/www.rochelets.com\/wp-content\/uploads\/2026\/01\/tente-207x207.webp\" alt=\"\" class=\"wp-image-553\" srcset=\"https:\/\/www.rochelets.com\/wp-content\/uploads\/2026\/01\/tente-207x207.webp 207w, https:\/\/www.rochelets.com\/wp-content\/uploads\/2026\/01\/tente-150x150.webp 150w, https:\/\/www.rochelets.com\/wp-content\/uploads\/2026\/01\/tente-350x350.webp 350w, https:\/\/www.rochelets.com\/wp-content\/uploads\/2026\/01\/tente-100x100.webp 100w, https:\/\/www.rochelets.com\/wp-content\/uploads\/2026\/01\/tente-1000x1000.webp 1000w, https:\/\/www.rochelets.com\/wp-content\/uploads\/2026\/01\/tente-600x600.webp 600w, https:\/\/www.rochelets.com\/wp-content\/uploads\/2026\/01\/tente-400x400.webp 400w, https:\/\/www.rochelets.com\/wp-content\/uploads\/2026\/01\/tente-200x200.webp 200w\" sizes=\"(max-width: 207px) 100vw, 207px\" \/><\/a><\/figure>\n<\/div>\n<\/div>\n<\/div>\n<\/div>\n<\/div>\n<\/div>\n\n<div style=\"height:150px\" aria-hidden=\"true\" class=\"wp-block-spacer\"><\/div>\n","protected":false},"excerpt":{"rendered":"<p>Parcelas para tiendas, caravanas y autocaravanas Parcelas de camping en Saint-Br\u00e9vin-les-Pins Parcelas de camping en St Br\u00e9vin Les Pins El entorno natural de nuestro camping en Saint-Brevin-les-Pins es excepcional, y aloj\u00e1ndote aqu\u00ed estar\u00e1s cerca del bosque de Saint-Brevin y en el coraz\u00f3n de un entorno verde ideal para relajarse. En cuanto al mar, es sencillo: [&hellip;]<\/p>\n","protected":false},"author":1,"featured_media":0,"parent":0,"menu_order":27,"comment_status":"closed","ping_status":"closed","template":"page-no-title","meta":{"_acf_changed":false,"_seopress_robots_primary_cat":"","_seopress_titles_title":"Emplacement Saint-Brevin-les-Pins | Emplacements pour tentes, caravanes et camping-cars","_seopress_titles_desc":"R\u00e9servez votre emplacement de camping pour tente, caravane ou camping-car \u00e0 Saint-Brevin-les-Pins pour vos vacances.","_seopress_robots_index":"","footnotes":""},"class_list":["post-4680","page","type-page","status-publish","hentry"],"acf":[],"_links":{"self":[{"href":"https:\/\/www.rochelets.com\/es\/wp-json\/wp\/v2\/pages\/4680","targetHints":{"allow":["GET"]}}],"collection":[{"href":"https:\/\/www.rochelets.com\/es\/wp-json\/wp\/v2\/pages"}],"about":[{"href":"https:\/\/www.rochelets.com\/es\/wp-json\/wp\/v2\/types\/page"}],"author":[{"embeddable":true,"href":"https:\/\/www.rochelets.com\/es\/wp-json\/wp\/v2\/users\/1"}],"replies":[{"embeddable":true,"href":"https:\/\/www.rochelets.com\/es\/wp-json\/wp\/v2\/comments?post=4680"}],"version-history":[{"count":2,"href":"https:\/\/www.rochelets.com\/es\/wp-json\/wp\/v2\/pages\/4680\/revisions"}],"predecessor-version":[{"id":5065,"href":"https:\/\/www.rochelets.com\/es\/wp-json\/wp\/v2\/pages\/4680\/revisions\/5065"}],"wp:attachment":[{"href":"https:\/\/www.rochelets.com\/es\/wp-json\/wp\/v2\/media?parent=4680"}],"curies":[{"name":"wp","href":"https:\/\/api.w.org\/{rel}","templated":true}]}}