{"id":4452,"date":"2025-12-15T09:53:30","date_gmt":"2025-12-15T08:53:30","guid":{"rendered":"https:\/\/rochelets.plune.fr\/alquiler-de-bicicletas\/"},"modified":"2026-02-16T17:25:40","modified_gmt":"2026-02-16T16:25:40","slug":"alquiler-de-bicicletas","status":"publish","type":"page","link":"https:\/\/www.rochelets.com\/es\/alquiler-de-bicicletas\/","title":{"rendered":"Alquiler de bicicletas"},"content":{"rendered":"\n<div class=\"wp-block-cover alignfull hrz-hero\" style=\"margin-top:0;margin-bottom:0;padding-top:0;padding-right:0;padding-bottom:0;padding-left:0\"><img alt=\"\" decoding=\"async\" class=\"wp-block-cover__image-background wp-image-170 size-full\" alt=\"\" src=\"https:\/\/www.rochelets.com\/wp-content\/uploads\/2025\/12\/wave-white-short.svg\" style=\"object-position:50% 0%\" data-object-fit=\"cover\" data-object-position=\"50% 0%\"\/><span aria-hidden=\"true\" class=\"wp-block-cover__background has-transparent-background-color has-background-dim-100 has-background-dim\"><\/span><div class=\"wp-block-cover__inner-container is-layout-flow wp-container-core-cover-is-layout-2a668712 wp-block-cover-is-layout-flow\">\n<div class=\"wp-block-cover\" style=\"padding-top:35vh;padding-right:var(--wp--preset--spacing--xs);padding-bottom:35vh;padding-left:var(--wp--preset--spacing--xs)\"><img alt=\"Cyclistes au coucher de soleil, reflets sur l&#039;eau.\" decoding=\"async\" width=\"2560\" height=\"1440\" class=\"wp-block-cover__image-background wp-image-433 size-full\" alt=\"\" src=\"https:\/\/www.rochelets.com\/wp-content\/uploads\/2026\/01\/cyclistes-scaled.webp\" data-object-fit=\"cover\" srcset=\"https:\/\/www.rochelets.com\/wp-content\/uploads\/2026\/01\/cyclistes-scaled.webp 2560w, https:\/\/www.rochelets.com\/wp-content\/uploads\/2026\/01\/cyclistes-300x169.webp 300w, https:\/\/www.rochelets.com\/wp-content\/uploads\/2026\/01\/cyclistes-1024x576.webp 1024w, https:\/\/www.rochelets.com\/wp-content\/uploads\/2026\/01\/cyclistes-768x432.webp 768w, https:\/\/www.rochelets.com\/wp-content\/uploads\/2026\/01\/cyclistes-1920x1080.webp 1920w, https:\/\/www.rochelets.com\/wp-content\/uploads\/2026\/01\/cyclistes-1440x810.webp 1440w, https:\/\/www.rochelets.com\/wp-content\/uploads\/2026\/01\/cyclistes-1366x768.webp 1366w, https:\/\/www.rochelets.com\/wp-content\/uploads\/2026\/01\/cyclistes-800x450.webp 800w, https:\/\/www.rochelets.com\/wp-content\/uploads\/2026\/01\/cyclistes-640x360.webp 640w, https:\/\/www.rochelets.com\/wp-content\/uploads\/2026\/01\/cyclistes-375x210.webp 375w, https:\/\/www.rochelets.com\/wp-content\/uploads\/2026\/01\/cyclistes-200x112.webp 200w, https:\/\/www.rochelets.com\/wp-content\/uploads\/2026\/01\/cyclistes-100x56.webp 100w\" sizes=\"(max-width: 2560px) 100vw, 2560px\" \/><span aria-hidden=\"true\" class=\"wp-block-cover__background has-background-dim-40 has-background-dim wp-block-cover__gradient-background has-background-gradient\" style=\"background:linear-gradient(0deg,rgba(255,255,255,0) 0%,rgb(0,0,0) 100%)\"><\/span><div class=\"wp-block-cover__inner-container is-layout-flow wp-block-cover-is-layout-flow\">\n<div class=\"wp-block-group has-global-padding is-layout-constrained wp-block-group-is-layout-constrained\" style=\"padding-bottom:var(--wp--preset--spacing--xl)\">\n<p class=\"has-text-align-center is-style-top-title has-background-color has-text-color has-link-color has-secondary-font-family has-l-font-size wp-elements-87e39c1731802d8263da537926b5bd98\">Alquilar una bicicleta en Saint-Brevin-les-Pins  <\/p>\n<\/div>\n<\/div><\/div>\n<\/div><\/div>\n<div style=\"padding-left:var(--wp--preset--spacing--s);padding-top:var(--wp--preset--spacing--s);padding-bottom:var(--wp--preset--spacing--s);margin-top:-5px;\" class=\"alignfull wp-elements-8f51c863825ae36974923736c1beb9cd wp-block-wpseopress-breadcrumbs has-text-color has-secondary-color has-background has-background-background-color\"><nav  aria-label=\"migas de pan\"><ol class=\"breadcrumb\" itemscope itemtype=\"https:\/\/schema.org\/BreadcrumbList\"><li class=\"breadcrumb-item active\" aria-current=\"page\" itemprop=\"itemListElement\" itemscope itemtype=\"https:\/\/schema.org\/ListItem\"><span itemprop=\"name\">Camping \u00e0 Saint-Brevin-les-Pins<\/span><meta itemprop=\"position\" content=\"1\"><\/li><\/ol><\/nav><\/div>\n<div style=\"height:200px\" aria-hidden=\"true\" class=\"wp-block-spacer\"><\/div>\n\n<div class=\"wp-block-group alignfull has-global-padding is-layout-constrained wp-container-core-group-is-layout-838c3748 wp-block-group-is-layout-constrained\" style=\"padding-right:var(--wp--preset--spacing--xs);padding-left:var(--wp--preset--spacing--xs)\">\n<div class=\"wp-block-columns alignwide fade is-layout-flex wp-container-core-columns-is-layout-e0b60340 wp-block-columns-is-layout-flex\">\n<div class=\"wp-block-column is-layout-flow wp-block-column-is-layout-flow\" style=\"flex-basis:43%\">\n<div class=\"wp-block-horizon-blocks-image-bubble position-bottom-left\">\n<div class=\"wp-block-group block-image-bubble is-layout-flow wp-block-group-is-layout-flow\">\n<figure class=\"wp-block-image size-1\/1_600x600_desktop block-image-bubble__image\"><a href=\"https:\/\/www.rochelets.com\/wp-content\/uploads\/2026\/01\/rochelets-2024-025-scaled.webp\" rel=\"block-1\"><img alt=\"Groupe de cyclistes au camping sous le portail.\" decoding=\"async\" width=\"600\" height=\"600\" src=\"https:\/\/www.rochelets.com\/wp-content\/uploads\/2026\/01\/rochelets-2024-025-600x600.webp\" alt=\"\" class=\"wp-image-319\" srcset=\"https:\/\/www.rochelets.com\/wp-content\/uploads\/2026\/01\/rochelets-2024-025-600x600.webp 600w, https:\/\/www.rochelets.com\/wp-content\/uploads\/2026\/01\/rochelets-2024-025-150x150.webp 150w, https:\/\/www.rochelets.com\/wp-content\/uploads\/2026\/01\/rochelets-2024-025-207x207.webp 207w, https:\/\/www.rochelets.com\/wp-content\/uploads\/2026\/01\/rochelets-2024-025-350x350.webp 350w, https:\/\/www.rochelets.com\/wp-content\/uploads\/2026\/01\/rochelets-2024-025-100x100.webp 100w, https:\/\/www.rochelets.com\/wp-content\/uploads\/2026\/01\/rochelets-2024-025-1000x1000.webp 1000w, https:\/\/www.rochelets.com\/wp-content\/uploads\/2026\/01\/rochelets-2024-025-400x400.webp 400w, https:\/\/www.rochelets.com\/wp-content\/uploads\/2026\/01\/rochelets-2024-025-200x200.webp 200w\" sizes=\"(max-width: 600px) 100vw, 600px\" \/><\/a><\/figure>\n\n\n\n<div class=\"wp-block-group block-image-bubble__bubble has-global-padding is-layout-constrained wp-block-group-is-layout-constrained\">\n<figure class=\"wp-block-image size-bubble block-image-bubble__bubble-image\"><a href=\"https:\/\/www.rochelets.com\/wp-content\/uploads\/2026\/01\/velo-campagne-scaled.webp\" rel=\"block-1\"><img alt=\"Famille en v\u00e9lo sur chemin forestier\" decoding=\"async\" width=\"207\" height=\"207\" src=\"https:\/\/www.rochelets.com\/wp-content\/uploads\/2026\/01\/velo-campagne-207x207.webp\" alt=\"\" class=\"wp-image-435\" srcset=\"https:\/\/www.rochelets.com\/wp-content\/uploads\/2026\/01\/velo-campagne-207x207.webp 207w, https:\/\/www.rochelets.com\/wp-content\/uploads\/2026\/01\/velo-campagne-150x150.webp 150w, https:\/\/www.rochelets.com\/wp-content\/uploads\/2026\/01\/velo-campagne-350x350.webp 350w, https:\/\/www.rochelets.com\/wp-content\/uploads\/2026\/01\/velo-campagne-100x100.webp 100w, https:\/\/www.rochelets.com\/wp-content\/uploads\/2026\/01\/velo-campagne-1000x1000.webp 1000w, https:\/\/www.rochelets.com\/wp-content\/uploads\/2026\/01\/velo-campagne-600x600.webp 600w, https:\/\/www.rochelets.com\/wp-content\/uploads\/2026\/01\/velo-campagne-400x400.webp 400w, https:\/\/www.rochelets.com\/wp-content\/uploads\/2026\/01\/velo-campagne-200x200.webp 200w\" sizes=\"(max-width: 207px) 100vw, 207px\" \/><\/a><\/figure>\n<\/div>\n<\/div>\n<\/div>\n<\/div>\n\n\n\n<div class=\"wp-block-column is-vertically-aligned-bottom is-layout-flow wp-block-column-is-layout-flow\" style=\"flex-basis:55%\">\n<div class=\"wp-block-group has-global-padding is-layout-constrained wp-container-core-group-is-layout-9c8dac04 wp-block-group-is-layout-constrained\">\n<div class=\"wp-block-group has-global-padding is-layout-constrained wp-container-core-group-is-layout-38e7494a wp-block-group-is-layout-constrained\">\n<p class=\"is-style-headline is-style-headline--1\">Descubrir San Brevino  <\/p>\n\n\n\n<h1 class=\"wp-block-heading has-text-align-left is-style-title-below is-style-title-below--2\">Alquiler de bicicletas en Saint-Brevin-les-Pins<\/h1>\n<\/div>\n\n\n\n<div class=\"wp-block-group has-global-padding is-layout-constrained wp-block-group-is-layout-constrained\">\n<p>Nuestro <a href=\"https:\/\/www.rochelets.com\/\">camping Les Rochelets en St Brevin<\/a> ofrece alquiler de bicicletas para ni\u00f1os y adultos por d\u00edas, semanas o incluso m\u00e1s tiempo si lo deseas.<\/p>\n\n\n\n<p>La estaci\u00f3n balnearia de Saint Br\u00e9vin les Pins cuenta con unos 40 kil\u00f3metros de instalaciones para los amantes del ciclismo. La bicicleta es una de las mejores formas de descubrir nuestra ciudad con amigos o en familia, y de ir y volver del camping, del mercado y de la playa. <\/p>\n\n\n\n<p>Las reservas se pueden hacer directamente en la recepci\u00f3n del camping. Con las bicis se suministra todo el equipo de seguridad, como cascos, asientos para ni\u00f1os y candados. <\/p>\n<\/div>\n<\/div>\n<\/div>\n<\/div>\n<\/div>\n\n<div style=\"height:280px\" aria-hidden=\"true\" class=\"wp-block-spacer\"><\/div>\n\n<div class=\"wp-block-group alignfull pin-scope-fade is-layout-flow wp-block-group-is-layout-flow\" style=\"margin-bottom:-5px\">\n<div class=\"wp-block-group alignfull content-anim has-background has-global-padding is-layout-constrained wp-container-core-group-is-layout-10d781b8 wp-block-group-is-layout-constrained\" style=\"background:linear-gradient(180deg,rgb(255,255,245) 37%,rgb(253,203,115) 100%);padding-top:0;padding-bottom:0\">\n<div style=\"background-image:url(&apos;https:\/\/www.rochelets.com\/wp-content\/uploads\/2026\/01\/couple-cyclistes-scaled.webp&apos;);background-size:cover;\" class=\"wp-block-group alignfull hero-global has-global-padding is-layout-constrained wp-block-group-is-layout-constrained has-background\"\/>\n\n\n\n<div class=\"wp-block-group alignwide lblp-fade-content is-layout-flow wp-block-group-is-layout-flow\" style=\"padding-right:var(--wp--preset--spacing--xs);padding-left:var(--wp--preset--spacing--xs)\">\n<div class=\"wp-block-columns alignwide fade is-layout-flex wp-container-core-columns-is-layout-f27e9562 wp-block-columns-is-layout-flex\">\n<div class=\"wp-block-column is-vertically-aligned-bottom is-layout-flow wp-block-column-is-layout-flow\" style=\"flex-basis:50%\">\n<div class=\"wp-block-group has-global-padding is-layout-constrained wp-container-core-group-is-layout-9c8dac04 wp-block-group-is-layout-constrained\">\n<div class=\"wp-block-group has-global-padding is-layout-constrained wp-container-core-group-is-layout-a0f07363 wp-block-group-is-layout-constrained\">\n<p class=\"has-text-align-right is-style-headline is-style-headline--3\">Visita Saint Br\u00e9vin en bicicleta,<\/p>\n\n\n\n<h2 class=\"wp-block-heading has-text-align-right is-style-title-below is-style-title-below--4\">\u00a1es sobre todo el arte de vivir las vacaciones de camping de una forma diferente!<\/h2>\n<\/div>\n\n\n\n<div class=\"wp-block-group has-global-padding is-layout-constrained wp-block-group-is-layout-constrained\">\n<p class=\"has-text-align-right\">Es una forma estupenda de descubrir el paisaje y el patrimonio de la costa atl\u00e1ntica, acceder a las playas y observar la flora y la fauna. Si eres un aficionado al ciclismo de vacaciones en Saint Br\u00e9vin o un ciclista entusiasta, el Camping Les Rochelets tiene varias rutas e itinerarios para ti. <\/p>\n\n\n\n<p class=\"has-text-align-right\"><strong>Carriles bici en Saint Brevin, la v\u00eda verde<\/strong><\/p>\n\n\n\n<p class=\"has-text-align-right\">Al norte de Saint Brevin les Pins, la ciudad ha creado un agradable sendero de 5 kil\u00f3metros a trav\u00e9s de una exuberante campi\u00f1a verde. Descubre nuestra estaci\u00f3n balnearia familiar y su flora y fauna: variedad de especies vegetales, animales y biodiversidad. Saliendo de La Grand&#8217;ville, el sendero verde pasa por La Mercellerie, Le Plassis y termina en Le Pont Renaud. Durante este paseo en bicicleta de 1 hora, no olvides hacer una pausa para comer en uno de los numerosos merenderos disponibles.   <\/p>\n<\/div>\n<\/div>\n<\/div>\n\n\n\n<div class=\"wp-block-column is-layout-flow wp-block-column-is-layout-flow\" style=\"flex-basis:50%\">\n<div class=\"wp-block-horizon-blocks-image-bubble position-top-right\">\n<div class=\"wp-block-group block-image-bubble is-layout-flow wp-block-group-is-layout-flow\">\n<figure class=\"wp-block-image size-1\/1_600x600_desktop block-image-bubble__image\"><a href=\"https:\/\/www.rochelets.com\/wp-content\/uploads\/2026\/01\/cyclisme-plage.webp\" rel=\"block-4\"><img alt=\"Silhouette avec v\u00e9lo au coucher du soleil\" decoding=\"async\" width=\"600\" height=\"600\" src=\"https:\/\/www.rochelets.com\/wp-content\/uploads\/2026\/01\/cyclisme-plage-600x600.webp\" alt=\"\" class=\"wp-image-432\" srcset=\"https:\/\/www.rochelets.com\/wp-content\/uploads\/2026\/01\/cyclisme-plage-600x600.webp 600w, https:\/\/www.rochelets.com\/wp-content\/uploads\/2026\/01\/cyclisme-plage-150x150.webp 150w, https:\/\/www.rochelets.com\/wp-content\/uploads\/2026\/01\/cyclisme-plage-207x207.webp 207w, https:\/\/www.rochelets.com\/wp-content\/uploads\/2026\/01\/cyclisme-plage-350x350.webp 350w, https:\/\/www.rochelets.com\/wp-content\/uploads\/2026\/01\/cyclisme-plage-100x100.webp 100w, https:\/\/www.rochelets.com\/wp-content\/uploads\/2026\/01\/cyclisme-plage-1000x1000.webp 1000w, https:\/\/www.rochelets.com\/wp-content\/uploads\/2026\/01\/cyclisme-plage-400x400.webp 400w, https:\/\/www.rochelets.com\/wp-content\/uploads\/2026\/01\/cyclisme-plage-200x200.webp 200w\" sizes=\"(max-width: 600px) 100vw, 600px\" \/><\/a><\/figure>\n\n\n\n<div class=\"wp-block-group block-image-bubble__bubble has-global-padding is-layout-constrained wp-block-group-is-layout-constrained\">\n<figure class=\"wp-block-image size-bubble block-image-bubble__bubble-image\"><a href=\"https:\/\/www.rochelets.com\/wp-content\/uploads\/2026\/01\/location-velos-scaled.webp\" rel=\"block-4\"><img alt=\"Alignement de v\u00e9los gar\u00e9s.\" decoding=\"async\" width=\"207\" height=\"207\" src=\"https:\/\/www.rochelets.com\/wp-content\/uploads\/2026\/01\/location-velos-207x207.webp\" alt=\"\" class=\"wp-image-434\" srcset=\"https:\/\/www.rochelets.com\/wp-content\/uploads\/2026\/01\/location-velos-207x207.webp 207w, https:\/\/www.rochelets.com\/wp-content\/uploads\/2026\/01\/location-velos-150x150.webp 150w, https:\/\/www.rochelets.com\/wp-content\/uploads\/2026\/01\/location-velos-350x350.webp 350w, https:\/\/www.rochelets.com\/wp-content\/uploads\/2026\/01\/location-velos-100x100.webp 100w, https:\/\/www.rochelets.com\/wp-content\/uploads\/2026\/01\/location-velos-1000x1000.webp 1000w, https:\/\/www.rochelets.com\/wp-content\/uploads\/2026\/01\/location-velos-600x600.webp 600w, https:\/\/www.rochelets.com\/wp-content\/uploads\/2026\/01\/location-velos-400x400.webp 400w, https:\/\/www.rochelets.com\/wp-content\/uploads\/2026\/01\/location-velos-200x200.webp 200w\" sizes=\"(max-width: 207px) 100vw, 207px\" \/><\/a><\/figure>\n<\/div>\n<\/div>\n<\/div>\n<\/div>\n<\/div>\n<\/div>\n\n\n\n<div style=\"height:200px\" aria-hidden=\"true\" class=\"wp-block-spacer\"><\/div>\n\n\n\n<div class=\"wp-block-cover alignfull banner-wave-0 has-primary-light-color has-text-color has-link-color wp-elements-c0644a1155fda052bb6009bc1778f83f\"><img alt=\"\" decoding=\"async\" class=\"wp-block-cover__image-background wp-image-240 size-full\" alt=\"\" src=\"https:\/\/www.rochelets.com\/wp-content\/uploads\/2025\/12\/wave-white-4.svg\" style=\"object-position:49% 0%\" data-object-fit=\"cover\" data-object-position=\"49% 0%\"\/><span aria-hidden=\"true\" class=\"wp-block-cover__background has-transparent-background-color has-background-dim-100 has-background-dim\"><\/span><div class=\"wp-block-cover__inner-container has-global-padding is-layout-constrained wp-block-cover-is-layout-constrained\">\n<div style=\"height:3vw\" aria-hidden=\"true\" class=\"wp-block-spacer\"><\/div>\n\n\n\n<div class=\"wp-block-group alignfull has-global-padding is-layout-constrained wp-block-group-is-layout-constrained\">\n<div class=\"wp-block-group alignfull fade-left has-global-padding is-layout-constrained wp-block-group-is-layout-constrained\">\n<div class=\"wp-block-columns alignwide is-layout-flex wp-container-core-columns-is-layout-5b614432 wp-block-columns-is-layout-flex\">\n<div class=\"wp-block-column from-left is-layout-flow wp-block-column-is-layout-flow\" style=\"flex-basis:43%\">\n<div class=\"wp-block-group has-global-padding is-layout-constrained wp-block-group-is-layout-constrained\">\n<div class=\"wp-block-horizon-blocks-image-bubble position-bottom-left\">\n<div class=\"wp-block-group block-image-bubble is-layout-flow wp-block-group-is-layout-flow\">\n<figure class=\"wp-block-image size-1\/1_600x600_desktop block-image-bubble__image\"><a href=\"https:\/\/www.rochelets.com\/wp-content\/uploads\/2026\/01\/velo-plage-scaled.webp\" rel=\"block-5\"><img alt=\"V\u00e9lo sur une plage pr\u00e8s de la mer.\" decoding=\"async\" width=\"600\" height=\"600\" src=\"https:\/\/www.rochelets.com\/wp-content\/uploads\/2026\/01\/velo-plage-600x600.webp\" alt=\"\" class=\"wp-image-429\" srcset=\"https:\/\/www.rochelets.com\/wp-content\/uploads\/2026\/01\/velo-plage-600x600.webp 600w, https:\/\/www.rochelets.com\/wp-content\/uploads\/2026\/01\/velo-plage-150x150.webp 150w, https:\/\/www.rochelets.com\/wp-content\/uploads\/2026\/01\/velo-plage-207x207.webp 207w, https:\/\/www.rochelets.com\/wp-content\/uploads\/2026\/01\/velo-plage-350x350.webp 350w, https:\/\/www.rochelets.com\/wp-content\/uploads\/2026\/01\/velo-plage-100x100.webp 100w, https:\/\/www.rochelets.com\/wp-content\/uploads\/2026\/01\/velo-plage-1000x1000.webp 1000w, https:\/\/www.rochelets.com\/wp-content\/uploads\/2026\/01\/velo-plage-400x400.webp 400w, https:\/\/www.rochelets.com\/wp-content\/uploads\/2026\/01\/velo-plage-200x200.webp 200w\" sizes=\"(max-width: 600px) 100vw, 600px\" \/><\/a><\/figure>\n\n\n\n<div class=\"wp-block-group block-image-bubble__bubble is-layout-flow wp-block-group-is-layout-flow\">\n<figure class=\"wp-block-image size-bubble block-image-bubble__bubble-image\"><a href=\"https:\/\/www.rochelets.com\/wp-content\/uploads\/2026\/01\/balade-a-velos.webp\" rel=\"block-5\"><img alt=\"V\u00e9los gar\u00e9s dans un parc verdoyant.\" decoding=\"async\" width=\"207\" height=\"207\" src=\"https:\/\/www.rochelets.com\/wp-content\/uploads\/2026\/01\/balade-a-velos-207x207.webp\" alt=\"\" class=\"wp-image-430\" srcset=\"https:\/\/www.rochelets.com\/wp-content\/uploads\/2026\/01\/balade-a-velos-207x207.webp 207w, https:\/\/www.rochelets.com\/wp-content\/uploads\/2026\/01\/balade-a-velos-150x150.webp 150w, https:\/\/www.rochelets.com\/wp-content\/uploads\/2026\/01\/balade-a-velos-350x350.webp 350w, https:\/\/www.rochelets.com\/wp-content\/uploads\/2026\/01\/balade-a-velos-100x100.webp 100w, https:\/\/www.rochelets.com\/wp-content\/uploads\/2026\/01\/balade-a-velos-600x600.webp 600w, https:\/\/www.rochelets.com\/wp-content\/uploads\/2026\/01\/balade-a-velos-400x400.webp 400w, https:\/\/www.rochelets.com\/wp-content\/uploads\/2026\/01\/balade-a-velos-200x200.webp 200w\" sizes=\"(max-width: 207px) 100vw, 207px\" \/><\/a><\/figure>\n<\/div>\n<\/div>\n<\/div>\n<\/div>\n<\/div>\n\n\n\n<div class=\"wp-block-column is-vertically-aligned-bottom from-right is-layout-flow wp-block-column-is-layout-flow\" style=\"flex-basis:55%\">\n<div class=\"wp-block-group has-primary-dark-color has-text-color has-link-color wp-elements-4db59497b37d25290b836281941a987c has-global-padding is-layout-constrained wp-container-core-group-is-layout-9c8dac04 wp-block-group-is-layout-constrained\">\n<div class=\"wp-block-group has-global-padding is-layout-constrained wp-container-core-group-is-layout-38e7494a wp-block-group-is-layout-constrained\">\n<p class=\"is-style-headline is-style-headline--5\">La Loire \u00e0 V\u00e9lo y Eurov\u00e9lo 6,<\/p>\n\n\n\n<h2 class=\"wp-block-heading is-style-title-below has-primary-color has-text-color has-link-color wp-elements-be1efb18382ce2d55478d8754708a48a is-style-title-below--6\">una ruta a trav\u00e9s de San Brevino<\/h2>\n<\/div>\n\n\n\n<div class=\"wp-block-group has-global-padding is-layout-constrained wp-block-group-is-layout-constrained\">\n<p>Esta excepcional ruta de 900 km atraviesa Breta\u00f1a y luego recorre la costa<strong>atl\u00e1ntica<\/strong> hasta la <strong>costa vasca<\/strong>. El Loira est\u00e1 bordeado de magn\u00edficos castillos que puedes visitar a tu aire. Es la mejor manera de descubrir el patrimonio y la diversidad de la campi\u00f1a. Mientras remontas el Loira, pasar\u00e1s por vi\u00f1edos y visitar\u00e1s bodegas locales para degustar sus excepcionales vinos en bodegas t\u00edpicas de la regi\u00f3n.   <\/p>\n\n\n\n<p><strong>V\u00e9loc\u00e9an, ciclismo costero cerca de nuestro camping Saint Brevin<\/strong><\/p>\n\n\n\n<p>Partiendo del <a href=\"https:\/\/www.rochelets.com\/\">camping de Saint Br\u00e9vin<\/a>, sal a descubrir el oc\u00e9ano y el interior. Esta ruta de 140 km une Saint Nazaire con Piriac sur Mer, en el noroeste del departamento. <\/p>\n\n\n\n<p>\u00a1S\u00fabete a tus bicis y explora <strong>el Loira<\/strong> Atl\u00e1ntico de una forma diferente!<\/p>\n<\/div>\n<\/div>\n<\/div>\n<\/div>\n<\/div>\n<\/div>\n\n\n\n<div class=\"wp-block-group alignfull has-global-padding is-layout-constrained wp-block-group-is-layout-constrained\">\n<div class=\"wp-block-group alignfull has-global-padding is-content-justification-right is-layout-constrained wp-container-core-group-is-layout-3c321358 wp-block-group-is-layout-constrained\">\n<div class=\"wp-block-group has-global-padding is-content-justification-right is-layout-constrained wp-container-core-group-is-layout-a3883e76 wp-block-group-is-layout-constrained\">\n<figure class=\"wp-block-image alignright size-full parallax-slow\"><img alt=\"\" decoding=\"async\" width=\"341\" height=\"411\" src=\"https:\/\/www.rochelets.com\/wp-content\/uploads\/2025\/12\/shell-5.webp\" alt=\"\" class=\"wp-image-241\" srcset=\"https:\/\/www.rochelets.com\/wp-content\/uploads\/2025\/12\/shell-5.webp 341w, https:\/\/www.rochelets.com\/wp-content\/uploads\/2025\/12\/shell-5-249x300.webp 249w\" sizes=\"(max-width: 341px) 100vw, 341px\" \/><\/figure>\n<\/div>\n<\/div>\n\n\n\n<div style=\"height:25px\" aria-hidden=\"true\" class=\"wp-block-spacer\"><\/div>\n<\/div>\n<\/div><\/div>\n<\/div>\n<\/div>\n","protected":false},"excerpt":{"rendered":"<p>Descubrir San Brevino Alquiler de bicicletas en Saint-Brevin-les-Pins Nuestro camping Les Rochelets en St Brevin ofrece alquiler de bicicletas para ni\u00f1os y adultos por d\u00edas, semanas o incluso m\u00e1s tiempo si lo deseas. La estaci\u00f3n balnearia de Saint Br\u00e9vin les Pins cuenta con unos 40 kil\u00f3metros de instalaciones para los amantes del ciclismo. La bicicleta [&hellip;]<\/p>\n","protected":false},"author":1,"featured_media":0,"parent":0,"menu_order":32,"comment_status":"closed","ping_status":"closed","template":"page-no-title","meta":{"_acf_changed":false,"_seopress_robots_primary_cat":"","_seopress_titles_title":"Camping con alquiler de bicicletas en Saint-Brevin-les-Pins, Loira Atl\u00e1ntico","_seopress_titles_desc":"Aprovecha un camping con alquiler de bicicletas en Saint-Brevin-les-Pins para descubrir la costa atl\u00e1ntica y sus carriles bici.","_seopress_robots_index":"","footnotes":""},"class_list":["post-4452","page","type-page","status-publish","hentry"],"acf":[],"_links":{"self":[{"href":"https:\/\/www.rochelets.com\/es\/wp-json\/wp\/v2\/pages\/4452","targetHints":{"allow":["GET"]}}],"collection":[{"href":"https:\/\/www.rochelets.com\/es\/wp-json\/wp\/v2\/pages"}],"about":[{"href":"https:\/\/www.rochelets.com\/es\/wp-json\/wp\/v2\/types\/page"}],"author":[{"embeddable":true,"href":"https:\/\/www.rochelets.com\/es\/wp-json\/wp\/v2\/users\/1"}],"replies":[{"embeddable":true,"href":"https:\/\/www.rochelets.com\/es\/wp-json\/wp\/v2\/comments?post=4452"}],"version-history":[{"count":1,"href":"https:\/\/www.rochelets.com\/es\/wp-json\/wp\/v2\/pages\/4452\/revisions"}],"predecessor-version":[{"id":4454,"href":"https:\/\/www.rochelets.com\/es\/wp-json\/wp\/v2\/pages\/4452\/revisions\/4454"}],"wp:attachment":[{"href":"https:\/\/www.rochelets.com\/es\/wp-json\/wp\/v2\/media?parent=4452"}],"curies":[{"name":"wp","href":"https:\/\/api.w.org\/{rel}","templated":true}]}}