{"id":4708,"date":"2025-12-15T09:56:24","date_gmt":"2025-12-15T08:56:24","guid":{"rendered":"https:\/\/rochelets.plune.fr\/markets\/"},"modified":"2026-02-16T17:28:18","modified_gmt":"2026-02-16T16:28:18","slug":"markets","status":"publish","type":"page","link":"https:\/\/www.rochelets.com\/en\/markets\/","title":{"rendered":"Markets"},"content":{"rendered":"\n<div class=\"wp-block-cover alignfull hrz-hero\" style=\"margin-top:0;margin-bottom:0;padding-top:0;padding-right:0;padding-bottom:0;padding-left:0\"><img alt=\"\" decoding=\"async\" class=\"wp-block-cover__image-background wp-image-170 size-full\" alt=\"\" src=\"https:\/\/www.rochelets.com\/wp-content\/uploads\/2025\/12\/wave-white-short.svg\" style=\"object-position:50% 0%\" data-object-fit=\"cover\" data-object-position=\"50% 0%\"\/><span aria-hidden=\"true\" class=\"wp-block-cover__background has-transparent-background-color has-background-dim-100 has-background-dim\"><\/span><div class=\"wp-block-cover__inner-container is-layout-flow wp-container-core-cover-is-layout-2a668712 wp-block-cover-is-layout-flow\">\n<div class=\"wp-block-cover\" style=\"padding-top:35vh;padding-right:var(--wp--preset--spacing--xs);padding-bottom:35vh;padding-left:var(--wp--preset--spacing--xs)\"><img alt=\"\" decoding=\"async\" width=\"1024\" height=\"683\" class=\"wp-block-cover__image-background wp-image-895 size-large\" alt=\"\" src=\"https:\/\/www.rochelets.com\/wp-content\/uploads\/2026\/01\/marches01-1024x683.webp\" style=\"object-position:49% 87%\" data-object-fit=\"cover\" data-object-position=\"49% 87%\" srcset=\"https:\/\/www.rochelets.com\/wp-content\/uploads\/2026\/01\/marches01-1024x683.webp 1024w, https:\/\/www.rochelets.com\/wp-content\/uploads\/2026\/01\/marches01-300x200.webp 300w, https:\/\/www.rochelets.com\/wp-content\/uploads\/2026\/01\/marches01-768x512.webp 768w, https:\/\/www.rochelets.com\/wp-content\/uploads\/2026\/01\/marches01-1440x960.webp 1440w, https:\/\/www.rochelets.com\/wp-content\/uploads\/2026\/01\/marches01-1080x720.webp 1080w, https:\/\/www.rochelets.com\/wp-content\/uploads\/2026\/01\/marches01-720x480.webp 720w, https:\/\/www.rochelets.com\/wp-content\/uploads\/2026\/01\/marches01-480x320.webp 480w, https:\/\/www.rochelets.com\/wp-content\/uploads\/2026\/01\/marches01-240x160.webp 240w, https:\/\/www.rochelets.com\/wp-content\/uploads\/2026\/01\/marches01-120x80.webp 120w\" sizes=\"(max-width: 1024px) 100vw, 1024px\" \/><span aria-hidden=\"true\" class=\"wp-block-cover__background has-background-dim-40 has-background-dim wp-block-cover__gradient-background has-background-gradient\" style=\"background:linear-gradient(0deg,rgba(255,255,255,0) 0%,rgb(0,0,0) 100%)\"><\/span><div class=\"wp-block-cover__inner-container is-layout-flow wp-block-cover-is-layout-flow\">\n<div class=\"wp-block-group has-global-padding is-layout-constrained wp-block-group-is-layout-constrained\" style=\"padding-bottom:var(--wp--preset--spacing--xl)\">\n<p class=\"has-text-align-center is-style-top-title has-background-color has-text-color has-link-color has-secondary-font-family has-l-font-size wp-elements-acc9a051b2f33e1e74fba3ecd0f6cb42\">Markets near Saint-Br\u00e9vin<\/p>\n<\/div>\n<\/div><\/div>\n<\/div><\/div>\n<div style=\"padding-left:var(--wp--preset--spacing--s);padding-top:var(--wp--preset--spacing--s);padding-bottom:var(--wp--preset--spacing--s);margin-top:-5px;\" class=\"alignfull wp-elements-8f51c863825ae36974923736c1beb9cd wp-block-wpseopress-breadcrumbs has-text-color has-secondary-color has-background has-background-background-color\"><nav  aria-label=\"breadcrumb\"><ol class=\"breadcrumb\" itemscope itemtype=\"https:\/\/schema.org\/BreadcrumbList\"><li class=\"breadcrumb-item active\" aria-current=\"page\" itemprop=\"itemListElement\" itemscope itemtype=\"https:\/\/schema.org\/ListItem\"><span itemprop=\"name\">Camping \u00e0 Saint-Brevin-les-Pins<\/span><meta itemprop=\"position\" content=\"1\"><\/li><\/ol><\/nav><\/div>\n<div style=\"height:200px\" aria-hidden=\"true\" class=\"wp-block-spacer\"><\/div>\n\n<div class=\"wp-block-group alignfull has-global-padding is-layout-constrained wp-container-core-group-is-layout-838c3748 wp-block-group-is-layout-constrained\" style=\"padding-right:var(--wp--preset--spacing--xs);padding-left:var(--wp--preset--spacing--xs)\">\n<div class=\"wp-block-columns alignwide fade is-layout-flex wp-container-core-columns-is-layout-e0b60340 wp-block-columns-is-layout-flex\">\n<div class=\"wp-block-column is-layout-flow wp-block-column-is-layout-flow\" style=\"flex-basis:43%\">\n<div class=\"wp-block-horizon-blocks-image-bubble position-bottom-left\">\n<div class=\"wp-block-group block-image-bubble is-layout-flow wp-block-group-is-layout-flow\">\n<figure class=\"wp-block-image size-1\/1_600x600_desktop block-image-bubble__image\"><a href=\"https:\/\/www.rochelets.com\/wp-content\/uploads\/2026\/01\/marches02-scaled.webp\" rel=\"block-1\"><img alt=\"March\u00e9 en plein air avec l\u00e9gumes et clients.\" decoding=\"async\" width=\"600\" height=\"600\" src=\"https:\/\/www.rochelets.com\/wp-content\/uploads\/2026\/01\/marches02-600x600.webp\" alt=\"\" class=\"wp-image-896\" srcset=\"https:\/\/www.rochelets.com\/wp-content\/uploads\/2026\/01\/marches02-600x600.webp 600w, https:\/\/www.rochelets.com\/wp-content\/uploads\/2026\/01\/marches02-150x150.webp 150w, https:\/\/www.rochelets.com\/wp-content\/uploads\/2026\/01\/marches02-207x207.webp 207w, https:\/\/www.rochelets.com\/wp-content\/uploads\/2026\/01\/marches02-350x350.webp 350w, https:\/\/www.rochelets.com\/wp-content\/uploads\/2026\/01\/marches02-100x100.webp 100w, https:\/\/www.rochelets.com\/wp-content\/uploads\/2026\/01\/marches02-1000x1000.webp 1000w, https:\/\/www.rochelets.com\/wp-content\/uploads\/2026\/01\/marches02-400x400.webp 400w, https:\/\/www.rochelets.com\/wp-content\/uploads\/2026\/01\/marches02-200x200.webp 200w\" sizes=\"(max-width: 600px) 100vw, 600px\" \/><\/a><\/figure>\n\n\n\n<div class=\"wp-block-group block-image-bubble__bubble has-global-padding is-layout-constrained wp-block-group-is-layout-constrained\">\n<figure class=\"wp-block-image size-bubble block-image-bubble__bubble-image\"><a href=\"https:\/\/www.rochelets.com\/wp-content\/uploads\/2026\/01\/marches04-scaled.webp\" rel=\"block-1\"><img alt=\"March\u00e9 avec tomates et ail en Provence.\" decoding=\"async\" width=\"207\" height=\"207\" src=\"https:\/\/www.rochelets.com\/wp-content\/uploads\/2026\/01\/marches04-207x207.webp\" alt=\"\" class=\"wp-image-898\" srcset=\"https:\/\/www.rochelets.com\/wp-content\/uploads\/2026\/01\/marches04-207x207.webp 207w, https:\/\/www.rochelets.com\/wp-content\/uploads\/2026\/01\/marches04-150x150.webp 150w, https:\/\/www.rochelets.com\/wp-content\/uploads\/2026\/01\/marches04-350x350.webp 350w, https:\/\/www.rochelets.com\/wp-content\/uploads\/2026\/01\/marches04-100x100.webp 100w, https:\/\/www.rochelets.com\/wp-content\/uploads\/2026\/01\/marches04-1000x1000.webp 1000w, https:\/\/www.rochelets.com\/wp-content\/uploads\/2026\/01\/marches04-600x600.webp 600w, https:\/\/www.rochelets.com\/wp-content\/uploads\/2026\/01\/marches04-400x400.webp 400w, https:\/\/www.rochelets.com\/wp-content\/uploads\/2026\/01\/marches04-200x200.webp 200w\" sizes=\"(max-width: 207px) 100vw, 207px\" \/><\/a><\/figure>\n<\/div>\n<\/div>\n<\/div>\n<\/div>\n\n\n\n<div class=\"wp-block-column is-vertically-aligned-bottom is-layout-flow wp-block-column-is-layout-flow\" style=\"flex-basis:55%\">\n<div class=\"wp-block-group has-global-padding is-layout-constrained wp-container-core-group-is-layout-9c8dac04 wp-block-group-is-layout-constrained\">\n<div class=\"wp-block-group has-global-padding is-layout-constrained wp-container-core-group-is-layout-38e7494a wp-block-group-is-layout-constrained\">\n<p class=\"is-style-headline is-style-headline--1\">Saint-Nazaire, Saint-Michel-Chef-Chef, Pr\u00e9failles<\/p>\n\n\n\n<h1 class=\"wp-block-heading has-text-align-left is-style-title-below is-style-title-below--2\">Saint-Brevin-les-Pins markets not to be missed this summer<\/h1>\n<\/div>\n\n\n\n<div class=\"wp-block-group has-global-padding is-layout-constrained wp-block-group-is-layout-constrained\">\n<p>What a pleasure to stroll through the markets when you&#8217;re on vacation! Saint-Nazaire, Saint-Michel-Chef-Chef, Pr\u00e9failles&#8230; Here&#8217;s an overview of the markets in the Pays de Retz and on the C\u00f4te de Jade, which you can discover from our <strong><a href=\"https:\/\/www.rochelets.com\/en\/\" data-type=\"page\" data-id=\"4\">campsite in Saint-Brevin-les-Pins<\/a><\/strong>. <\/p>\n\n\n\n<p class=\"has-s-font-size\"><strong>Saint Br\u00e9vin market<\/strong><\/p>\n\n\n\n<p>Just 15 km from Saint-Nazaire, Saint-Brevin-les-Pins is home to <a href=\"https:\/\/www.rochelets.com\/un-marche-par-jour-en-ete-a-saint-brevin-et-ses-alentours\">one of the biggest markets in the Pays de Retz<\/a>. Twice a week, producers, merchants and hawkers take over the pretty Place Henri Basl\u00e9. The stalls are overflowing with foodstuffs, local produce, seafood and ready-made meals. There&#8217;s also a wide selection of manufactured goods (clothes, shoes, bags, bazaar&#8230;).   <br\/><strong>Where to shop in Saint Br\u00e9vin?<\/strong>  Place Henri Basl\u00e9 (quartier des Pins): Thursday and Sunday mornings &#8211; Avenue du Pr\u00e9sident Roosevelt: Saturday mornings &#8211; Place de l&#8217;Hermitage: Wednesday mornings (summer only).<\/p>\n\n\n\n<p class=\"has-s-font-size\"><strong>Saint Nazaire&#8217;s central covered market<\/strong><\/p>\n\n\n\n<p>The halles centrales are home to Saint-Nazaire&#8217;s biggest market, with over a hundred traders in and around the halls. The smells are as varied as the colors. You&#8217;ll find a wide range of quality farm produce, fresh and in season. The building, inaugurated in 1958, makes the place even more pleasant.   <br\/><strong>When?<\/strong>  Tuesday, Friday, Saturday and Sunday mornings. Where? Place du Commerce, 44600 Saint-Nazaire.<\/p>\n<\/div>\n<\/div>\n<\/div>\n<\/div>\n<\/div>\n\n<div style=\"height:280px\" aria-hidden=\"true\" class=\"wp-block-spacer\"><\/div>\n\n<div class=\"wp-block-group alignfull pin-scope-fade is-layout-flow wp-block-group-is-layout-flow\" style=\"margin-bottom:-5px\">\n<div class=\"wp-block-group alignfull content-anim has-background has-global-padding is-layout-constrained wp-container-core-group-is-layout-10d781b8 wp-block-group-is-layout-constrained\" style=\"background:linear-gradient(180deg,rgb(255,255,245) 37%,rgb(253,203,115) 100%);padding-top:0;padding-bottom:0\">\n<div style=\"background-image:url(&apos;https:\/\/www.rochelets.com\/wp-content\/uploads\/2026\/01\/marches03-scaled.webp&apos;);background-size:cover;\" class=\"wp-block-group alignfull hero-global has-global-padding is-layout-constrained wp-block-group-is-layout-constrained has-background\"\/>\n\n\n\n<div class=\"wp-block-group alignwide lblp-fade-content is-layout-flow wp-block-group-is-layout-flow\" style=\"padding-right:var(--wp--preset--spacing--xs);padding-left:var(--wp--preset--spacing--xs)\">\n<div class=\"wp-block-columns alignwide fade is-layout-flex wp-container-core-columns-is-layout-f27e9562 wp-block-columns-is-layout-flex\">\n<div class=\"wp-block-column is-vertically-aligned-bottom is-layout-flow wp-block-column-is-layout-flow\" style=\"flex-basis:50%\">\n<div class=\"wp-block-group has-global-padding is-layout-constrained wp-container-core-group-is-layout-9c8dac04 wp-block-group-is-layout-constrained\">\n<div class=\"wp-block-group has-global-padding is-layout-constrained wp-block-group-is-layout-constrained\">\n<p class=\"has-text-align-right has-s-font-size\"><strong>Paimboeuf market<\/strong><\/p>\n\n\n\n<p class=\"has-text-align-right\">Immerse yourself in the hustle and bustle of this small, traditional local market and discover a variety of fresh, local produce under the covered market halls and around the Place du March\u00e9. Also worth discovering are the quays, the lighthouse, the narrow streets and passages, and the magnificent mansions that recall the town&#8217;s maritime past. <\/p>\n\n\n\n<p class=\"has-text-align-right\"><strong>When?<\/strong>  Friday mornings. Where? Place du March\u00e9 from September to June, on the Quai Sadi Carnot in July and August.<\/p>\n\n\n\n<p class=\"has-text-align-right has-s-font-size\"><strong>Frossay market<\/strong><\/p>\n\n\n\n<p class=\"has-text-align-right\">In Frossay, between Nantes and Saint-Nazaire, you&#8217;ll find everything you need to fill your shopping basket. Primeur, fishmonger, delicatessen, butcher and creamery are all to be found around the Place de l&#8217;\u00c9glise. All you need to do is find the perfect spot for a picnic on the banks of the Canal de la Martini\u00e8re!  <\/p>\n\n\n\n<p class=\"has-text-align-right\"><strong>When?<\/strong>  Thursday mornings. Where? On the church square. Sunday morning oyster sale. <\/p>\n<\/div>\n<\/div>\n<\/div>\n\n\n\n<div class=\"wp-block-column is-layout-flow wp-block-column-is-layout-flow\" style=\"flex-basis:50%\">\n<div class=\"wp-block-horizon-blocks-image-bubble position-top-right\">\n<div class=\"wp-block-group block-image-bubble is-layout-flow wp-block-group-is-layout-flow\">\n<figure class=\"wp-block-image size-1\/1_600x600_desktop block-image-bubble__image\"><a href=\"https:\/\/www.rochelets.com\/wp-content\/uploads\/2026\/01\/marches06-scaled.webp\" rel=\"block-4\"><img alt=\"March\u00e9 en plein air avec fruits et l\u00e9gumes.\" decoding=\"async\" width=\"600\" height=\"600\" src=\"https:\/\/www.rochelets.com\/wp-content\/uploads\/2026\/01\/marches06-600x600.webp\" alt=\"\" class=\"wp-image-916\" srcset=\"https:\/\/www.rochelets.com\/wp-content\/uploads\/2026\/01\/marches06-600x600.webp 600w, https:\/\/www.rochelets.com\/wp-content\/uploads\/2026\/01\/marches06-150x150.webp 150w, https:\/\/www.rochelets.com\/wp-content\/uploads\/2026\/01\/marches06-207x207.webp 207w, https:\/\/www.rochelets.com\/wp-content\/uploads\/2026\/01\/marches06-350x350.webp 350w, https:\/\/www.rochelets.com\/wp-content\/uploads\/2026\/01\/marches06-100x100.webp 100w, https:\/\/www.rochelets.com\/wp-content\/uploads\/2026\/01\/marches06-1000x1000.webp 1000w, https:\/\/www.rochelets.com\/wp-content\/uploads\/2026\/01\/marches06-400x400.webp 400w, https:\/\/www.rochelets.com\/wp-content\/uploads\/2026\/01\/marches06-200x200.webp 200w\" sizes=\"(max-width: 600px) 100vw, 600px\" \/><\/a><\/figure>\n\n\n\n<div class=\"wp-block-group block-image-bubble__bubble has-global-padding is-layout-constrained wp-block-group-is-layout-constrained\">\n<figure class=\"wp-block-image size-bubble block-image-bubble__bubble-image\"><a href=\"https:\/\/www.rochelets.com\/wp-content\/uploads\/2026\/01\/marches01-scaled.webp\" rel=\"block-4\"><img alt=\"\" decoding=\"async\" width=\"207\" height=\"207\" src=\"https:\/\/www.rochelets.com\/wp-content\/uploads\/2026\/01\/marches01-207x207.webp\" alt=\"\" class=\"wp-image-895\" srcset=\"https:\/\/www.rochelets.com\/wp-content\/uploads\/2026\/01\/marches01-207x207.webp 207w, https:\/\/www.rochelets.com\/wp-content\/uploads\/2026\/01\/marches01-150x150.webp 150w, https:\/\/www.rochelets.com\/wp-content\/uploads\/2026\/01\/marches01-350x350.webp 350w, https:\/\/www.rochelets.com\/wp-content\/uploads\/2026\/01\/marches01-100x100.webp 100w, https:\/\/www.rochelets.com\/wp-content\/uploads\/2026\/01\/marches01-1000x1000.webp 1000w, https:\/\/www.rochelets.com\/wp-content\/uploads\/2026\/01\/marches01-600x600.webp 600w, https:\/\/www.rochelets.com\/wp-content\/uploads\/2026\/01\/marches01-400x400.webp 400w, https:\/\/www.rochelets.com\/wp-content\/uploads\/2026\/01\/marches01-200x200.webp 200w\" sizes=\"(max-width: 207px) 100vw, 207px\" \/><\/a><\/figure>\n<\/div>\n<\/div>\n<\/div>\n<\/div>\n<\/div>\n<\/div>\n\n\n\n<div style=\"height:200px\" aria-hidden=\"true\" class=\"wp-block-spacer\"><\/div>\n\n\n\n<div class=\"wp-block-cover alignfull banner-wave-0 has-primary-light-color has-text-color has-link-color wp-elements-66bada5d76cb28db09fa205604ec1d34\"><img alt=\"\" decoding=\"async\" class=\"wp-block-cover__image-background wp-image-240 size-full\" alt=\"\" src=\"https:\/\/www.rochelets.com\/wp-content\/uploads\/2025\/12\/wave-white-4.svg\" style=\"object-position:49% 0%\" data-object-fit=\"cover\" data-object-position=\"49% 0%\"\/><span aria-hidden=\"true\" class=\"wp-block-cover__background has-transparent-background-color has-background-dim-100 has-background-dim\"><\/span><div class=\"wp-block-cover__inner-container has-global-padding is-layout-constrained wp-block-cover-is-layout-constrained\">\n<div style=\"height:3vw\" aria-hidden=\"true\" class=\"wp-block-spacer\"><\/div>\n\n\n\n<div class=\"wp-block-group alignfull has-global-padding is-layout-constrained wp-block-group-is-layout-constrained\">\n<div class=\"wp-block-group alignfull fade-left has-global-padding is-layout-constrained wp-block-group-is-layout-constrained\">\n<div class=\"wp-block-columns alignwide is-layout-flex wp-container-core-columns-is-layout-5b614432 wp-block-columns-is-layout-flex\">\n<div class=\"wp-block-column from-left is-layout-flow wp-block-column-is-layout-flow\" style=\"flex-basis:43%\">\n<div class=\"wp-block-group has-global-padding is-layout-constrained wp-block-group-is-layout-constrained\">\n<div class=\"wp-block-horizon-blocks-image-bubble position-bottom-left\">\n<div class=\"wp-block-group block-image-bubble is-layout-flow wp-block-group-is-layout-flow\">\n<figure class=\"wp-block-image size-1\/1_600x600_desktop block-image-bubble__image\"><a href=\"https:\/\/www.rochelets.com\/wp-content\/uploads\/2026\/01\/marches05-scaled.webp\" rel=\"block-5\"><img alt=\"\" decoding=\"async\" width=\"600\" height=\"600\" src=\"https:\/\/www.rochelets.com\/wp-content\/uploads\/2026\/01\/marches05-600x600.webp\" alt=\"\" class=\"wp-image-917\" srcset=\"https:\/\/www.rochelets.com\/wp-content\/uploads\/2026\/01\/marches05-600x600.webp 600w, https:\/\/www.rochelets.com\/wp-content\/uploads\/2026\/01\/marches05-150x150.webp 150w, https:\/\/www.rochelets.com\/wp-content\/uploads\/2026\/01\/marches05-207x207.webp 207w, https:\/\/www.rochelets.com\/wp-content\/uploads\/2026\/01\/marches05-350x350.webp 350w, https:\/\/www.rochelets.com\/wp-content\/uploads\/2026\/01\/marches05-100x100.webp 100w, https:\/\/www.rochelets.com\/wp-content\/uploads\/2026\/01\/marches05-1000x1000.webp 1000w, https:\/\/www.rochelets.com\/wp-content\/uploads\/2026\/01\/marches05-400x400.webp 400w, https:\/\/www.rochelets.com\/wp-content\/uploads\/2026\/01\/marches05-200x200.webp 200w\" sizes=\"(max-width: 600px) 100vw, 600px\" \/><\/a><\/figure>\n\n\n\n<div class=\"wp-block-group block-image-bubble__bubble is-layout-flow wp-block-group-is-layout-flow\">\n<figure class=\"wp-block-image size-bubble block-image-bubble__bubble-image\"><a href=\"https:\/\/www.rochelets.com\/wp-content\/uploads\/2026\/01\/marches03-scaled.webp\" rel=\"block-5\"><img alt=\"L\u00e9gumes frais vari\u00e9s sur un \u00e9tal de march\u00e9.\" decoding=\"async\" width=\"207\" height=\"207\" src=\"https:\/\/www.rochelets.com\/wp-content\/uploads\/2026\/01\/marches03-207x207.webp\" alt=\"\" class=\"wp-image-897\" srcset=\"https:\/\/www.rochelets.com\/wp-content\/uploads\/2026\/01\/marches03-207x207.webp 207w, https:\/\/www.rochelets.com\/wp-content\/uploads\/2026\/01\/marches03-150x150.webp 150w, https:\/\/www.rochelets.com\/wp-content\/uploads\/2026\/01\/marches03-350x350.webp 350w, https:\/\/www.rochelets.com\/wp-content\/uploads\/2026\/01\/marches03-100x100.webp 100w, https:\/\/www.rochelets.com\/wp-content\/uploads\/2026\/01\/marches03-1000x1000.webp 1000w, https:\/\/www.rochelets.com\/wp-content\/uploads\/2026\/01\/marches03-600x600.webp 600w, https:\/\/www.rochelets.com\/wp-content\/uploads\/2026\/01\/marches03-400x400.webp 400w, https:\/\/www.rochelets.com\/wp-content\/uploads\/2026\/01\/marches03-200x200.webp 200w\" sizes=\"(max-width: 207px) 100vw, 207px\" \/><\/a><\/figure>\n<\/div>\n<\/div>\n<\/div>\n<\/div>\n<\/div>\n\n\n\n<div class=\"wp-block-column is-vertically-aligned-bottom from-right is-layout-flow wp-block-column-is-layout-flow\" style=\"flex-basis:55%\">\n<div class=\"wp-block-group has-primary-dark-color has-text-color has-link-color wp-elements-2aa6c87fb7ac411e08aaa0c5f420d863 has-global-padding is-layout-constrained wp-container-core-group-is-layout-9c8dac04 wp-block-group-is-layout-constrained\">\n<div class=\"wp-block-group has-global-padding is-layout-constrained wp-block-group-is-layout-constrained\">\n<p class=\"has-text-align-left has-s-font-size\"><strong>March\u00e9 Tharon-Plage \/ Saint-Michel-Chef-Chef (summer market)<\/strong><\/p>\n\n\n\n<p class=\"has-text-align-left\">The Tharon market is a real place to live and exchange ideas. In summer, up to 250 traders set up shop on the Place du March\u00e9. Delicatessen, cheese shop, bakery, greengrocers, baker, as well as textiles, leather goods, hardware, handicrafts&#8230;  <\/p>\n\n\n\n<p class=\"has-text-align-left\"><strong>When?<\/strong>  Every Tuesday and Friday from 8 a.m. to 2 p.m. (July-August only). Where? Place du March\u00e9, Tharon-Plage (commune of Saint-Michel-Chef-Chef).<\/p>\n\n\n\n<p class=\"has-text-align-left has-s-font-size\"><strong>Pr\u00e9failles market<\/strong><\/p>\n\n\n\n<p>The Pr\u00e9failles market is one of the most picturesque in the Pays de Retz, with the Grande Plage just below. It&#8217;s hard to resist sampling all the local specialities! During the summer season, the market expands to include many more stalls selling a wide range of clothes, jewelry and handicrafts.  <\/p>\n\n\n\n<p class=\"has-text-align-left\"><strong>When?<\/strong>  Wednesdays and Saturdays. Where? Pr\u00e9failles town center.<\/p>\n<\/div>\n<\/div>\n<\/div>\n<\/div>\n<\/div>\n<\/div>\n\n\n\n<div class=\"wp-block-group alignfull has-global-padding is-layout-constrained wp-block-group-is-layout-constrained\">\n<div class=\"wp-block-group alignfull has-global-padding is-content-justification-right is-layout-constrained wp-container-core-group-is-layout-3c321358 wp-block-group-is-layout-constrained\">\n<div class=\"wp-block-group has-global-padding is-content-justification-right is-layout-constrained wp-container-core-group-is-layout-a3883e76 wp-block-group-is-layout-constrained\">\n<figure class=\"wp-block-image alignright size-full parallax-slow\"><img alt=\"\" decoding=\"async\" width=\"341\" height=\"411\" src=\"https:\/\/www.rochelets.com\/wp-content\/uploads\/2025\/12\/shell-5.webp\" alt=\"\" class=\"wp-image-241\" srcset=\"https:\/\/www.rochelets.com\/wp-content\/uploads\/2025\/12\/shell-5.webp 341w, https:\/\/www.rochelets.com\/wp-content\/uploads\/2025\/12\/shell-5-249x300.webp 249w\" sizes=\"(max-width: 341px) 100vw, 341px\" \/><\/figure>\n<\/div>\n<\/div>\n\n\n\n<div style=\"height:25px\" aria-hidden=\"true\" class=\"wp-block-spacer\"><\/div>\n<\/div>\n<\/div><\/div>\n<\/div>\n<\/div>\n","protected":false},"excerpt":{"rendered":"<p>Saint-Nazaire, Saint-Michel-Chef-Chef, Pr\u00e9failles Saint-Brevin-les-Pins markets not to be missed this summer What a pleasure to stroll through the markets when you&#8217;re on vacation! Saint-Nazaire, Saint-Michel-Chef-Chef, Pr\u00e9failles&#8230; Here&#8217;s an overview of the markets in the Pays de Retz and on the C\u00f4te de Jade, which you can discover from our campsite in Saint-Brevin-les-Pins. Saint Br\u00e9vin market [&hellip;]<\/p>\n","protected":false},"author":1,"featured_media":0,"parent":0,"menu_order":49,"comment_status":"closed","ping_status":"closed","template":"page-no-title","meta":{"_acf_changed":false,"_seopress_robots_primary_cat":"","_seopress_titles_title":"Markets Saint-Brevin-les-Pins | Days & Schedules","_seopress_titles_desc":"Discover the markets of Saint-Brevin-les-Pins: fresh produce, local produce and local encounters to enjoy during your vacation. | Les Rochelets ","_seopress_robots_index":"","footnotes":""},"class_list":["post-4708","page","type-page","status-publish","hentry"],"acf":[],"_links":{"self":[{"href":"https:\/\/www.rochelets.com\/en\/wp-json\/wp\/v2\/pages\/4708","targetHints":{"allow":["GET"]}}],"collection":[{"href":"https:\/\/www.rochelets.com\/en\/wp-json\/wp\/v2\/pages"}],"about":[{"href":"https:\/\/www.rochelets.com\/en\/wp-json\/wp\/v2\/types\/page"}],"author":[{"embeddable":true,"href":"https:\/\/www.rochelets.com\/en\/wp-json\/wp\/v2\/users\/1"}],"replies":[{"embeddable":true,"href":"https:\/\/www.rochelets.com\/en\/wp-json\/wp\/v2\/comments?post=4708"}],"version-history":[{"count":1,"href":"https:\/\/www.rochelets.com\/en\/wp-json\/wp\/v2\/pages\/4708\/revisions"}],"predecessor-version":[{"id":4710,"href":"https:\/\/www.rochelets.com\/en\/wp-json\/wp\/v2\/pages\/4708\/revisions\/4710"}],"wp:attachment":[{"href":"https:\/\/www.rochelets.com\/en\/wp-json\/wp\/v2\/media?parent=4708"}],"curies":[{"name":"wp","href":"https:\/\/api.w.org\/{rel}","templated":true}]}}