{"id":4705,"date":"2025-12-15T09:56:24","date_gmt":"2025-12-15T08:56:24","guid":{"rendered":"https:\/\/rochelets.plune.fr\/maerkte\/"},"modified":"2026-02-16T17:28:18","modified_gmt":"2026-02-16T16:28:18","slug":"maerkte","status":"publish","type":"page","link":"https:\/\/www.rochelets.com\/de\/maerkte\/","title":{"rendered":"M\u00e4rkte"},"content":{"rendered":"\n<div class=\"wp-block-cover alignfull hrz-hero\" style=\"margin-top:0;margin-bottom:0;padding-top:0;padding-right:0;padding-bottom:0;padding-left:0\"><img alt=\"\" decoding=\"async\" class=\"wp-block-cover__image-background wp-image-170 size-full\" alt=\"\" src=\"https:\/\/www.rochelets.com\/wp-content\/uploads\/2025\/12\/wave-white-short.svg\" style=\"object-position:50% 0%\" data-object-fit=\"cover\" data-object-position=\"50% 0%\"\/><span aria-hidden=\"true\" class=\"wp-block-cover__background has-transparent-background-color has-background-dim-100 has-background-dim\"><\/span><div class=\"wp-block-cover__inner-container is-layout-flow wp-container-core-cover-is-layout-2a668712 wp-block-cover-is-layout-flow\">\n<div class=\"wp-block-cover\" style=\"padding-top:35vh;padding-right:var(--wp--preset--spacing--xs);padding-bottom:35vh;padding-left:var(--wp--preset--spacing--xs)\"><img alt=\"\" decoding=\"async\" width=\"1024\" height=\"683\" class=\"wp-block-cover__image-background wp-image-895 size-large\" alt=\"\" src=\"https:\/\/www.rochelets.com\/wp-content\/uploads\/2026\/01\/marches01-1024x683.webp\" style=\"object-position:49% 87%\" data-object-fit=\"cover\" data-object-position=\"49% 87%\" srcset=\"https:\/\/www.rochelets.com\/wp-content\/uploads\/2026\/01\/marches01-1024x683.webp 1024w, https:\/\/www.rochelets.com\/wp-content\/uploads\/2026\/01\/marches01-300x200.webp 300w, https:\/\/www.rochelets.com\/wp-content\/uploads\/2026\/01\/marches01-768x512.webp 768w, https:\/\/www.rochelets.com\/wp-content\/uploads\/2026\/01\/marches01-1440x960.webp 1440w, https:\/\/www.rochelets.com\/wp-content\/uploads\/2026\/01\/marches01-1080x720.webp 1080w, https:\/\/www.rochelets.com\/wp-content\/uploads\/2026\/01\/marches01-720x480.webp 720w, https:\/\/www.rochelets.com\/wp-content\/uploads\/2026\/01\/marches01-480x320.webp 480w, https:\/\/www.rochelets.com\/wp-content\/uploads\/2026\/01\/marches01-240x160.webp 240w, https:\/\/www.rochelets.com\/wp-content\/uploads\/2026\/01\/marches01-120x80.webp 120w\" sizes=\"(max-width: 1024px) 100vw, 1024px\" \/><span aria-hidden=\"true\" class=\"wp-block-cover__background has-background-dim-40 has-background-dim wp-block-cover__gradient-background has-background-gradient\" style=\"background:linear-gradient(0deg,rgba(255,255,255,0) 0%,rgb(0,0,0) 100%)\"><\/span><div class=\"wp-block-cover__inner-container is-layout-flow wp-block-cover-is-layout-flow\">\n<div class=\"wp-block-group has-global-padding is-layout-constrained wp-block-group-is-layout-constrained\" style=\"padding-bottom:var(--wp--preset--spacing--xl)\">\n<p class=\"has-text-align-center is-style-top-title has-background-color has-text-color has-link-color has-secondary-font-family has-l-font-size wp-elements-bf952920f486f533173c2a9464dc15f6\">M\u00e4rkte in der N\u00e4he von Saint-Br\u00e9vin<\/p>\n<\/div>\n<\/div><\/div>\n<\/div><\/div>\n<div style=\"padding-left:var(--wp--preset--spacing--s);padding-top:var(--wp--preset--spacing--s);padding-bottom:var(--wp--preset--spacing--s);margin-top:-5px;\" class=\"alignfull wp-elements-8f51c863825ae36974923736c1beb9cd wp-block-wpseopress-breadcrumbs has-text-color has-secondary-color has-background has-background-background-color\"><nav  aria-label=\"Brotkrumen\"><ol class=\"breadcrumb\" itemscope itemtype=\"https:\/\/schema.org\/BreadcrumbList\"><li class=\"breadcrumb-item active\" aria-current=\"page\" itemprop=\"itemListElement\" itemscope itemtype=\"https:\/\/schema.org\/ListItem\"><span itemprop=\"name\">Camping \u00e0 Saint-Brevin-les-Pins<\/span><meta itemprop=\"position\" content=\"1\"><\/li><\/ol><\/nav><\/div>\n<div style=\"height:200px\" aria-hidden=\"true\" class=\"wp-block-spacer\"><\/div>\n\n<div class=\"wp-block-group alignfull has-global-padding is-layout-constrained wp-container-core-group-is-layout-838c3748 wp-block-group-is-layout-constrained\" style=\"padding-right:var(--wp--preset--spacing--xs);padding-left:var(--wp--preset--spacing--xs)\">\n<div class=\"wp-block-columns alignwide fade is-layout-flex wp-container-core-columns-is-layout-e0b60340 wp-block-columns-is-layout-flex\">\n<div class=\"wp-block-column is-layout-flow wp-block-column-is-layout-flow\" style=\"flex-basis:43%\">\n<div class=\"wp-block-horizon-blocks-image-bubble position-bottom-left\">\n<div class=\"wp-block-group block-image-bubble is-layout-flow wp-block-group-is-layout-flow\">\n<figure class=\"wp-block-image size-1\/1_600x600_desktop block-image-bubble__image\"><a href=\"https:\/\/www.rochelets.com\/wp-content\/uploads\/2026\/01\/marches02-scaled.webp\" rel=\"block-1\"><img alt=\"March\u00e9 en plein air avec l\u00e9gumes et clients.\" decoding=\"async\" width=\"600\" height=\"600\" src=\"https:\/\/www.rochelets.com\/wp-content\/uploads\/2026\/01\/marches02-600x600.webp\" alt=\"\" class=\"wp-image-896\" srcset=\"https:\/\/www.rochelets.com\/wp-content\/uploads\/2026\/01\/marches02-600x600.webp 600w, https:\/\/www.rochelets.com\/wp-content\/uploads\/2026\/01\/marches02-150x150.webp 150w, https:\/\/www.rochelets.com\/wp-content\/uploads\/2026\/01\/marches02-207x207.webp 207w, https:\/\/www.rochelets.com\/wp-content\/uploads\/2026\/01\/marches02-350x350.webp 350w, https:\/\/www.rochelets.com\/wp-content\/uploads\/2026\/01\/marches02-100x100.webp 100w, https:\/\/www.rochelets.com\/wp-content\/uploads\/2026\/01\/marches02-1000x1000.webp 1000w, https:\/\/www.rochelets.com\/wp-content\/uploads\/2026\/01\/marches02-400x400.webp 400w, https:\/\/www.rochelets.com\/wp-content\/uploads\/2026\/01\/marches02-200x200.webp 200w\" sizes=\"(max-width: 600px) 100vw, 600px\" \/><\/a><\/figure>\n\n\n\n<div class=\"wp-block-group block-image-bubble__bubble has-global-padding is-layout-constrained wp-block-group-is-layout-constrained\">\n<figure class=\"wp-block-image size-bubble block-image-bubble__bubble-image\"><a href=\"https:\/\/www.rochelets.com\/wp-content\/uploads\/2026\/01\/marches04-scaled.webp\" rel=\"block-1\"><img alt=\"March\u00e9 avec tomates et ail en Provence.\" decoding=\"async\" width=\"207\" height=\"207\" src=\"https:\/\/www.rochelets.com\/wp-content\/uploads\/2026\/01\/marches04-207x207.webp\" alt=\"\" class=\"wp-image-898\" srcset=\"https:\/\/www.rochelets.com\/wp-content\/uploads\/2026\/01\/marches04-207x207.webp 207w, https:\/\/www.rochelets.com\/wp-content\/uploads\/2026\/01\/marches04-150x150.webp 150w, https:\/\/www.rochelets.com\/wp-content\/uploads\/2026\/01\/marches04-350x350.webp 350w, https:\/\/www.rochelets.com\/wp-content\/uploads\/2026\/01\/marches04-100x100.webp 100w, https:\/\/www.rochelets.com\/wp-content\/uploads\/2026\/01\/marches04-1000x1000.webp 1000w, https:\/\/www.rochelets.com\/wp-content\/uploads\/2026\/01\/marches04-600x600.webp 600w, https:\/\/www.rochelets.com\/wp-content\/uploads\/2026\/01\/marches04-400x400.webp 400w, https:\/\/www.rochelets.com\/wp-content\/uploads\/2026\/01\/marches04-200x200.webp 200w\" sizes=\"(max-width: 207px) 100vw, 207px\" \/><\/a><\/figure>\n<\/div>\n<\/div>\n<\/div>\n<\/div>\n\n\n\n<div class=\"wp-block-column is-vertically-aligned-bottom is-layout-flow wp-block-column-is-layout-flow\" style=\"flex-basis:55%\">\n<div class=\"wp-block-group has-global-padding is-layout-constrained wp-container-core-group-is-layout-9c8dac04 wp-block-group-is-layout-constrained\">\n<div class=\"wp-block-group has-global-padding is-layout-constrained wp-container-core-group-is-layout-38e7494a wp-block-group-is-layout-constrained\">\n<p class=\"is-style-headline is-style-headline--1\">Saint-Nazaire, Saint-Michel-Chef-Chef, Pr\u00e9failles<\/p>\n\n\n\n<h1 class=\"wp-block-heading has-text-align-left is-style-title-below is-style-title-below--2\">Die M\u00e4rkte in Saint-Brevin-les-Pins, die Sie diesen Sommer nicht verpassen sollten<\/h1>\n<\/div>\n\n\n\n<div class=\"wp-block-group has-global-padding is-layout-constrained wp-block-group-is-layout-constrained\">\n<p>Wie sch\u00f6n ist es, im Urlaub \u00fcber die M\u00e4rkte zu schlendern! Saint-Nazaire, Saint-Michel-Chef-Chef, Pr\u00e9failles&#8230; Ein kleiner \u00dcberblick \u00fcber die M\u00e4rkte im Pays de Retz und an der Jadek\u00fcste, die Sie von unserem Campingplatz aus entdecken k\u00f6nnen. <strong><a href=\"https:\/\/www.rochelets.com\/de\/\" data-type=\"page\" data-id=\"4\">Campingplatz in Saint-Brevin-les-Pins<\/a><\/strong>. <\/p>\n\n\n\n<p class=\"has-s-font-size\"><strong>Der Markt in Saint Br\u00e9vin<\/strong><\/p>\n\n\n\n<p>Saint-Brevin-les-Pins liegt nur 15 km von Saint-Nazaire entfernt und beherbergt <a href=\"https:\/\/www.rochelets.com\/un-marche-par-jour-en-ete-a-saint-brevin-et-ses-alentours\">einen der gr\u00f6\u00dften M\u00e4rkte im Pays de Retz<\/a>. Zweimal in der Woche bev\u00f6lkern Produzenten, H\u00e4ndler und Kameltreiber den h\u00fcbschen Place Henri Basl\u00e9. Die St\u00e4nde sind \u00fcberf\u00fcllt mit Lebensmitteln, Produkten aus der Region, Meeresfr\u00fcchten und Fertiggerichten. Es gibt auch eine gro\u00dfe Auswahl an Waren (Kleidung, Schuhe, Taschen, Basar&#8230;).   <br\/><strong>Wo kann man in Saint Br\u00e9vin einkaufen?<\/strong>  Place Henri Basl\u00e9 (quartier des Pins): Donnerstag- und Sonntagmorgen - Avenue du Pr\u00e9sident Roosevelt: Samstagmorgen - Place de l&#8217;Hermitage: Mittwochmorgen (nur im Sommer).<\/p>\n\n\n\n<p class=\"has-s-font-size\"><strong>Die zentralen Markthallen von Saint Nazaire<\/strong><\/p>\n\n\n\n<p>Die zentralen Hallen beherbergen den gr\u00f6\u00dften Markt von Saint-Nazaire mit mehreren hundert H\u00e4ndlern in und um die Hallen herum. Hier vermischen sich Ger\u00fcche und Farben. Hier finden Sie eine gro\u00dfe Auswahl an frischen, saisonalen und qualitativ hochwertigen Produkten vom Bauernhof. Das Geb\u00e4ude wurde 1958 eingeweiht und macht den Ort noch angenehmer.   <br\/><strong>Wann?<\/strong>  Dienstag-, Freitag-, Samstag- und Sonntagmorgen. Wo? Place du Commerce, 44600 Saint-Nazaire.<\/p>\n<\/div>\n<\/div>\n<\/div>\n<\/div>\n<\/div>\n\n<div style=\"height:280px\" aria-hidden=\"true\" class=\"wp-block-spacer\"><\/div>\n\n<div class=\"wp-block-group alignfull pin-scope-fade is-layout-flow wp-block-group-is-layout-flow\" style=\"margin-bottom:-5px\">\n<div class=\"wp-block-group alignfull content-anim has-background has-global-padding is-layout-constrained wp-container-core-group-is-layout-10d781b8 wp-block-group-is-layout-constrained\" style=\"background:linear-gradient(180deg,rgb(255,255,245) 37%,rgb(253,203,115) 100%);padding-top:0;padding-bottom:0\">\n<div style=\"background-image:url(&apos;https:\/\/www.rochelets.com\/wp-content\/uploads\/2026\/01\/marches03-scaled.webp&apos;);background-size:cover;\" class=\"wp-block-group alignfull hero-global has-global-padding is-layout-constrained wp-block-group-is-layout-constrained has-background\"\/>\n\n\n\n<div class=\"wp-block-group alignwide lblp-fade-content is-layout-flow wp-block-group-is-layout-flow\" style=\"padding-right:var(--wp--preset--spacing--xs);padding-left:var(--wp--preset--spacing--xs)\">\n<div class=\"wp-block-columns alignwide fade is-layout-flex wp-container-core-columns-is-layout-f27e9562 wp-block-columns-is-layout-flex\">\n<div class=\"wp-block-column is-vertically-aligned-bottom is-layout-flow wp-block-column-is-layout-flow\" style=\"flex-basis:50%\">\n<div class=\"wp-block-group has-global-padding is-layout-constrained wp-container-core-group-is-layout-9c8dac04 wp-block-group-is-layout-constrained\">\n<div class=\"wp-block-group has-global-padding is-layout-constrained wp-block-group-is-layout-constrained\">\n<p class=\"has-text-align-right has-s-font-size\"><strong>Markt in Paimboeuf<\/strong><\/p>\n\n\n\n<p class=\"has-text-align-right\">Tauchen Sie ein in das gesch\u00e4ftige Treiben dieses kleinen, traditionellen lokalen Marktes und entdecken Sie eine Vielfalt an frischen, lokalen Produkten in den Markthallen und rund um den Marktplatz. Entdecken Sie auch die Kais, den Leuchtturm, die engen Gassen und Durchg\u00e4nge und die pr\u00e4chtigen H\u00e4user, die an die maritime Vergangenheit der Stadt erinnern. <\/p>\n\n\n\n<p class=\"has-text-align-right\"><strong>Wann?<\/strong>  Freitagmorgen. Wo? Place du March\u00e9 von September bis Juni, auf dem Quai Sadi Carnot im Juli und August.<\/p>\n\n\n\n<p class=\"has-text-align-right has-s-font-size\"><strong>Markt in Frossay<\/strong><\/p>\n\n\n\n<p class=\"has-text-align-right\">In Frossay, zwischen Nantes und Saint-Nazaire, finden Sie alles, was Sie brauchen, um Ihren Einkaufskorb zu f\u00fcllen. Primeur, Fischh\u00e4ndler, Metzger, Fleischer und Cr\u00e9mier sind um den Place de l&#8217;Eglise versammelt. Sie m\u00fcssen nur noch den perfekten Ort f\u00fcr ein Picknick am Canal de la Martini\u00e8re finden!  <\/p>\n\n\n\n<p class=\"has-text-align-right\"><strong>Wann?<\/strong>  Donnerstagmorgen. Wo? Auf dem Platz vor der Kirche. Am Sonntagmorgen Austernverkauf. <\/p>\n<\/div>\n<\/div>\n<\/div>\n\n\n\n<div class=\"wp-block-column is-layout-flow wp-block-column-is-layout-flow\" style=\"flex-basis:50%\">\n<div class=\"wp-block-horizon-blocks-image-bubble position-top-right\">\n<div class=\"wp-block-group block-image-bubble is-layout-flow wp-block-group-is-layout-flow\">\n<figure class=\"wp-block-image size-1\/1_600x600_desktop block-image-bubble__image\"><a href=\"https:\/\/www.rochelets.com\/wp-content\/uploads\/2026\/01\/marches06-scaled.webp\" rel=\"block-4\"><img alt=\"March\u00e9 en plein air avec fruits et l\u00e9gumes.\" decoding=\"async\" width=\"600\" height=\"600\" src=\"https:\/\/www.rochelets.com\/wp-content\/uploads\/2026\/01\/marches06-600x600.webp\" alt=\"\" class=\"wp-image-916\" srcset=\"https:\/\/www.rochelets.com\/wp-content\/uploads\/2026\/01\/marches06-600x600.webp 600w, https:\/\/www.rochelets.com\/wp-content\/uploads\/2026\/01\/marches06-150x150.webp 150w, https:\/\/www.rochelets.com\/wp-content\/uploads\/2026\/01\/marches06-207x207.webp 207w, https:\/\/www.rochelets.com\/wp-content\/uploads\/2026\/01\/marches06-350x350.webp 350w, https:\/\/www.rochelets.com\/wp-content\/uploads\/2026\/01\/marches06-100x100.webp 100w, https:\/\/www.rochelets.com\/wp-content\/uploads\/2026\/01\/marches06-1000x1000.webp 1000w, https:\/\/www.rochelets.com\/wp-content\/uploads\/2026\/01\/marches06-400x400.webp 400w, https:\/\/www.rochelets.com\/wp-content\/uploads\/2026\/01\/marches06-200x200.webp 200w\" sizes=\"(max-width: 600px) 100vw, 600px\" \/><\/a><\/figure>\n\n\n\n<div class=\"wp-block-group block-image-bubble__bubble has-global-padding is-layout-constrained wp-block-group-is-layout-constrained\">\n<figure class=\"wp-block-image size-bubble block-image-bubble__bubble-image\"><a href=\"https:\/\/www.rochelets.com\/wp-content\/uploads\/2026\/01\/marches01-scaled.webp\" rel=\"block-4\"><img alt=\"\" decoding=\"async\" width=\"207\" height=\"207\" src=\"https:\/\/www.rochelets.com\/wp-content\/uploads\/2026\/01\/marches01-207x207.webp\" alt=\"\" class=\"wp-image-895\" srcset=\"https:\/\/www.rochelets.com\/wp-content\/uploads\/2026\/01\/marches01-207x207.webp 207w, https:\/\/www.rochelets.com\/wp-content\/uploads\/2026\/01\/marches01-150x150.webp 150w, https:\/\/www.rochelets.com\/wp-content\/uploads\/2026\/01\/marches01-350x350.webp 350w, https:\/\/www.rochelets.com\/wp-content\/uploads\/2026\/01\/marches01-100x100.webp 100w, https:\/\/www.rochelets.com\/wp-content\/uploads\/2026\/01\/marches01-1000x1000.webp 1000w, https:\/\/www.rochelets.com\/wp-content\/uploads\/2026\/01\/marches01-600x600.webp 600w, https:\/\/www.rochelets.com\/wp-content\/uploads\/2026\/01\/marches01-400x400.webp 400w, https:\/\/www.rochelets.com\/wp-content\/uploads\/2026\/01\/marches01-200x200.webp 200w\" sizes=\"(max-width: 207px) 100vw, 207px\" \/><\/a><\/figure>\n<\/div>\n<\/div>\n<\/div>\n<\/div>\n<\/div>\n<\/div>\n\n\n\n<div style=\"height:200px\" aria-hidden=\"true\" class=\"wp-block-spacer\"><\/div>\n\n\n\n<div class=\"wp-block-cover alignfull banner-wave-0 has-primary-light-color has-text-color has-link-color wp-elements-84af619bc8caa2ad1befeb16becb7411\"><img alt=\"\" decoding=\"async\" class=\"wp-block-cover__image-background wp-image-240 size-full\" alt=\"\" src=\"https:\/\/www.rochelets.com\/wp-content\/uploads\/2025\/12\/wave-white-4.svg\" style=\"object-position:49% 0%\" data-object-fit=\"cover\" data-object-position=\"49% 0%\"\/><span aria-hidden=\"true\" class=\"wp-block-cover__background has-transparent-background-color has-background-dim-100 has-background-dim\"><\/span><div class=\"wp-block-cover__inner-container has-global-padding is-layout-constrained wp-block-cover-is-layout-constrained\">\n<div style=\"height:3vw\" aria-hidden=\"true\" class=\"wp-block-spacer\"><\/div>\n\n\n\n<div class=\"wp-block-group alignfull has-global-padding is-layout-constrained wp-block-group-is-layout-constrained\">\n<div class=\"wp-block-group alignfull fade-left has-global-padding is-layout-constrained wp-block-group-is-layout-constrained\">\n<div class=\"wp-block-columns alignwide is-layout-flex wp-container-core-columns-is-layout-5b614432 wp-block-columns-is-layout-flex\">\n<div class=\"wp-block-column from-left is-layout-flow wp-block-column-is-layout-flow\" style=\"flex-basis:43%\">\n<div class=\"wp-block-group has-global-padding is-layout-constrained wp-block-group-is-layout-constrained\">\n<div class=\"wp-block-horizon-blocks-image-bubble position-bottom-left\">\n<div class=\"wp-block-group block-image-bubble is-layout-flow wp-block-group-is-layout-flow\">\n<figure class=\"wp-block-image size-1\/1_600x600_desktop block-image-bubble__image\"><a href=\"https:\/\/www.rochelets.com\/wp-content\/uploads\/2026\/01\/marches05-scaled.webp\" rel=\"block-5\"><img alt=\"\" decoding=\"async\" width=\"600\" height=\"600\" src=\"https:\/\/www.rochelets.com\/wp-content\/uploads\/2026\/01\/marches05-600x600.webp\" alt=\"\" class=\"wp-image-917\" srcset=\"https:\/\/www.rochelets.com\/wp-content\/uploads\/2026\/01\/marches05-600x600.webp 600w, https:\/\/www.rochelets.com\/wp-content\/uploads\/2026\/01\/marches05-150x150.webp 150w, https:\/\/www.rochelets.com\/wp-content\/uploads\/2026\/01\/marches05-207x207.webp 207w, https:\/\/www.rochelets.com\/wp-content\/uploads\/2026\/01\/marches05-350x350.webp 350w, https:\/\/www.rochelets.com\/wp-content\/uploads\/2026\/01\/marches05-100x100.webp 100w, https:\/\/www.rochelets.com\/wp-content\/uploads\/2026\/01\/marches05-1000x1000.webp 1000w, https:\/\/www.rochelets.com\/wp-content\/uploads\/2026\/01\/marches05-400x400.webp 400w, https:\/\/www.rochelets.com\/wp-content\/uploads\/2026\/01\/marches05-200x200.webp 200w\" sizes=\"(max-width: 600px) 100vw, 600px\" \/><\/a><\/figure>\n\n\n\n<div class=\"wp-block-group block-image-bubble__bubble is-layout-flow wp-block-group-is-layout-flow\">\n<figure class=\"wp-block-image size-bubble block-image-bubble__bubble-image\"><a href=\"https:\/\/www.rochelets.com\/wp-content\/uploads\/2026\/01\/marches03-scaled.webp\" rel=\"block-5\"><img alt=\"L\u00e9gumes frais vari\u00e9s sur un \u00e9tal de march\u00e9.\" decoding=\"async\" width=\"207\" height=\"207\" src=\"https:\/\/www.rochelets.com\/wp-content\/uploads\/2026\/01\/marches03-207x207.webp\" alt=\"\" class=\"wp-image-897\" srcset=\"https:\/\/www.rochelets.com\/wp-content\/uploads\/2026\/01\/marches03-207x207.webp 207w, https:\/\/www.rochelets.com\/wp-content\/uploads\/2026\/01\/marches03-150x150.webp 150w, https:\/\/www.rochelets.com\/wp-content\/uploads\/2026\/01\/marches03-350x350.webp 350w, https:\/\/www.rochelets.com\/wp-content\/uploads\/2026\/01\/marches03-100x100.webp 100w, https:\/\/www.rochelets.com\/wp-content\/uploads\/2026\/01\/marches03-1000x1000.webp 1000w, https:\/\/www.rochelets.com\/wp-content\/uploads\/2026\/01\/marches03-600x600.webp 600w, https:\/\/www.rochelets.com\/wp-content\/uploads\/2026\/01\/marches03-400x400.webp 400w, https:\/\/www.rochelets.com\/wp-content\/uploads\/2026\/01\/marches03-200x200.webp 200w\" sizes=\"(max-width: 207px) 100vw, 207px\" \/><\/a><\/figure>\n<\/div>\n<\/div>\n<\/div>\n<\/div>\n<\/div>\n\n\n\n<div class=\"wp-block-column is-vertically-aligned-bottom from-right is-layout-flow wp-block-column-is-layout-flow\" style=\"flex-basis:55%\">\n<div class=\"wp-block-group has-primary-dark-color has-text-color has-link-color wp-elements-138e1d9585336b89a1cc97f19397ef21 has-global-padding is-layout-constrained wp-container-core-group-is-layout-9c8dac04 wp-block-group-is-layout-constrained\">\n<div class=\"wp-block-group has-global-padding is-layout-constrained wp-block-group-is-layout-constrained\">\n<p class=\"has-text-align-left has-s-font-size\"><strong>Markt Tharon-Plage \/ Saint-Michel-Chef-Chef (Sommermarkt)<\/strong><\/p>\n\n\n\n<p class=\"has-text-align-left\">Der gro\u00dfe Markt von Tharon ist ein echter Ort des Lebens und des Austauschs und kennt keine Krise. Im Sommer sind es bis zu 250 H\u00e4ndler, die sich auf dem Marktplatz niederlassen. Fleisch- und Wurstwaren, K\u00e4serei, B\u00e4ckerei, Obst und Gem\u00fcse, B\u00e4ckerei, aber auch Textilien, Lederwaren, Eisenwaren, Kunsthandwerk&#8230;  <\/p>\n\n\n\n<p class=\"has-text-align-left\"><strong>Wann?<\/strong>  Dienstags und freitags von 8.00 bis 14.00 Uhr (nur im Juli und August). Wo? Place du March\u00e9, Tharon-Plage (Gemeinde Saint-Michel-Chef-Chef).<\/p>\n\n\n\n<p class=\"has-text-align-left has-s-font-size\"><strong>Markt von Pr\u00e9failles<\/strong><\/p>\n\n\n\n<p>Der Markt von Pr\u00e9failles ist einer der malerischsten im Pays de Retz, mit dem Grande Plage unterhalb. Es ist schwer, dem Wunsch zu widerstehen, alle lokalen Spezialit\u00e4ten zu probieren! W\u00e4hrend der Sommersaison wird der Markt mit vielen zus\u00e4tzlichen St\u00e4nden erweitert (Kleidung, Schmuck und Kunsthandwerk).  <\/p>\n\n\n\n<p class=\"has-text-align-left\"><strong>Wann?<\/strong>  Mittwochs und samstags. Wo? Im Zentrum von Pr\u00e9failles.<\/p>\n<\/div>\n<\/div>\n<\/div>\n<\/div>\n<\/div>\n<\/div>\n\n\n\n<div class=\"wp-block-group alignfull has-global-padding is-layout-constrained wp-block-group-is-layout-constrained\">\n<div class=\"wp-block-group alignfull has-global-padding is-content-justification-right is-layout-constrained wp-container-core-group-is-layout-3c321358 wp-block-group-is-layout-constrained\">\n<div class=\"wp-block-group has-global-padding is-content-justification-right is-layout-constrained wp-container-core-group-is-layout-a3883e76 wp-block-group-is-layout-constrained\">\n<figure class=\"wp-block-image alignright size-full parallax-slow\"><img alt=\"\" decoding=\"async\" width=\"341\" height=\"411\" src=\"https:\/\/www.rochelets.com\/wp-content\/uploads\/2025\/12\/shell-5.webp\" alt=\"\" class=\"wp-image-241\" srcset=\"https:\/\/www.rochelets.com\/wp-content\/uploads\/2025\/12\/shell-5.webp 341w, https:\/\/www.rochelets.com\/wp-content\/uploads\/2025\/12\/shell-5-249x300.webp 249w\" sizes=\"(max-width: 341px) 100vw, 341px\" \/><\/figure>\n<\/div>\n<\/div>\n\n\n\n<div style=\"height:25px\" aria-hidden=\"true\" class=\"wp-block-spacer\"><\/div>\n<\/div>\n<\/div><\/div>\n<\/div>\n<\/div>\n","protected":false},"excerpt":{"rendered":"<p>Saint-Nazaire, Saint-Michel-Chef-Chef, Pr\u00e9failles Die M\u00e4rkte in Saint-Brevin-les-Pins, die Sie diesen Sommer nicht verpassen sollten Wie sch\u00f6n ist es, im Urlaub \u00fcber die M\u00e4rkte zu schlendern! Saint-Nazaire, Saint-Michel-Chef-Chef, Pr\u00e9failles&#8230; Ein kleiner \u00dcberblick \u00fcber die M\u00e4rkte im Pays de Retz und an der Jadek\u00fcste, die Sie von unserem Campingplatz aus entdecken k\u00f6nnen. Campingplatz in Saint-Brevin-les-Pins. Der Markt [&hellip;]<\/p>\n","protected":false},"author":1,"featured_media":0,"parent":0,"menu_order":48,"comment_status":"closed","ping_status":"closed","template":"page-no-title","meta":{"_acf_changed":false,"_seopress_robots_primary_cat":"","_seopress_titles_title":"M\u00e4rkte Saint-Brevin-les-Pins | Tage & \u00d6ffnungszeiten","_seopress_titles_desc":"Entdecken Sie die M\u00e4rkte von Saint-Brevin-les-Pins: frische Produkte, Regionalit\u00e4t und lokale Begegnungen, die Sie w\u00e4hrend Ihres Urlaubs genie\u00dfen k\u00f6nnen. | Les Rochelets ","_seopress_robots_index":"","footnotes":""},"class_list":["post-4705","page","type-page","status-publish","hentry"],"acf":[],"_links":{"self":[{"href":"https:\/\/www.rochelets.com\/de\/wp-json\/wp\/v2\/pages\/4705","targetHints":{"allow":["GET"]}}],"collection":[{"href":"https:\/\/www.rochelets.com\/de\/wp-json\/wp\/v2\/pages"}],"about":[{"href":"https:\/\/www.rochelets.com\/de\/wp-json\/wp\/v2\/types\/page"}],"author":[{"embeddable":true,"href":"https:\/\/www.rochelets.com\/de\/wp-json\/wp\/v2\/users\/1"}],"replies":[{"embeddable":true,"href":"https:\/\/www.rochelets.com\/de\/wp-json\/wp\/v2\/comments?post=4705"}],"version-history":[{"count":1,"href":"https:\/\/www.rochelets.com\/de\/wp-json\/wp\/v2\/pages\/4705\/revisions"}],"predecessor-version":[{"id":4706,"href":"https:\/\/www.rochelets.com\/de\/wp-json\/wp\/v2\/pages\/4705\/revisions\/4706"}],"wp:attachment":[{"href":"https:\/\/www.rochelets.com\/de\/wp-json\/wp\/v2\/media?parent=4705"}],"curies":[{"name":"wp","href":"https:\/\/api.w.org\/{rel}","templated":true}]}}