{"id":4672,"date":"2025-12-12T11:34:15","date_gmt":"2025-12-12T10:34:15","guid":{"rendered":"https:\/\/rochelets.plune.fr\/rechtliche-hinweise\/"},"modified":"2026-02-16T17:27:42","modified_gmt":"2026-02-16T16:27:42","slug":"rechtliche-hinweise","status":"publish","type":"page","link":"https:\/\/www.rochelets.com\/de\/rechtliche-hinweise\/","title":{"rendered":"Rechtliche Hinweise"},"content":{"rendered":"\n<div class=\"wp-block-cover alignfull hrz-hero\" style=\"margin-top:0;margin-bottom:0;padding-top:0;padding-right:0;padding-bottom:0;padding-left:0\"><img alt=\"\" decoding=\"async\" class=\"wp-block-cover__image-background wp-image-170 size-full\" alt=\"\" src=\"https:\/\/www.rochelets.com\/wp-content\/uploads\/2025\/12\/wave-white-short.svg\" style=\"object-position:50% 0%\" data-object-fit=\"cover\" data-object-position=\"50% 0%\"\/><span aria-hidden=\"true\" class=\"wp-block-cover__background has-transparent-background-color has-background-dim-100 has-background-dim\"><\/span><div class=\"wp-block-cover__inner-container is-layout-flow wp-container-core-cover-is-layout-2a668712 wp-block-cover-is-layout-flow\">\n<div class=\"wp-block-cover\" style=\"padding-top:35vh;padding-right:var(--wp--preset--spacing--xs);padding-bottom:35vh;padding-left:var(--wp--preset--spacing--xs)\"><img alt=\"Mobil-home sous les arbres dans un camping.\" decoding=\"async\" width=\"2560\" height=\"1519\" class=\"wp-block-cover__image-background wp-image-380 size-full\" alt=\"\" src=\"https:\/\/www.rochelets.com\/wp-content\/uploads\/2026\/01\/rochelets-2024-028-scaled.webp\" style=\"object-position:47% 90%\" data-object-fit=\"cover\" data-object-position=\"47% 90%\" srcset=\"https:\/\/www.rochelets.com\/wp-content\/uploads\/2026\/01\/rochelets-2024-028-scaled.webp 2560w, https:\/\/www.rochelets.com\/wp-content\/uploads\/2026\/01\/rochelets-2024-028-300x178.webp 300w, https:\/\/www.rochelets.com\/wp-content\/uploads\/2026\/01\/rochelets-2024-028-1024x608.webp 1024w, https:\/\/www.rochelets.com\/wp-content\/uploads\/2026\/01\/rochelets-2024-028-768x456.webp 768w\" sizes=\"(max-width: 2560px) 100vw, 2560px\" \/><span aria-hidden=\"true\" class=\"wp-block-cover__background has-background-dim-40 has-background-dim wp-block-cover__gradient-background has-background-gradient\" style=\"background:linear-gradient(0deg,rgba(255,255,255,0) 0%,rgb(0,0,0) 100%)\"><\/span><div class=\"wp-block-cover__inner-container is-layout-flow wp-block-cover-is-layout-flow\">\n<div class=\"wp-block-group has-global-padding is-layout-constrained wp-block-group-is-layout-constrained\" style=\"padding-bottom:var(--wp--preset--spacing--xl)\">\n<p class=\"has-text-align-center is-style-top-title has-background-color has-text-color has-link-color has-secondary-font-family has-l-font-size wp-elements-a0e87d9c483569dc8e0baaadb3025e13\">Rechtliche Hinweise<\/p>\n<\/div>\n<\/div><\/div>\n<\/div><\/div>\n<div style=\"padding-left:var(--wp--preset--spacing--s);padding-top:var(--wp--preset--spacing--s);padding-bottom:var(--wp--preset--spacing--s);margin-top:-5px;\" class=\"alignfull wp-elements-8f51c863825ae36974923736c1beb9cd wp-block-wpseopress-breadcrumbs has-text-color has-secondary-color has-background has-background-background-color\"><nav  aria-label=\"Brotkrumen\"><ol class=\"breadcrumb\" itemscope itemtype=\"https:\/\/schema.org\/BreadcrumbList\"><li class=\"breadcrumb-item active\" aria-current=\"page\" itemprop=\"itemListElement\" itemscope itemtype=\"https:\/\/schema.org\/ListItem\"><span itemprop=\"name\">Camping \u00e0 Saint-Brevin-les-Pins<\/span><meta itemprop=\"position\" content=\"1\"><\/li><\/ol><\/nav><\/div>\n<div style=\"height:200px\" aria-hidden=\"true\" class=\"wp-block-spacer\"><\/div>\n\n<h2 class=\"wp-block-heading\">Rechtliche Hinweise des Campingplatzes Les Rochelets<\/h2>\n\n<h2 class=\"wp-block-heading\">Identit\u00e4t<\/h2>\n\n<p>Name der Website: <strong>Camping <\/strong>Les Rochelets<br\/>Adresse: https:\/\/www.rochelets.com\/<br\/>Eigent\u00fcmerin: Rachel Charrier<br\/>Verantwortlich f\u00fcr die Ver\u00f6ffentlichung: <strong>Camping <\/strong>Les Rochelets<br\/>Design und Umsetzung: Horizon Marketing<br\/>Animation: <strong>Camping <\/strong>Les Rochelets<br\/>Hosting: <strong>Infomaniak<\/strong><\/p>\n\n<p><\/p>\n\n<h2 class=\"wp-block-heading\">Juristische Person<\/h2>\n\n<p>CAMPING LES ROCHELETS - CNRCAMP<br\/><strong>Firmenname<\/strong>: CNRCAMP<br\/><strong>SIRET-Nr<\/strong>.<strong>:<\/strong> 480 947 019 00026<br\/><strong>APE-Code<\/strong><strong>:<\/strong> 5530Z<br\/> RCS<strong>:<\/strong> Nantes B 480 947 019<br\/><strong>Intrakommunale Mehrwertsteuer:<\/strong> FR19 480947019<br\/> Grundkapital<strong>:<\/strong> 10 000,00 \u20ac<strong>.<\/strong> <\/p>\n\n<p><\/p>\n\n<h2 class=\"wp-block-heading\">Nutzungsbedingungen<\/h2>\n\n<p>Die Nutzung dieser Website setzt die vollst\u00e4ndige und uneingeschr\u00e4nkte Annahme der nachstehend beschriebenen allgemeinen Nutzungsbedingungen voraus. Diese Nutzungsbedingungen k\u00f6nnen jederzeit ge\u00e4ndert oder erg\u00e4nzt werden. <\/p>\n\n<p><\/p>\n\n<h2 class=\"wp-block-heading\">Informationen<\/h2>\n\n<p>Die Informationen und Dokumente auf der Website dienen der Information, sind nicht ersch\u00f6pfend und k\u00f6nnen nicht zur Verantwortung gezogen werden.<\/p>\n\n<p>Der Eigent\u00fcmer der Website haftet nicht f\u00fcr direkte oder indirekte Sch\u00e4den, die sich aus dem Zugriff auf die Website ergeben.<\/p>\n\n<p><\/p>\n\n<h2 class=\"wp-block-heading\">Interaktivit\u00e4t<\/h2>\n\n<p>Die Nutzer der Website k\u00f6nnen Inhalte hinterlegen, die auf der Website in daf\u00fcr vorgesehenen Bereichen erscheinen (insbesondere \u00fcber das Kontaktformular). Die Verantwortung f\u00fcr den Inhalt liegt bei den Autoren, die die volle rechtliche Verantwortung daf\u00fcr \u00fcbernehmen. <\/p>\n\n<p>Der Eigent\u00fcmer der Website beh\u00e4lt sich jedoch das Recht vor, von Nutzern eingereichte Inhalte, die nicht den ethischen Richtlinien der Website oder den geltenden Gesetzen entsprechen, ohne Vorank\u00fcndigung und ohne Begr\u00fcndung zu entfernen.<\/p>\n\n<p><\/p>\n\n<h2 class=\"wp-block-heading\">Geistiges Eigentum<\/h2>\n\n<p>Sofern nicht anders angegeben, sind alle auf der Website zug\u00e4nglichen Elemente (Texte, Bilder, Grafiken, Logos, Icons, T\u00f6ne, Software usw.) das ausschlie\u00dfliche Eigentum ihrer Autoren, was die Rechte am geistigen Eigentum oder die Nutzungsrechte betrifft.<\/p>\n\n<p>Die Vervielf\u00e4ltigung, Darstellung, \u00c4nderung, Ver\u00f6ffentlichung und Anpassung aller oder eines Teils der Elemente der Website, unabh\u00e4ngig von den verwendeten Mitteln oder Verfahren, ist ohne vorherige schriftliche Genehmigung des Autors untersagt.<\/p>\n\n<p>Jede nicht genehmigte Nutzung der Website oder eines ihrer Elemente gilt als F\u00e4lschung und wird strafrechtlich verfolgt.<\/p>\n\n<p>Die auf der Website abgebildeten Marken und Logos sind von den Unternehmen registriert, die ihre Eigent\u00fcmer sind.<\/p>\n\n<p><\/p>\n\n<h2 class=\"wp-block-heading\">Links<\/h2>\n\n<p><strong>Ausgehende Links<\/strong>: Der Eigent\u00fcmer der Website lehnt jede Haftung ab und ist nicht verpflichtet, \u00fcber Hypertext-Links auf Ressourcen Dritter im Internet zu verweisen, sowohl in Bezug auf deren Inhalt als auch auf deren Relevanz.<\/p>\n\n<p><strong>Eingehende Links<\/strong>: Der Eigent\u00fcmer der Website gestattet Hypertext-Links zu einer der Seiten dieser Website, sofern diese ein neues Fenster \u00f6ffnen und unmissverst\u00e4ndlich dargestellt werden, um Folgendes zu vermeiden:<br\/>jede Verwechslungsgefahr zwischen der zitierenden Website und dem Eigent\u00fcmer der Website sowie jede tendenzi\u00f6se Darstellung oder eine Darstellung, die gegen die geltenden Gesetze verst\u00f6\u00dft.<\/p>\n\n<p>Der Eigent\u00fcmer der Website beh\u00e4lt sich das Recht vor, die Entfernung eines Links zu verlangen, wenn er der Ansicht ist, dass die Quellsite die hier festgelegten Regeln nicht einh\u00e4lt.<\/p>\n\n<p><\/p>\n\n<h2 class=\"wp-block-heading\">Datenschutz<\/h2>\n\n<p>Jeder Nutzer hat das Recht auf Zugang, Berichtigung und Widerspruch zu den ihn betreffenden pers\u00f6nlichen Daten, indem er einen schriftlichen und unterschriebenen Antrag zusammen mit einem Identit\u00e4tsnachweis stellt.<\/p>\n\n<p>Bei Anfragen wenden Sie sich bitte an die Beschwerdeabteilung<\/p>\n\n<p><\/p>\n\n<h2 class=\"wp-block-heading\">Ombudsmann f\u00fcr Verbraucherfragen<\/h2>\n\n<p>Gem\u00e4\u00df Artikel L 612-1 des Verbraucherschutzgesetzes hat jeder Kunde des Campingplatzes das Recht, sich kostenlos an einen Verbraucherschlichter zu wenden, um einen Streitfall mit dem Betreiber des Platzes g\u00fctlich beizulegen.<\/p>\n\n<p><\/p>\n\n<h2 class=\"wp-block-heading\">Kredite<\/h2>\n\n<p>Adobe stock<br\/>Camping Les Rochelets<br\/><\/p>\n\n<div style=\"height:100px\" aria-hidden=\"true\" class=\"wp-block-spacer\"><\/div>\n","protected":false},"excerpt":{"rendered":"<p>Rechtliche Hinweise des Campingplatzes Les Rochelets Identit\u00e4t Name der Website: Camping Les RocheletsAdresse: https:\/\/www.rochelets.com\/Eigent\u00fcmerin: Rachel CharrierVerantwortlich f\u00fcr die Ver\u00f6ffentlichung: Camping Les RocheletsDesign und Umsetzung: Horizon MarketingAnimation: Camping Les RocheletsHosting: Infomaniak Juristische Person CAMPING LES ROCHELETS - CNRCAMPFirmenname: CNRCAMPSIRET-Nr.: 480 947 019 00026APE-Code: 5530Z RCS: Nantes B 480 947 019Intrakommunale Mehrwertsteuer: FR19 480947019 Grundkapital: 10 000,00 [&hellip;]<\/p>\n","protected":false},"author":1,"featured_media":0,"parent":0,"menu_order":108,"comment_status":"closed","ping_status":"closed","template":"page-no-title","meta":{"_acf_changed":false,"_seopress_robots_primary_cat":"","_seopress_titles_title":"Rechtliche Hinweise | Camping Les Rochelets in Saint-Brevin-les-Pins","_seopress_titles_desc":"Rechtliche Hinweise des 4-Sterne-Campingplatzes Les Rochelets in Saint-Brevin-les-Pins in der Region Loire-Atlantique.","_seopress_robots_index":"","footnotes":""},"class_list":["post-4672","page","type-page","status-publish","hentry"],"acf":[],"_links":{"self":[{"href":"https:\/\/www.rochelets.com\/de\/wp-json\/wp\/v2\/pages\/4672","targetHints":{"allow":["GET"]}}],"collection":[{"href":"https:\/\/www.rochelets.com\/de\/wp-json\/wp\/v2\/pages"}],"about":[{"href":"https:\/\/www.rochelets.com\/de\/wp-json\/wp\/v2\/types\/page"}],"author":[{"embeddable":true,"href":"https:\/\/www.rochelets.com\/de\/wp-json\/wp\/v2\/users\/1"}],"replies":[{"embeddable":true,"href":"https:\/\/www.rochelets.com\/de\/wp-json\/wp\/v2\/comments?post=4672"}],"version-history":[{"count":1,"href":"https:\/\/www.rochelets.com\/de\/wp-json\/wp\/v2\/pages\/4672\/revisions"}],"predecessor-version":[{"id":4673,"href":"https:\/\/www.rochelets.com\/de\/wp-json\/wp\/v2\/pages\/4672\/revisions\/4673"}],"wp:attachment":[{"href":"https:\/\/www.rochelets.com\/de\/wp-json\/wp\/v2\/media?parent=4672"}],"curies":[{"name":"wp","href":"https:\/\/api.w.org\/{rel}","templated":true}]}}