{"id":4653,"date":"2025-12-12T11:34:14","date_gmt":"2025-12-12T10:34:14","guid":{"rendered":"https:\/\/rochelets.plune.fr\/kinderclub\/"},"modified":"2026-02-16T17:27:41","modified_gmt":"2026-02-16T16:27:41","slug":"kinderclub","status":"publish","type":"page","link":"https:\/\/www.rochelets.com\/de\/kinderclub\/","title":{"rendered":"Kinderclub"},"content":{"rendered":"\n<div class=\"wp-block-cover alignfull hrz-hero\" style=\"margin-top:0;margin-bottom:0;padding-top:0;padding-right:0;padding-bottom:0;padding-left:0\"><img alt=\"\" decoding=\"async\" class=\"wp-block-cover__image-background wp-image-170 size-full\" alt=\"\" src=\"https:\/\/www.rochelets.com\/wp-content\/uploads\/2025\/12\/wave-white-short.svg\" style=\"object-position:50% 0%\" data-object-fit=\"cover\" data-object-position=\"50% 0%\"\/><span aria-hidden=\"true\" class=\"wp-block-cover__background has-transparent-background-color has-background-dim-100 has-background-dim\"><\/span><div class=\"wp-block-cover__inner-container is-layout-flow wp-container-core-cover-is-layout-2a668712 wp-block-cover-is-layout-flow\">\n<div class=\"wp-block-cover\" style=\"padding-top:35vh;padding-right:var(--wp--preset--spacing--xs);padding-bottom:35vh;padding-left:var(--wp--preset--spacing--xs)\"><img alt=\"\" decoding=\"async\" width=\"2560\" height=\"1608\" class=\"wp-block-cover__image-background wp-image-344 size-full\" alt=\"\" src=\"https:\/\/www.rochelets.com\/wp-content\/uploads\/2026\/01\/rochelets-2024-016-scaled.webp\" data-object-fit=\"cover\" srcset=\"https:\/\/www.rochelets.com\/wp-content\/uploads\/2026\/01\/rochelets-2024-016-scaled.webp 2560w, https:\/\/www.rochelets.com\/wp-content\/uploads\/2026\/01\/rochelets-2024-016-300x188.webp 300w, https:\/\/www.rochelets.com\/wp-content\/uploads\/2026\/01\/rochelets-2024-016-1024x643.webp 1024w, https:\/\/www.rochelets.com\/wp-content\/uploads\/2026\/01\/rochelets-2024-016-768x482.webp 768w\" sizes=\"(max-width: 2560px) 100vw, 2560px\" \/><span aria-hidden=\"true\" class=\"wp-block-cover__background has-background-dim-40 has-background-dim wp-block-cover__gradient-background has-background-gradient\" style=\"background:linear-gradient(0deg,rgba(255,255,255,0) 0%,rgb(0,0,0) 100%)\"><\/span><div class=\"wp-block-cover__inner-container is-layout-flow wp-block-cover-is-layout-flow\">\n<div class=\"wp-block-group has-global-padding is-layout-constrained wp-block-group-is-layout-constrained\" style=\"padding-bottom:var(--wp--preset--spacing--xl)\">\n<p class=\"has-text-align-center is-style-top-title has-background-color has-text-color has-link-color has-secondary-font-family has-l-font-size wp-elements-765767a25477c78a4ace9e9169f4718f\">Der Kinderclub des Campingplatzes<\/p>\n<\/div>\n<\/div><\/div>\n<\/div><\/div>\n<div style=\"padding-left:var(--wp--preset--spacing--s);padding-top:var(--wp--preset--spacing--s);padding-bottom:var(--wp--preset--spacing--s);margin-top:-5px;\" class=\"alignfull wp-elements-8f51c863825ae36974923736c1beb9cd wp-block-wpseopress-breadcrumbs has-text-color has-secondary-color has-background has-background-background-color\"><nav  aria-label=\"Brotkrumen\"><ol class=\"breadcrumb\" itemscope itemtype=\"https:\/\/schema.org\/BreadcrumbList\"><li class=\"breadcrumb-item active\" aria-current=\"page\" itemprop=\"itemListElement\" itemscope itemtype=\"https:\/\/schema.org\/ListItem\"><span itemprop=\"name\">Camping \u00e0 Saint-Brevin-les-Pins<\/span><meta itemprop=\"position\" content=\"1\"><\/li><\/ol><\/nav><\/div>\n<div style=\"height:200px\" aria-hidden=\"true\" class=\"wp-block-spacer\"><\/div>\n\n<div class=\"wp-block-group alignfull has-global-padding is-layout-constrained wp-container-core-group-is-layout-838c3748 wp-block-group-is-layout-constrained\" style=\"padding-right:var(--wp--preset--spacing--xs);padding-left:var(--wp--preset--spacing--xs)\">\n<div class=\"wp-block-columns alignwide fade is-layout-flex wp-container-core-columns-is-layout-e0b60340 wp-block-columns-is-layout-flex\">\n<div class=\"wp-block-column is-layout-flow wp-block-column-is-layout-flow\" style=\"flex-basis:43%\">\n<div class=\"wp-block-horizon-blocks-image-bubble position-bottom-left\">\n<div class=\"wp-block-group block-image-bubble is-layout-flow wp-block-group-is-layout-flow\">\n<figure class=\"wp-block-image size-1\/1_600x600_desktop block-image-bubble__image\"><a href=\"https:\/\/www.rochelets.com\/wp-content\/uploads\/2026\/01\/rochelets-2024-036-scaled.webp\" rel=\"block-1\"><img alt=\"Enfant et adulte faisant un projet manuel dehors.\" decoding=\"async\" width=\"600\" height=\"600\" src=\"https:\/\/www.rochelets.com\/wp-content\/uploads\/2026\/01\/rochelets-2024-036-600x600.webp\" alt=\"\" class=\"wp-image-353\" srcset=\"https:\/\/www.rochelets.com\/wp-content\/uploads\/2026\/01\/rochelets-2024-036-600x600.webp 600w, https:\/\/www.rochelets.com\/wp-content\/uploads\/2026\/01\/rochelets-2024-036-150x150.webp 150w, https:\/\/www.rochelets.com\/wp-content\/uploads\/2026\/01\/rochelets-2024-036-207x207.webp 207w, https:\/\/www.rochelets.com\/wp-content\/uploads\/2026\/01\/rochelets-2024-036-350x350.webp 350w, https:\/\/www.rochelets.com\/wp-content\/uploads\/2026\/01\/rochelets-2024-036-100x100.webp 100w, https:\/\/www.rochelets.com\/wp-content\/uploads\/2026\/01\/rochelets-2024-036-1000x1000.webp 1000w, https:\/\/www.rochelets.com\/wp-content\/uploads\/2026\/01\/rochelets-2024-036-400x400.webp 400w, https:\/\/www.rochelets.com\/wp-content\/uploads\/2026\/01\/rochelets-2024-036-200x200.webp 200w\" sizes=\"(max-width: 600px) 100vw, 600px\" \/><\/a><\/figure>\n\n\n\n<div class=\"wp-block-group block-image-bubble__bubble has-global-padding is-layout-constrained wp-block-group-is-layout-constrained\">\n<figure class=\"wp-block-image size-bubble block-image-bubble__bubble-image\"><a href=\"https:\/\/www.rochelets.com\/wp-content\/uploads\/2026\/01\/rochelets-2024-116-scaled.webp\" rel=\"block-1\"><img alt=\"Femme maquillant le visage d&#039;une fille.\" decoding=\"async\" width=\"207\" height=\"207\" src=\"https:\/\/www.rochelets.com\/wp-content\/uploads\/2026\/01\/rochelets-2024-116-207x207.webp\" alt=\"\" class=\"wp-image-338\" srcset=\"https:\/\/www.rochelets.com\/wp-content\/uploads\/2026\/01\/rochelets-2024-116-207x207.webp 207w, https:\/\/www.rochelets.com\/wp-content\/uploads\/2026\/01\/rochelets-2024-116-150x150.webp 150w, https:\/\/www.rochelets.com\/wp-content\/uploads\/2026\/01\/rochelets-2024-116-350x350.webp 350w, https:\/\/www.rochelets.com\/wp-content\/uploads\/2026\/01\/rochelets-2024-116-100x100.webp 100w, https:\/\/www.rochelets.com\/wp-content\/uploads\/2026\/01\/rochelets-2024-116-1000x1000.webp 1000w, https:\/\/www.rochelets.com\/wp-content\/uploads\/2026\/01\/rochelets-2024-116-600x600.webp 600w, https:\/\/www.rochelets.com\/wp-content\/uploads\/2026\/01\/rochelets-2024-116-400x400.webp 400w, https:\/\/www.rochelets.com\/wp-content\/uploads\/2026\/01\/rochelets-2024-116-200x200.webp 200w\" sizes=\"(max-width: 207px) 100vw, 207px\" \/><\/a><\/figure>\n<\/div>\n<\/div>\n<\/div>\n<\/div>\n\n\n\n<div class=\"wp-block-column is-vertically-aligned-bottom is-layout-flow wp-block-column-is-layout-flow\" style=\"flex-basis:55%\">\n<div class=\"wp-block-group has-global-padding is-layout-constrained wp-container-core-group-is-layout-9c8dac04 wp-block-group-is-layout-constrained\">\n<div class=\"wp-block-group has-global-padding is-layout-constrained wp-container-core-group-is-layout-38e7494a wp-block-group-is-layout-constrained\">\n<p class=\"is-style-headline is-style-headline--1\">Animationen f\u00fcr Kinder<\/p>\n\n\n\n<h1 class=\"wp-block-heading has-text-align-left is-style-title-below is-style-title-below--2\">Campingplatz mit Kinderclub in Saint-Brevin-les-Pins<\/h1>\n<\/div>\n\n\n\n<div class=\"wp-block-group has-global-padding is-layout-constrained wp-block-group-is-layout-constrained\">\n<p><strong>Der Kinderclub &#8222;PIKI CLUB&#8220; auf unserem Campingplatz in der Region Loire Atlantique<\/strong><\/p>\n\n\n\n<p>Der <strong>Kinderclub<\/strong> des Campingplatzes ist kostenlos und in den Aprilferien sowie im Juli und August ge\u00f6ffnet. Hier werden Ihre Kinder von 6 bis 12 Jahren w\u00e4hrend Ihres Urlaubs in Loire Atlantique betreut.<br\/>Treffpunkt in der BAR von Montag bis Freitag f\u00fcr (re)kreative und sportliche Aktivit\u00e4ten auf dem <a href=\"https:\/\/www.rochelets.com\/\">Campingplatz Saint Br\u00e9vin les Pins<\/a>.<\/p>\n<\/div>\n<\/div>\n<\/div>\n<\/div>\n<\/div>\n\n<div style=\"height:150px\" aria-hidden=\"true\" class=\"wp-block-spacer\"><\/div>\n\n<div class=\"wp-block-group alignfull pin-scope-fade is-layout-flow wp-block-group-is-layout-flow\" style=\"padding-top:0;padding-bottom:0\">\n<div class=\"wp-block-group alignfull content-anim has-global-padding is-layout-constrained wp-container-core-group-is-layout-10d781b8 wp-block-group-is-layout-constrained\" style=\"padding-top:0;padding-bottom:0\">\n<div style=\"background-image:url(&apos;https:\/\/www.rochelets.com\/wp-content\/uploads\/2026\/01\/rochelets-2024-014-scaled.webp&apos;);background-size:cover;\" class=\"wp-block-group alignfull hero-global has-global-padding is-layout-constrained wp-block-group-is-layout-constrained has-background\"\/>\n\n\n\n<div class=\"wp-block-columns is-style-hrz-reponsive-order is-layout-flex wp-container-core-columns-is-layout-bcdad1f0 wp-block-columns-is-layout-flex\" style=\"padding-right:var(--wp--preset--spacing--xs);padding-left:var(--wp--preset--spacing--xs)\">\n<div class=\"wp-block-column from-left is-layout-flow wp-block-column-is-layout-flow\" style=\"flex-basis:43%\">\n<div class=\"wp-block-group has-global-padding is-layout-constrained wp-block-group-is-layout-constrained\">\n<div class=\"wp-block-horizon-blocks-image-bubble position-bottom-left\">\n<div class=\"wp-block-group block-image-bubble is-layout-flow wp-block-group-is-layout-flow\">\n<figure class=\"wp-block-image size-full block-image-bubble__image\"><a href=\"https:\/\/www.rochelets.com\/wp-content\/uploads\/2026\/01\/rochelets-2024-118-scaled.webp\" rel=\"block-3\"><img alt=\"Enfant maquill\u00e9, sourire reflet dans un miroir.\" decoding=\"async\" width=\"1741\" height=\"2560\" src=\"https:\/\/www.rochelets.com\/wp-content\/uploads\/2026\/01\/rochelets-2024-118-scaled.webp\" alt=\"\" class=\"wp-image-340\" style=\"aspect-ratio:9\/16;object-fit:cover\" srcset=\"https:\/\/www.rochelets.com\/wp-content\/uploads\/2026\/01\/rochelets-2024-118-scaled.webp 1741w, https:\/\/www.rochelets.com\/wp-content\/uploads\/2026\/01\/rochelets-2024-118-204x300.webp 204w, https:\/\/www.rochelets.com\/wp-content\/uploads\/2026\/01\/rochelets-2024-118-696x1024.webp 696w, https:\/\/www.rochelets.com\/wp-content\/uploads\/2026\/01\/rochelets-2024-118-768x1129.webp 768w\" sizes=\"(max-width: 1741px) 100vw, 1741px\" \/><\/a><\/figure>\n\n\n\n<div class=\"wp-block-group block-image-bubble__bubble is-layout-flow wp-block-group-is-layout-flow\">\n<figure class=\"wp-block-image size-bubble block-image-bubble__bubble-image\"><a href=\"https:\/\/www.rochelets.com\/wp-content\/uploads\/2026\/01\/rochelets-2024-123-scaled.webp\" rel=\"block-3\"><img alt=\"Spectacle pour enfants au camping avec mascotte.\" decoding=\"async\" width=\"207\" height=\"207\" src=\"https:\/\/www.rochelets.com\/wp-content\/uploads\/2026\/01\/rochelets-2024-123-207x207.webp\" alt=\"\" class=\"wp-image-341\" srcset=\"https:\/\/www.rochelets.com\/wp-content\/uploads\/2026\/01\/rochelets-2024-123-207x207.webp 207w, https:\/\/www.rochelets.com\/wp-content\/uploads\/2026\/01\/rochelets-2024-123-150x150.webp 150w, https:\/\/www.rochelets.com\/wp-content\/uploads\/2026\/01\/rochelets-2024-123-350x350.webp 350w, https:\/\/www.rochelets.com\/wp-content\/uploads\/2026\/01\/rochelets-2024-123-100x100.webp 100w, https:\/\/www.rochelets.com\/wp-content\/uploads\/2026\/01\/rochelets-2024-123-1000x1000.webp 1000w, https:\/\/www.rochelets.com\/wp-content\/uploads\/2026\/01\/rochelets-2024-123-600x600.webp 600w, https:\/\/www.rochelets.com\/wp-content\/uploads\/2026\/01\/rochelets-2024-123-400x400.webp 400w, https:\/\/www.rochelets.com\/wp-content\/uploads\/2026\/01\/rochelets-2024-123-200x200.webp 200w\" sizes=\"(max-width: 207px) 100vw, 207px\" \/><\/a><\/figure>\n<\/div>\n<\/div>\n<\/div>\n<\/div>\n\n\n\n<div style=\"height:200px\" aria-hidden=\"true\" class=\"wp-block-spacer\"><\/div>\n<\/div>\n\n\n\n<div class=\"wp-block-column is-vertically-aligned-bottom parallax-slow is-layout-flow wp-block-column-is-layout-flow\" style=\"flex-basis:55%\">\n<div class=\"wp-block-group has-global-padding is-layout-constrained wp-block-group-is-layout-constrained\">\n<figure class=\"wp-block-image size-large has-custom-border is-style-rounded is-style-rounded--3\"><a href=\"https:\/\/www.rochelets.com\/wp-content\/uploads\/2026\/01\/rochelets-2024-035-scaled.webp\" rel=\"block-3\"><img alt=\"Enfants jouant au Mikado dans la lumi\u00e8re du soleil.\" decoding=\"async\" width=\"1024\" height=\"720\" src=\"https:\/\/www.rochelets.com\/wp-content\/uploads\/2026\/01\/rochelets-2024-035-1024x720.webp\" alt=\"\" class=\"wp-image-346\" style=\"border-top-left-radius:30px;border-top-right-radius:30px;border-bottom-left-radius:30px;border-bottom-right-radius:30px\" srcset=\"https:\/\/www.rochelets.com\/wp-content\/uploads\/2026\/01\/rochelets-2024-035-1024x720.webp 1024w, https:\/\/www.rochelets.com\/wp-content\/uploads\/2026\/01\/rochelets-2024-035-300x211.webp 300w, https:\/\/www.rochelets.com\/wp-content\/uploads\/2026\/01\/rochelets-2024-035-768x540.webp 768w\" sizes=\"(max-width: 1024px) 100vw, 1024px\" \/><\/a><\/figure>\n\n\n\n<div class=\"wp-block-group has-global-padding is-layout-constrained wp-block-group-is-layout-constrained\">\n<div class=\"wp-block-group has-global-padding is-layout-constrained wp-container-core-group-is-layout-38e7494a wp-block-group-is-layout-constrained\">\n<p class=\"is-style-headline is-style-headline--4\">Das Programm des Kinderclubs<\/p>\n\n\n\n<h2 class=\"wp-block-heading is-style-title-below is-style-title-below--5\">in Saint Br\u00e9vin<\/h2>\n<\/div>\n\n\n\n<div class=\"wp-block-group has-global-padding is-layout-constrained wp-container-core-group-is-layout-38e7494a wp-block-group-is-layout-constrained\">\n<p>Der Kinderclub des Campingplatzes bietet Ihren Kindern Spiele, Schminkworkshops, Piki-Disco,<br\/>Shows, Mini-Olympiaden, Schatzsuchen, Wasserspiele, verschiedene Bastelangebote&#8230;<br\/>F\u00fcr das Vergn\u00fcgen der Kinder gibt es auf dem Campingplatz auch einen Spielplatz mit Rutsche und Schaukel sowie ein gro\u00dfes Trampolin.<br\/><br\/>All diese Aktivit\u00e4ten werden Ihre Kinder begeistern, die mit ihren eigenen Kreationen und vielen sch\u00f6nen Erinnerungen an ihren Urlaub in Loire Atlantique nach Hause fahren werden.<br\/>Kinderclub in den April- und Sommerferien ge\u00f6ffnet.<\/p>\n<\/div>\n<\/div>\n<\/div>\n<\/div>\n<\/div>\n\n\n\n<div class=\"wp-block-group alignfull has-global-padding is-layout-constrained wp-block-group-is-layout-constrained\" style=\"margin-top:-1rem\">\n<div class=\"wp-block-group alignfull has-global-padding is-content-justification-right is-layout-constrained wp-container-core-group-is-layout-3c321358 wp-block-group-is-layout-constrained\">\n<div class=\"wp-block-group has-global-padding is-content-justification-right is-layout-constrained wp-container-core-group-is-layout-a3883e76 wp-block-group-is-layout-constrained\">\n<figure class=\"wp-block-image alignright size-full parallax-fast z-negative\"><img alt=\"Trois coquillages sur fond noir, textur\u00e9s et color\u00e9s.\" decoding=\"async\" width=\"421\" height=\"456\" src=\"https:\/\/www.rochelets.com\/wp-content\/uploads\/2025\/12\/shell-3.webp\" alt=\"\" class=\"wp-image-207\" srcset=\"https:\/\/www.rochelets.com\/wp-content\/uploads\/2025\/12\/shell-3.webp 421w, https:\/\/www.rochelets.com\/wp-content\/uploads\/2025\/12\/shell-3-277x300.webp 277w\" sizes=\"(max-width: 421px) 100vw, 421px\" \/><\/figure>\n<\/div>\n<\/div>\n\n\n\n<div style=\"height:25px\" aria-hidden=\"true\" class=\"wp-block-spacer\"><\/div>\n<\/div>\n<\/div>\n<\/div>\n","protected":false},"excerpt":{"rendered":"<p>Animationen f\u00fcr Kinder Campingplatz mit Kinderclub in Saint-Brevin-les-Pins Der Kinderclub &#8222;PIKI CLUB&#8220; auf unserem Campingplatz in der Region Loire Atlantique Der Kinderclub des Campingplatzes ist kostenlos und in den Aprilferien sowie im Juli und August ge\u00f6ffnet. Hier werden Ihre Kinder von 6 bis 12 Jahren w\u00e4hrend Ihres Urlaubs in Loire Atlantique betreut.Treffpunkt in der BAR [&hellip;]<\/p>\n","protected":false},"author":1,"featured_media":0,"parent":0,"menu_order":88,"comment_status":"closed","ping_status":"closed","template":"page-no-title","meta":{"_acf_changed":false,"_seopress_robots_primary_cat":"","_seopress_titles_title":"Campingplatz mit Kinderclub Saint-Brevin-les-Pins in der Region Loire-Atlantique","_seopress_titles_desc":"Finden Sie den perfekten Campingplatz in Saint-Brevin-les-Pins mit Kinderclub. Ein unvergesslicher Urlaub in der Region Loire-Atlantique f\u00fcr junge Camper. ","_seopress_robots_index":"","footnotes":""},"class_list":["post-4653","page","type-page","status-publish","hentry"],"acf":[],"_links":{"self":[{"href":"https:\/\/www.rochelets.com\/de\/wp-json\/wp\/v2\/pages\/4653","targetHints":{"allow":["GET"]}}],"collection":[{"href":"https:\/\/www.rochelets.com\/de\/wp-json\/wp\/v2\/pages"}],"about":[{"href":"https:\/\/www.rochelets.com\/de\/wp-json\/wp\/v2\/types\/page"}],"author":[{"embeddable":true,"href":"https:\/\/www.rochelets.com\/de\/wp-json\/wp\/v2\/users\/1"}],"replies":[{"embeddable":true,"href":"https:\/\/www.rochelets.com\/de\/wp-json\/wp\/v2\/comments?post=4653"}],"version-history":[{"count":1,"href":"https:\/\/www.rochelets.com\/de\/wp-json\/wp\/v2\/pages\/4653\/revisions"}],"predecessor-version":[{"id":4655,"href":"https:\/\/www.rochelets.com\/de\/wp-json\/wp\/v2\/pages\/4653\/revisions\/4655"}],"wp:attachment":[{"href":"https:\/\/www.rochelets.com\/de\/wp-json\/wp\/v2\/media?parent=4653"}],"curies":[{"name":"wp","href":"https:\/\/api.w.org\/{rel}","templated":true}]}}