{"id":4473,"date":"2026-01-21T11:21:22","date_gmt":"2026-01-21T10:21:22","guid":{"rendered":"https:\/\/rochelets.plune.fr\/innenpool\/"},"modified":"2026-03-02T15:33:50","modified_gmt":"2026-03-02T14:33:50","slug":"innenpool","status":"publish","type":"page","link":"https:\/\/www.rochelets.com\/de\/innenpool\/","title":{"rendered":"Hallenbad"},"content":{"rendered":"\n<div class=\"wp-block-cover alignfull hrz-hero\" style=\"margin-top:0;margin-bottom:0;padding-top:0;padding-right:0;padding-bottom:0;padding-left:0\"><img alt=\"\" decoding=\"async\" class=\"wp-block-cover__image-background wp-image-170 size-full\" alt=\"\" src=\"https:\/\/www.rochelets.com\/wp-content\/uploads\/2025\/12\/wave-white-short.svg\" style=\"object-position:50% 0%\" data-object-fit=\"cover\" data-object-position=\"50% 0%\"\/><span aria-hidden=\"true\" class=\"wp-block-cover__background has-transparent-background-color has-background-dim-100 has-background-dim\"><\/span><div class=\"wp-block-cover__inner-container is-layout-flow wp-container-core-cover-is-layout-2a668712 wp-block-cover-is-layout-flow\">\n<div class=\"wp-block-cover\" style=\"padding-top:35vh;padding-right:var(--wp--preset--spacing--xs);padding-bottom:35vh;padding-left:var(--wp--preset--spacing--xs)\"><img alt=\"Piscine int\u00e9rieure moderne avec jacuzzi et personnes d\u00e9tendues.\" decoding=\"async\" width=\"1024\" height=\"611\" class=\"wp-block-cover__image-background wp-image-358 size-large\" alt=\"\" src=\"https:\/\/www.rochelets.com\/wp-content\/uploads\/2026\/01\/rochelets-2024-053-1024x611.webp\" style=\"object-position:52% 100%\" data-object-fit=\"cover\" data-object-position=\"52% 100%\" srcset=\"https:\/\/www.rochelets.com\/wp-content\/uploads\/2026\/01\/rochelets-2024-053-1024x611.webp 1024w, https:\/\/www.rochelets.com\/wp-content\/uploads\/2026\/01\/rochelets-2024-053-300x179.webp 300w, https:\/\/www.rochelets.com\/wp-content\/uploads\/2026\/01\/rochelets-2024-053-768x458.webp 768w\" sizes=\"(max-width: 1024px) 100vw, 1024px\" \/><span aria-hidden=\"true\" class=\"wp-block-cover__background has-background-dim-40 has-background-dim wp-block-cover__gradient-background has-background-gradient\" style=\"background:linear-gradient(0deg,rgba(255,255,255,0) 0%,rgb(0,0,0) 100%)\"><\/span><div class=\"wp-block-cover__inner-container is-layout-flow wp-block-cover-is-layout-flow\">\n<div class=\"wp-block-group has-global-padding is-layout-constrained wp-block-group-is-layout-constrained\" style=\"padding-bottom:var(--wp--preset--spacing--xl)\">\n<p class=\"has-text-align-center is-style-top-title has-background-color has-text-color has-link-color has-secondary-font-family has-l-font-size wp-elements-b82fc4f53489165160732dfb6d4da586\">Das Hallenbad<\/p>\n<\/div>\n<\/div><\/div>\n<\/div><\/div>\n<div style=\"padding-left:var(--wp--preset--spacing--s);padding-top:var(--wp--preset--spacing--s);padding-bottom:var(--wp--preset--spacing--s);margin-top:-5px;\" class=\"alignfull wp-elements-8f51c863825ae36974923736c1beb9cd wp-block-wpseopress-breadcrumbs has-text-color has-secondary-color has-background has-background-background-color\"><nav  aria-label=\"Brotkrumen\"><ol class=\"breadcrumb\" itemscope itemtype=\"https:\/\/schema.org\/BreadcrumbList\"><li class=\"breadcrumb-item active\" aria-current=\"page\" itemprop=\"itemListElement\" itemscope itemtype=\"https:\/\/schema.org\/ListItem\"><span itemprop=\"name\">Camping \u00e0 Saint-Brevin-les-Pins<\/span><meta itemprop=\"position\" content=\"1\"><\/li><\/ol><\/nav><\/div>\n<div style=\"height:200px\" aria-hidden=\"true\" class=\"wp-block-spacer\"><\/div>\n\n<div class=\"wp-block-group alignfull has-global-padding is-layout-constrained wp-container-core-group-is-layout-838c3748 wp-block-group-is-layout-constrained\" style=\"padding-right:var(--wp--preset--spacing--xs);padding-left:var(--wp--preset--spacing--xs)\">\n<div class=\"wp-block-columns alignwide fade is-layout-flex wp-container-core-columns-is-layout-e0b60340 wp-block-columns-is-layout-flex\">\n<div class=\"wp-block-column is-layout-flow wp-block-column-is-layout-flow\" style=\"flex-basis:43%\">\n<div class=\"wp-block-horizon-blocks-image-bubble position-bottom-left\">\n<div class=\"wp-block-group block-image-bubble is-layout-flow wp-block-group-is-layout-flow\">\n<figure class=\"wp-block-image size-1\/1_600x600_desktop block-image-bubble__image\"><a href=\"https:\/\/www.rochelets.com\/wp-content\/uploads\/2026\/01\/rochelets-2024-013-scaled.webp\" rel=\"block-1\"><img alt=\"Cours d&#039;aquagym dans une piscine int\u00e9rieure.\" decoding=\"async\" width=\"600\" height=\"600\" src=\"https:\/\/www.rochelets.com\/wp-content\/uploads\/2026\/01\/rochelets-2024-013-600x600.webp\" alt=\"\" class=\"wp-image-359\" srcset=\"https:\/\/www.rochelets.com\/wp-content\/uploads\/2026\/01\/rochelets-2024-013-600x600.webp 600w, https:\/\/www.rochelets.com\/wp-content\/uploads\/2026\/01\/rochelets-2024-013-150x150.webp 150w, https:\/\/www.rochelets.com\/wp-content\/uploads\/2026\/01\/rochelets-2024-013-207x207.webp 207w, https:\/\/www.rochelets.com\/wp-content\/uploads\/2026\/01\/rochelets-2024-013-350x350.webp 350w, https:\/\/www.rochelets.com\/wp-content\/uploads\/2026\/01\/rochelets-2024-013-100x100.webp 100w, https:\/\/www.rochelets.com\/wp-content\/uploads\/2026\/01\/rochelets-2024-013-1000x1000.webp 1000w, https:\/\/www.rochelets.com\/wp-content\/uploads\/2026\/01\/rochelets-2024-013-400x400.webp 400w, https:\/\/www.rochelets.com\/wp-content\/uploads\/2026\/01\/rochelets-2024-013-200x200.webp 200w\" sizes=\"(max-width: 600px) 100vw, 600px\" \/><\/a><\/figure>\n\n\n\n<div class=\"wp-block-group block-image-bubble__bubble has-global-padding is-layout-constrained wp-block-group-is-layout-constrained\">\n<figure class=\"wp-block-image size-bubble block-image-bubble__bubble-image\"><a href=\"https:\/\/www.rochelets.com\/wp-content\/uploads\/2025\/12\/rochelets-2024-026.webp\" rel=\"block-1\"><img alt=\"Entr\u00e9e de b\u00e2timent moderne avec statue de pierre.\" decoding=\"async\" width=\"207\" height=\"207\" src=\"https:\/\/www.rochelets.com\/wp-content\/uploads\/2025\/12\/rochelets-2024-026-207x207.webp\" alt=\"\" class=\"wp-image-198\" srcset=\"https:\/\/www.rochelets.com\/wp-content\/uploads\/2025\/12\/rochelets-2024-026-207x207.webp 207w, https:\/\/www.rochelets.com\/wp-content\/uploads\/2025\/12\/rochelets-2024-026-350x350.webp 350w, https:\/\/www.rochelets.com\/wp-content\/uploads\/2025\/12\/rochelets-2024-026-100x100.webp 100w, https:\/\/www.rochelets.com\/wp-content\/uploads\/2025\/12\/rochelets-2024-026-150x150.webp 150w, https:\/\/www.rochelets.com\/wp-content\/uploads\/2025\/12\/rochelets-2024-026-1000x1000.webp 1000w, https:\/\/www.rochelets.com\/wp-content\/uploads\/2025\/12\/rochelets-2024-026-600x600.webp 600w, https:\/\/www.rochelets.com\/wp-content\/uploads\/2025\/12\/rochelets-2024-026-400x400.webp 400w, https:\/\/www.rochelets.com\/wp-content\/uploads\/2025\/12\/rochelets-2024-026-200x200.webp 200w\" sizes=\"(max-width: 207px) 100vw, 207px\" \/><\/a><\/figure>\n<\/div>\n<\/div>\n<\/div>\n<\/div>\n\n\n\n<div class=\"wp-block-column is-vertically-aligned-bottom is-layout-flow wp-block-column-is-layout-flow\" style=\"flex-basis:55%\">\n<div class=\"wp-block-group has-global-padding is-layout-constrained wp-container-core-group-is-layout-9c8dac04 wp-block-group-is-layout-constrained\">\n<div class=\"wp-block-group has-global-padding is-layout-constrained wp-container-core-group-is-layout-38e7494a wp-block-group-is-layout-constrained\">\n<p class=\"is-style-headline is-style-headline--1\">Hallenbad<\/p>\n\n\n\n<h1 class=\"wp-block-heading has-text-align-left is-style-title-below is-style-title-below--2\">Campingplatz mit Hallenbad in Saint-Br\u00e9vin<\/h1>\n<\/div>\n\n\n\n<div class=\"wp-block-group has-global-padding is-layout-constrained wp-block-group-is-layout-constrained\">\n<p><strong>Entdecken Sie unser sch\u00f6nes Hallenbad, das vom 15. M\u00e4rz bis November ge\u00f6ffnet ist.<\/strong><\/p>\n\n\n\n<p>Ein \u00fcberdachtes Wasserparadies f\u00fcr Gro\u00df und Klein.<\/p>\n\n\n\n<p>Dieser \u00fcberdachte Bereich wird Ihren Kindern <strong>mit<\/strong> seinem spielerischen Planschbecken gefallen und f\u00fcr die Gro\u00dfen gibt es ein Sprudelbad und ein Schwimmbecken zum Faulenzen. <\/p>\n\n\n\n<p>Und das Beste ist, dass eine <strong>Sonnenterrasse<\/strong> in der Saison Sie dazu einl\u00e4dt, sich in der Sonne auf unseren Liegest\u00fchlen zu entspannen und ein Getr\u00e4nk im Herzen unseres Campingplatzes zu schl\u00fcrfen. <strong><a href=\"https:\/\/www.rochelets.com\/de\/\" data-type=\"page\" data-id=\"4\">Campingplatzes in Saint-Brevin<\/a><\/strong>.<\/p>\n\n\n\n<p>Der Pool wird nicht \u00fcberwacht. Minderj\u00e4hrige bleiben unter der Verantwortung ihrer Eltern. <\/p>\n<\/div>\n<\/div>\n<\/div>\n<\/div>\n<\/div>\n\n<div style=\"height:280px\" aria-hidden=\"true\" class=\"wp-block-spacer\"><\/div>\n\n<div class=\"wp-block-group alignfull has-global-padding is-layout-constrained wp-container-core-group-is-layout-1e77583b wp-block-group-is-layout-constrained\" style=\"padding-right:var(--wp--preset--spacing--xs);padding-left:var(--wp--preset--spacing--xs)\">\n<div class=\"wp-block-group alignwide hrz-galerie-2 swiper is-layout-flow wp-block-group-is-layout-flow\" style=\"padding-top:var(--wp--preset--spacing--xs);padding-right:var(--wp--preset--spacing--xs);padding-bottom:var(--wp--preset--spacing--xs);padding-left:var(--wp--preset--spacing--xs)\">\n<div class=\"wp-block-group alignwide swiper-wrapper is-layout-flow wp-block-group-is-layout-flow\">\n<figure class=\"wp-block-image size-large swiper-slide\"><a href=\"https:\/\/www.rochelets.com\/wp-content\/uploads\/2026\/01\/rochelets-2024-053-scaled.webp\" rel=\"mosaique\"><img alt=\"Piscine int\u00e9rieure moderne avec jacuzzi et personnes d\u00e9tendues.\" decoding=\"async\" width=\"1024\" height=\"611\" src=\"https:\/\/www.rochelets.com\/wp-content\/uploads\/2026\/01\/rochelets-2024-053-1024x611.webp\" alt=\"\" class=\"wp-image-358\" style=\"aspect-ratio:16\/9;object-fit:cover\" srcset=\"https:\/\/www.rochelets.com\/wp-content\/uploads\/2026\/01\/rochelets-2024-053-1024x611.webp 1024w, https:\/\/www.rochelets.com\/wp-content\/uploads\/2026\/01\/rochelets-2024-053-300x179.webp 300w, https:\/\/www.rochelets.com\/wp-content\/uploads\/2026\/01\/rochelets-2024-053-768x458.webp 768w\" sizes=\"(max-width: 1024px) 100vw, 1024px\" \/><\/a><\/figure>\n\n\n\n<figure class=\"wp-block-image size-large swiper-slide\"><a href=\"https:\/\/www.rochelets.com\/wp-content\/uploads\/2025\/12\/rochelets-2024-026.webp\" rel=\"hrz-galerie-2\"><img alt=\"Entr\u00e9e de b\u00e2timent moderne avec statue de pierre.\" decoding=\"async\" width=\"1024\" height=\"639\" src=\"https:\/\/www.rochelets.com\/wp-content\/uploads\/2025\/12\/rochelets-2024-026-1024x639.webp\" alt=\"\" class=\"wp-image-198\" style=\"aspect-ratio:3\/4;object-fit:cover\" srcset=\"https:\/\/www.rochelets.com\/wp-content\/uploads\/2025\/12\/rochelets-2024-026-1024x639.webp 1024w, https:\/\/www.rochelets.com\/wp-content\/uploads\/2025\/12\/rochelets-2024-026-300x186.webp 300w, https:\/\/www.rochelets.com\/wp-content\/uploads\/2025\/12\/rochelets-2024-026-768x479.webp 768w, https:\/\/www.rochelets.com\/wp-content\/uploads\/2025\/12\/rochelets-2024-026-215x133.webp 215w, https:\/\/www.rochelets.com\/wp-content\/uploads\/2025\/12\/rochelets-2024-026.webp 1920w\" sizes=\"(max-width: 1024px) 100vw, 1024px\" \/><\/a><\/figure>\n\n\n\n<figure class=\"wp-block-image size-full swiper-slide\"><a href=\"https:\/\/www.rochelets.com\/wp-content\/uploads\/2026\/01\/vue-piscine-couverte.webp\" rel=\"hrz-galerie-2\"><img alt=\"Piscine int\u00e9rieure avec toboggan et d\u00e9corations naturelles.\" decoding=\"async\" width=\"1000\" height=\"750\" src=\"https:\/\/www.rochelets.com\/wp-content\/uploads\/2026\/01\/vue-piscine-couverte.webp\" alt=\"\" class=\"wp-image-461\" style=\"aspect-ratio:4\/3;object-fit:cover\" srcset=\"https:\/\/www.rochelets.com\/wp-content\/uploads\/2026\/01\/vue-piscine-couverte.webp 1000w, https:\/\/www.rochelets.com\/wp-content\/uploads\/2026\/01\/vue-piscine-couverte-300x225.webp 300w, https:\/\/www.rochelets.com\/wp-content\/uploads\/2026\/01\/vue-piscine-couverte-768x576.webp 768w, https:\/\/www.rochelets.com\/wp-content\/uploads\/2026\/01\/vue-piscine-couverte-720x540.webp 720w, https:\/\/www.rochelets.com\/wp-content\/uploads\/2026\/01\/vue-piscine-couverte-320x240.webp 320w, https:\/\/www.rochelets.com\/wp-content\/uploads\/2026\/01\/vue-piscine-couverte-160x120.webp 160w\" sizes=\"(max-width: 1000px) 100vw, 1000px\" \/><\/a><\/figure>\n\n\n\n<figure class=\"wp-block-image size-large swiper-slide\"><a href=\"https:\/\/www.rochelets.com\/wp-content\/uploads\/2026\/01\/rochelets-2024-051-scaled.webp\" rel=\"hrz-galerie-2\"><img alt=\"Piscine int\u00e9rieure avec bains \u00e0 remous, personnes relaxant.\" decoding=\"async\" width=\"1024\" height=\"631\" src=\"https:\/\/www.rochelets.com\/wp-content\/uploads\/2026\/01\/rochelets-2024-051-1024x631.webp\" alt=\"\" class=\"wp-image-355\" style=\"aspect-ratio:4\/3;object-fit:cover\" srcset=\"https:\/\/www.rochelets.com\/wp-content\/uploads\/2026\/01\/rochelets-2024-051-1024x631.webp 1024w, https:\/\/www.rochelets.com\/wp-content\/uploads\/2026\/01\/rochelets-2024-051-300x186.webp 300w, https:\/\/www.rochelets.com\/wp-content\/uploads\/2026\/01\/rochelets-2024-051-768x473.webp 768w, https:\/\/www.rochelets.com\/wp-content\/uploads\/2026\/01\/rochelets-2024-051-215x133.webp 215w\" sizes=\"(max-width: 1024px) 100vw, 1024px\" \/><\/a><\/figure>\n\n\n\n<figure class=\"wp-block-image size-large swiper-slide\"><a href=\"https:\/\/www.rochelets.com\/wp-content\/uploads\/2026\/01\/rochelets-2024-013-scaled.webp\" rel=\"mosaique\"><img alt=\"Cours d&#039;aquagym dans une piscine int\u00e9rieure.\" decoding=\"async\" width=\"1024\" height=\"646\" src=\"https:\/\/www.rochelets.com\/wp-content\/uploads\/2026\/01\/rochelets-2024-013-1024x646.webp\" alt=\"\" class=\"wp-image-359\" style=\"aspect-ratio:3\/4;object-fit:cover\" srcset=\"https:\/\/www.rochelets.com\/wp-content\/uploads\/2026\/01\/rochelets-2024-013-1024x646.webp 1024w, https:\/\/www.rochelets.com\/wp-content\/uploads\/2026\/01\/rochelets-2024-013-300x189.webp 300w, https:\/\/www.rochelets.com\/wp-content\/uploads\/2026\/01\/rochelets-2024-013-768x484.webp 768w\" sizes=\"(max-width: 1024px) 100vw, 1024px\" \/><\/a><\/figure>\n\n\n\n<figure class=\"wp-block-image size-large swiper-slide\"><a href=\"https:\/\/www.rochelets.com\/wp-content\/uploads\/2026\/01\/rochelets-2024-052-scaled.webp\" rel=\"mosaique\"><img alt=\"Piscine int\u00e9rieure avec baigneurs relaxant.\" decoding=\"async\" width=\"1024\" height=\"615\" src=\"https:\/\/www.rochelets.com\/wp-content\/uploads\/2026\/01\/rochelets-2024-052-1024x615.webp\" alt=\"\" class=\"wp-image-357\" style=\"aspect-ratio:3\/2;object-fit:cover\" srcset=\"https:\/\/www.rochelets.com\/wp-content\/uploads\/2026\/01\/rochelets-2024-052-1024x615.webp 1024w, https:\/\/www.rochelets.com\/wp-content\/uploads\/2026\/01\/rochelets-2024-052-300x180.webp 300w, https:\/\/www.rochelets.com\/wp-content\/uploads\/2026\/01\/rochelets-2024-052-768x461.webp 768w\" sizes=\"(max-width: 1024px) 100vw, 1024px\" \/><\/a><\/figure>\n\n\n\n<figure class=\"wp-block-image size-full swiper-slide\"><a href=\"https:\/\/www.rochelets.com\/wp-content\/uploads\/2026\/01\/espace-enfants.webp\" rel=\"mosaique\"><img alt=\"\" decoding=\"async\" width=\"1000\" height=\"667\" src=\"https:\/\/www.rochelets.com\/wp-content\/uploads\/2026\/01\/espace-enfants.webp\" alt=\"\" class=\"wp-image-465\" style=\"aspect-ratio:3\/4;object-fit:cover\" srcset=\"https:\/\/www.rochelets.com\/wp-content\/uploads\/2026\/01\/espace-enfants.webp 1000w, https:\/\/www.rochelets.com\/wp-content\/uploads\/2026\/01\/espace-enfants-300x200.webp 300w, https:\/\/www.rochelets.com\/wp-content\/uploads\/2026\/01\/espace-enfants-768x512.webp 768w, https:\/\/www.rochelets.com\/wp-content\/uploads\/2026\/01\/espace-enfants-720x480.webp 720w, https:\/\/www.rochelets.com\/wp-content\/uploads\/2026\/01\/espace-enfants-480x320.webp 480w, https:\/\/www.rochelets.com\/wp-content\/uploads\/2026\/01\/espace-enfants-240x160.webp 240w, https:\/\/www.rochelets.com\/wp-content\/uploads\/2026\/01\/espace-enfants-120x80.webp 120w\" sizes=\"(max-width: 1000px) 100vw, 1000px\" \/><\/a><\/figure>\n<\/div>\n\n\n\n<div class=\"wp-block-group is-relative is-content-justification-left is-nowrap is-layout-flex wp-container-core-group-is-layout-03554c85 wp-block-group-is-layout-flex\" style=\"padding-top:var(--wp--preset--spacing--m);padding-left:0\">\n<div class=\"wp-block-group hrz-galerie-2-pagination hrz-slider-dots has-global-padding is-content-justification-center is-layout-constrained wp-block-group-is-layout-constrained\" style=\"border-radius:8px\"><\/div>\n<\/div>\n<\/div>\n\n\n\n<div style=\"height:var(--wp--preset--spacing--xxxxl)\" aria-hidden=\"true\" class=\"wp-block-spacer\"><\/div>\n<\/div>\n","protected":false},"excerpt":{"rendered":"<p>Hallenbad Campingplatz mit Hallenbad in Saint-Br\u00e9vin Entdecken Sie unser sch\u00f6nes Hallenbad, das vom 15. M\u00e4rz bis November ge\u00f6ffnet ist. Ein \u00fcberdachtes Wasserparadies f\u00fcr Gro\u00df und Klein. Dieser \u00fcberdachte Bereich wird Ihren Kindern mit seinem spielerischen Planschbecken gefallen und f\u00fcr die Gro\u00dfen gibt es ein Sprudelbad und ein Schwimmbecken zum Faulenzen. Und das Beste ist, dass [&hellip;]<\/p>\n","protected":false},"author":1,"featured_media":0,"parent":0,"menu_order":2,"comment_status":"closed","ping_status":"closed","template":"page-no-title","meta":{"_acf_changed":false,"_seopress_robots_primary_cat":"","_seopress_titles_title":"Campingplatz mit Hallenbad in Saint-Brevin-les-Pins in der Region Loire-Atlantique","_seopress_titles_desc":"Verbringen Sie einen unvergesslichen Urlaub in Saint-Brevin-les-Pins! Unser Campingplatz mit beheiztem Hallenbad erwartet Sie mit Wassersportaktivit\u00e4ten. ","_seopress_robots_index":"","footnotes":""},"class_list":["post-4473","page","type-page","status-publish","hentry"],"acf":[],"_links":{"self":[{"href":"https:\/\/www.rochelets.com\/de\/wp-json\/wp\/v2\/pages\/4473","targetHints":{"allow":["GET"]}}],"collection":[{"href":"https:\/\/www.rochelets.com\/de\/wp-json\/wp\/v2\/pages"}],"about":[{"href":"https:\/\/www.rochelets.com\/de\/wp-json\/wp\/v2\/types\/page"}],"author":[{"embeddable":true,"href":"https:\/\/www.rochelets.com\/de\/wp-json\/wp\/v2\/users\/1"}],"replies":[{"embeddable":true,"href":"https:\/\/www.rochelets.com\/de\/wp-json\/wp\/v2\/comments?post=4473"}],"version-history":[{"count":4,"href":"https:\/\/www.rochelets.com\/de\/wp-json\/wp\/v2\/pages\/4473\/revisions"}],"predecessor-version":[{"id":7026,"href":"https:\/\/www.rochelets.com\/de\/wp-json\/wp\/v2\/pages\/4473\/revisions\/7026"}],"wp:attachment":[{"href":"https:\/\/www.rochelets.com\/de\/wp-json\/wp\/v2\/media?parent=4473"}],"curies":[{"name":"wp","href":"https:\/\/api.w.org\/{rel}","templated":true}]}}